{"id":1005,"date":"2023-08-05T17:42:22","date_gmt":"2023-08-05T17:42:22","guid":{"rendered":"https:\/\/actchargers.wpengine.com\/loesungen\/"},"modified":"2023-09-22T16:10:45","modified_gmt":"2023-09-22T16:10:45","slug":"loesungen","status":"publish","type":"page","link":"https:\/\/act-chargers.com\/de\/loesungen\/","title":{"rendered":"L\u00f6sungen"},"content":{"rendered":"","protected":false},"excerpt":{"rendered":"","protected":false},"author":1,"featured_media":0,"parent":0,"menu_order":0,"comment_status":"closed","ping_status":"closed","template":"","meta":{"footnotes":""},"class_list":["post-1005","page","type-page","status-publish","hentry"],"acf":[],"yoast_head":"<!-- This site is optimized with the Yoast SEO plugin v26.6 - https:\/\/yoast.com\/wordpress\/plugins\/seo\/ -->\n<title>Entfesselnde L\u00f6sungen -<\/title>\n<meta name=\"description\" content=\"Entdecken Sie die datengesteuerten L\u00f6sungen von ACT f\u00fcr Ihren Triebfahrzeugpark. Mit unserer vollst\u00e4ndig integrierten, intelligenten Lade- und \u00dcberwachungsplattform f\u00fcr Industriebatterien helfen wir Ihnen, die cloudbasierte Steuerung zu nutzen, den Wert Ihrer Anlagen zu maximieren und neue M\u00f6glichkeiten zur Energieeinsparung zu erschlie\u00dfen. Steigern Sie Ihre Produktivit\u00e4t, senken Sie Ihre Kosten und reduzieren Sie Ihre Emissionen mit ACT.\" \/>\n<meta name=\"robots\" content=\"index, follow, max-snippet:-1, max-image-preview:large, max-video-preview:-1\" \/>\n<link rel=\"canonical\" href=\"https:\/\/act-chargers.com\/de\/loesungen\/\" \/>\n<meta property=\"og:locale\" content=\"de_DE\" \/>\n<meta property=\"og:type\" content=\"article\" \/>\n<meta property=\"og:title\" content=\"Entfesselnde L\u00f6sungen -\" \/>\n<meta property=\"og:description\" content=\"Entdecken Sie die datengesteuerten L\u00f6sungen von ACT f\u00fcr Ihren Triebfahrzeugpark. Mit unserer vollst\u00e4ndig integrierten, intelligenten Lade- und \u00dcberwachungsplattform f\u00fcr Industriebatterien helfen wir Ihnen, die cloudbasierte Steuerung zu nutzen, den Wert Ihrer Anlagen zu maximieren und neue M\u00f6glichkeiten zur Energieeinsparung zu erschlie\u00dfen. Steigern Sie Ihre Produktivit\u00e4t, senken Sie Ihre Kosten und reduzieren Sie Ihre Emissionen mit ACT.\" \/>\n<meta property=\"og:url\" content=\"https:\/\/act-chargers.com\/de\/loesungen\/\" \/>\n<meta property=\"og:site_name\" content=\"ACT Advanced Charging\u00a0Technologies\" \/>\n<meta property=\"article:modified_time\" content=\"2023-09-22T16:10:45+00:00\" \/>\n<meta name=\"twitter:card\" content=\"summary_large_image\" \/>\n<script type=\"application\/ld+json\" class=\"yoast-schema-graph\">{\"@context\":\"https:\/\/schema.org\",\"@graph\":[{\"@type\":\"WebPage\",\"@id\":\"https:\/\/act-chargers.com\/de\/loesungen\/\",\"url\":\"https:\/\/act-chargers.com\/de\/loesungen\/\",\"name\":\"Entfesselnde L\u00f6sungen -\",\"isPartOf\":{\"@id\":\"https:\/\/act-chargers.com\/de\/#website\"},\"datePublished\":\"2023-08-05T17:42:22+00:00\",\"dateModified\":\"2023-09-22T16:10:45+00:00\",\"description\":\"Entdecken Sie die datengesteuerten L\u00f6sungen von ACT f\u00fcr Ihren Triebfahrzeugpark. Mit unserer vollst\u00e4ndig integrierten, intelligenten Lade- und \u00dcberwachungsplattform f\u00fcr Industriebatterien helfen wir Ihnen, die cloudbasierte Steuerung zu nutzen, den Wert Ihrer Anlagen zu maximieren und neue M\u00f6glichkeiten zur Energieeinsparung zu erschlie\u00dfen. Steigern Sie Ihre Produktivit\u00e4t, senken Sie Ihre Kosten und reduzieren Sie Ihre Emissionen mit ACT.\",\"breadcrumb\":{\"@id\":\"https:\/\/act-chargers.com\/de\/loesungen\/#breadcrumb\"},\"inLanguage\":\"de-DE\",\"potentialAction\":[{\"@type\":\"ReadAction\",\"target\":[\"https:\/\/act-chargers.com\/de\/loesungen\/\"]}]},{\"@type\":\"BreadcrumbList\",\"@id\":\"https:\/\/act-chargers.com\/de\/loesungen\/#breadcrumb\",\"itemListElement\":[{\"@type\":\"ListItem\",\"position\":1,\"name\":\"Home\",\"item\":\"https:\/\/act-chargers.com\/de\/\"},{\"@type\":\"ListItem\",\"position\":2,\"name\":\"L\u00f6sungen\"}]},{\"@type\":\"WebSite\",\"@id\":\"https:\/\/act-chargers.com\/de\/#website\",\"url\":\"https:\/\/act-chargers.com\/de\/\",\"name\":\"ACT Chargers\",\"description\":\"\",\"publisher\":{\"@id\":\"https:\/\/act-chargers.com\/de\/#organization\"},\"potentialAction\":[{\"@type\":\"SearchAction\",\"target\":{\"@type\":\"EntryPoint\",\"urlTemplate\":\"https:\/\/act-chargers.com\/de\/?s={search_term_string}\"},\"query-input\":{\"@type\":\"PropertyValueSpecification\",\"valueRequired\":true,\"valueName\":\"search_term_string\"}}],\"inLanguage\":\"de-DE\"},{\"@type\":\"Organization\",\"@id\":\"https:\/\/act-chargers.com\/de\/#organization\",\"name\":\"ACT Chargers\",\"url\":\"https:\/\/act-chargers.com\/de\/\",\"logo\":{\"@type\":\"ImageObject\",\"inLanguage\":\"de-DE\",\"@id\":\"https:\/\/act-chargers.com\/de\/#\/schema\/logo\/image\/\",\"url\":\"https:\/\/act-chargers.com\/wp-content\/uploads\/2023\/09\/ACT-Inverse-Horizontal-Logo-on-Dark-Blue-1600x1600-1.png\",\"contentUrl\":\"https:\/\/act-chargers.com\/wp-content\/uploads\/2023\/09\/ACT-Inverse-Horizontal-Logo-on-Dark-Blue-1600x1600-1.png\",\"width\":1600,\"height\":1600,\"caption\":\"ACT Chargers\"},\"image\":{\"@id\":\"https:\/\/act-chargers.com\/de\/#\/schema\/logo\/image\/\"}}]}<\/script>\n<!-- \/ Yoast SEO plugin. -->","yoast_head_json":{"title":"Entfesselnde L\u00f6sungen -","description":"Entdecken Sie die datengesteuerten L\u00f6sungen von ACT f\u00fcr Ihren Triebfahrzeugpark. Mit unserer vollst\u00e4ndig integrierten, intelligenten Lade- und \u00dcberwachungsplattform f\u00fcr Industriebatterien helfen wir Ihnen, die cloudbasierte Steuerung zu nutzen, den Wert Ihrer Anlagen zu maximieren und neue M\u00f6glichkeiten zur Energieeinsparung zu erschlie\u00dfen. Steigern Sie Ihre Produktivit\u00e4t, senken Sie Ihre Kosten und reduzieren Sie Ihre Emissionen mit ACT.","robots":{"index":"index","follow":"follow","max-snippet":"max-snippet:-1","max-image-preview":"max-image-preview:large","max-video-preview":"max-video-preview:-1"},"canonical":"https:\/\/act-chargers.com\/de\/loesungen\/","og_locale":"de_DE","og_type":"article","og_title":"Entfesselnde L\u00f6sungen -","og_description":"Entdecken Sie die datengesteuerten L\u00f6sungen von ACT f\u00fcr Ihren Triebfahrzeugpark. Mit unserer vollst\u00e4ndig integrierten, intelligenten Lade- und \u00dcberwachungsplattform f\u00fcr Industriebatterien helfen wir Ihnen, die cloudbasierte Steuerung zu nutzen, den Wert Ihrer Anlagen zu maximieren und neue M\u00f6glichkeiten zur Energieeinsparung zu erschlie\u00dfen. Steigern Sie Ihre Produktivit\u00e4t, senken Sie Ihre Kosten und reduzieren Sie Ihre Emissionen mit ACT.","og_url":"https:\/\/act-chargers.com\/de\/loesungen\/","og_site_name":"ACT Advanced Charging\u00a0Technologies","article_modified_time":"2023-09-22T16:10:45+00:00","twitter_card":"summary_large_image","schema":{"@context":"https:\/\/schema.org","@graph":[{"@type":"WebPage","@id":"https:\/\/act-chargers.com\/de\/loesungen\/","url":"https:\/\/act-chargers.com\/de\/loesungen\/","name":"Entfesselnde L\u00f6sungen -","isPartOf":{"@id":"https:\/\/act-chargers.com\/de\/#website"},"datePublished":"2023-08-05T17:42:22+00:00","dateModified":"2023-09-22T16:10:45+00:00","description":"Entdecken Sie die datengesteuerten L\u00f6sungen von ACT f\u00fcr Ihren Triebfahrzeugpark. Mit unserer vollst\u00e4ndig integrierten, intelligenten Lade- und \u00dcberwachungsplattform f\u00fcr Industriebatterien helfen wir Ihnen, die cloudbasierte Steuerung zu nutzen, den Wert Ihrer Anlagen zu maximieren und neue M\u00f6glichkeiten zur Energieeinsparung zu erschlie\u00dfen. Steigern Sie Ihre Produktivit\u00e4t, senken Sie Ihre Kosten und reduzieren Sie Ihre Emissionen mit ACT.","breadcrumb":{"@id":"https:\/\/act-chargers.com\/de\/loesungen\/#breadcrumb"},"inLanguage":"de-DE","potentialAction":[{"@type":"ReadAction","target":["https:\/\/act-chargers.com\/de\/loesungen\/"]}]},{"@type":"BreadcrumbList","@id":"https:\/\/act-chargers.com\/de\/loesungen\/#breadcrumb","itemListElement":[{"@type":"ListItem","position":1,"name":"Home","item":"https:\/\/act-chargers.com\/de\/"},{"@type":"ListItem","position":2,"name":"L\u00f6sungen"}]},{"@type":"WebSite","@id":"https:\/\/act-chargers.com\/de\/#website","url":"https:\/\/act-chargers.com\/de\/","name":"ACT Chargers","description":"","publisher":{"@id":"https:\/\/act-chargers.com\/de\/#organization"},"potentialAction":[{"@type":"SearchAction","target":{"@type":"EntryPoint","urlTemplate":"https:\/\/act-chargers.com\/de\/?s={search_term_string}"},"query-input":{"@type":"PropertyValueSpecification","valueRequired":true,"valueName":"search_term_string"}}],"inLanguage":"de-DE"},{"@type":"Organization","@id":"https:\/\/act-chargers.com\/de\/#organization","name":"ACT Chargers","url":"https:\/\/act-chargers.com\/de\/","logo":{"@type":"ImageObject","inLanguage":"de-DE","@id":"https:\/\/act-chargers.com\/de\/#\/schema\/logo\/image\/","url":"https:\/\/act-chargers.com\/wp-content\/uploads\/2023\/09\/ACT-Inverse-Horizontal-Logo-on-Dark-Blue-1600x1600-1.png","contentUrl":"https:\/\/act-chargers.com\/wp-content\/uploads\/2023\/09\/ACT-Inverse-Horizontal-Logo-on-Dark-Blue-1600x1600-1.png","width":1600,"height":1600,"caption":"ACT Chargers"},"image":{"@id":"https:\/\/act-chargers.com\/de\/#\/schema\/logo\/image\/"}}]}},"_links":{"self":[{"href":"https:\/\/act-chargers.com\/de\/wp-json\/wp\/v2\/pages\/1005","targetHints":{"allow":["GET"]}}],"collection":[{"href":"https:\/\/act-chargers.com\/de\/wp-json\/wp\/v2\/pages"}],"about":[{"href":"https:\/\/act-chargers.com\/de\/wp-json\/wp\/v2\/types\/page"}],"author":[{"embeddable":true,"href":"https:\/\/act-chargers.com\/de\/wp-json\/wp\/v2\/users\/1"}],"replies":[{"embeddable":true,"href":"https:\/\/act-chargers.com\/de\/wp-json\/wp\/v2\/comments?post=1005"}],"version-history":[{"count":0,"href":"https:\/\/act-chargers.com\/de\/wp-json\/wp\/v2\/pages\/1005\/revisions"}],"wp:attachment":[{"href":"https:\/\/act-chargers.com\/de\/wp-json\/wp\/v2\/media?parent=1005"}],"curies":[{"name":"wp","href":"https:\/\/api.w.org\/{rel}","templated":true}]}}