{"id":1022,"date":"2023-08-10T12:19:17","date_gmt":"2023-08-10T12:19:17","guid":{"rendered":"https:\/\/actchargers.wpengine.com\/mitmachen\/"},"modified":"2023-08-25T10:42:20","modified_gmt":"2023-08-25T10:42:20","slug":"mitmachen","status":"publish","type":"page","link":"https:\/\/act-chargers.com\/de\/mitmachen\/","title":{"rendered":"Mitmachen"},"content":{"rendered":"<p style=\"color: red; font-weight: bold;\">Diese Seite und der Inhalt wurden automatisch f\u00fcr Sie generiert, um Ihnen eine Vorstellung davon zu vermitteln, wie eine &#8222;Join Us&#8220;-Seite aussehen sollte. Sie k\u00f6nnen diese Seite nach Belieben anpassen, indem Sie diese Seite in Ihrem WordPress-Seiteneditor bearbeiten.<\/p>\n<p style=\"font-weight: bold;\">Wenn Sie am Ende die URL dieser Seite \u00e4ndern, m\u00fcssen Sie den URL-Wert im Einstellungsmen\u00fc des Plugins aktualisieren.<\/p>\n<p style=\"border-top: 1px solid #ccc; padding-top: 10px; margin-top: 10px;\">\n<p><strong>Kostenlose Mitgliedschaft<\/strong><\/p>\n<p>Sie erhalten unbegrenzten Zugang zu den Inhalten der kostenlosen Mitgliedschaft<\/p>\n<p><em><strong>Preis: Frei!<\/strong><\/em><\/p>\n<p>Verlinken Sie das folgende Bild, um zur Registrierungsseite zu gelangen, wenn Sie m\u00f6chten, dass Ihre Besucher ein kostenloses Mitgliedskonto erstellen k\u00f6nnen<\/p>\n<p><img loading=\"lazy\" decoding=\"async\" title=\"Jetzt teilnehmen\" src=\"https:\/\/actchargers.wpengine.com\/wp-content\/plugins\/simple-membership\/images\/join-now-button-image.gif\" alt=\"Schaltfl\u00e4che \"Jetzt beitreten\" width=\"277\" height=\"82\"><\/p>\n<p style=\"border-bottom: 1px solid #ccc; padding-bottom: 10px; margin-bottom: 10px;\">\n<p><strong>Sie k\u00f6nnen sich f\u00fcr eine kostenlose Mitgliedschaft anmelden oder f\u00fcr eine der folgenden Mitgliedschaftsoptionen bezahlen<\/strong><\/p>\n<p style=\"border-top: 1px solid #ccc; padding-top: 10px; margin-top: 10px;\">\n<p>[ ==&gt; F\u00fcgen Sie hier den Zahlungsbutton f\u00fcr Ihre kostenpflichtigen Mitgliedschaftsstufen ein &lt;== ]<\/p>\n<p style=\"border-bottom: 1px solid #ccc; padding-bottom: 10px; margin-bottom: 10px;\">\n","protected":false},"excerpt":{"rendered":"<p>Diese Seite und der Inhalt wurden automatisch f\u00fcr Sie generiert, um Ihnen eine Vorstellung davon zu vermitteln, wie eine &#8222;Join Us&#8220;-Seite aussehen sollte. Sie k\u00f6nnen diese Seite nach Belieben anpassen, indem Sie diese Seite in Ihrem WordPress-Seiteneditor bearbeiten. Wenn Sie am Ende die URL dieser Seite \u00e4ndern, m\u00fcssen Sie den URL-Wert im Einstellungsmen\u00fc des Plugins [&hellip;]<\/p>\n","protected":false},"author":1,"featured_media":0,"parent":0,"menu_order":0,"comment_status":"closed","ping_status":"closed","template":"template-pages\/account.php","meta":{"footnotes":""},"class_list":["post-1022","page","type-page","status-publish","hentry"],"acf":[],"yoast_head":"<!-- This site is optimized with the Yoast SEO plugin v26.6 - https:\/\/yoast.com\/wordpress\/plugins\/seo\/ -->\n<title>Mitmachen - ACT Advanced Charging\u00a0Technologies<\/title>\n<meta name=\"robots\" content=\"index, follow, max-snippet:-1, max-image-preview:large, max-video-preview:-1\" \/>\n<link rel=\"canonical\" href=\"https:\/\/act-chargers.com\/de\/mitmachen\/\" \/>\n<meta property=\"og:locale\" content=\"de_DE\" \/>\n<meta property=\"og:type\" content=\"article\" \/>\n<meta property=\"og:title\" content=\"Mitmachen - ACT Advanced Charging\u00a0Technologies\" \/>\n<meta property=\"og:description\" content=\"Diese Seite und der Inhalt wurden automatisch f\u00fcr Sie generiert, um Ihnen eine Vorstellung davon zu vermitteln, wie eine &#8222;Join Us&#8220;-Seite aussehen sollte. Sie k\u00f6nnen diese Seite nach Belieben anpassen, indem Sie diese Seite in Ihrem WordPress-Seiteneditor bearbeiten. Wenn Sie am Ende die URL dieser Seite \u00e4ndern, m\u00fcssen Sie den URL-Wert im Einstellungsmen\u00fc des Plugins [&hellip;]\" \/>\n<meta property=\"og:url\" content=\"https:\/\/act-chargers.com\/de\/mitmachen\/\" \/>\n<meta property=\"og:site_name\" content=\"ACT Advanced Charging\u00a0Technologies\" \/>\n<meta property=\"article:modified_time\" content=\"2023-08-25T10:42:20+00:00\" \/>\n<meta property=\"og:image\" content=\"https:\/\/actchargers.wpengine.com\/wp-content\/plugins\/simple-membership\/images\/join-now-button-image.gif\" \/>\n<meta name=\"twitter:card\" content=\"summary_large_image\" \/>\n<script type=\"application\/ld+json\" class=\"yoast-schema-graph\">{\"@context\":\"https:\/\/schema.org\",\"@graph\":[{\"@type\":\"WebPage\",\"@id\":\"https:\/\/act-chargers.com\/de\/mitmachen\/\",\"url\":\"https:\/\/act-chargers.com\/de\/mitmachen\/\",\"name\":\"Mitmachen - ACT Advanced Charging\u00a0Technologies\",\"isPartOf\":{\"@id\":\"https:\/\/act-chargers.com\/de\/#website\"},\"primaryImageOfPage\":{\"@id\":\"https:\/\/act-chargers.com\/de\/mitmachen\/#primaryimage\"},\"image\":{\"@id\":\"https:\/\/act-chargers.com\/de\/mitmachen\/#primaryimage\"},\"thumbnailUrl\":\"https:\/\/actchargers.wpengine.com\/wp-content\/plugins\/simple-membership\/images\/join-now-button-image.gif\",\"datePublished\":\"2023-08-10T12:19:17+00:00\",\"dateModified\":\"2023-08-25T10:42:20+00:00\",\"breadcrumb\":{\"@id\":\"https:\/\/act-chargers.com\/de\/mitmachen\/#breadcrumb\"},\"inLanguage\":\"de-DE\",\"potentialAction\":[{\"@type\":\"ReadAction\",\"target\":[\"https:\/\/act-chargers.com\/de\/mitmachen\/\"]}]},{\"@type\":\"ImageObject\",\"inLanguage\":\"de-DE\",\"@id\":\"https:\/\/act-chargers.com\/de\/mitmachen\/#primaryimage\",\"url\":\"https:\/\/actchargers.wpengine.com\/wp-content\/plugins\/simple-membership\/images\/join-now-button-image.gif\",\"contentUrl\":\"https:\/\/actchargers.wpengine.com\/wp-content\/plugins\/simple-membership\/images\/join-now-button-image.gif\"},{\"@type\":\"BreadcrumbList\",\"@id\":\"https:\/\/act-chargers.com\/de\/mitmachen\/#breadcrumb\",\"itemListElement\":[{\"@type\":\"ListItem\",\"position\":1,\"name\":\"Home\",\"item\":\"https:\/\/act-chargers.com\/de\/\"},{\"@type\":\"ListItem\",\"position\":2,\"name\":\"Mitmachen\"}]},{\"@type\":\"WebSite\",\"@id\":\"https:\/\/act-chargers.com\/de\/#website\",\"url\":\"https:\/\/act-chargers.com\/de\/\",\"name\":\"ACT Chargers\",\"description\":\"\",\"publisher\":{\"@id\":\"https:\/\/act-chargers.com\/de\/#organization\"},\"potentialAction\":[{\"@type\":\"SearchAction\",\"target\":{\"@type\":\"EntryPoint\",\"urlTemplate\":\"https:\/\/act-chargers.com\/de\/?s={search_term_string}\"},\"query-input\":{\"@type\":\"PropertyValueSpecification\",\"valueRequired\":true,\"valueName\":\"search_term_string\"}}],\"inLanguage\":\"de-DE\"},{\"@type\":\"Organization\",\"@id\":\"https:\/\/act-chargers.com\/de\/#organization\",\"name\":\"ACT Chargers\",\"url\":\"https:\/\/act-chargers.com\/de\/\",\"logo\":{\"@type\":\"ImageObject\",\"inLanguage\":\"de-DE\",\"@id\":\"https:\/\/act-chargers.com\/de\/#\/schema\/logo\/image\/\",\"url\":\"https:\/\/act-chargers.com\/wp-content\/uploads\/2023\/09\/ACT-Inverse-Horizontal-Logo-on-Dark-Blue-1600x1600-1.png\",\"contentUrl\":\"https:\/\/act-chargers.com\/wp-content\/uploads\/2023\/09\/ACT-Inverse-Horizontal-Logo-on-Dark-Blue-1600x1600-1.png\",\"width\":1600,\"height\":1600,\"caption\":\"ACT Chargers\"},\"image\":{\"@id\":\"https:\/\/act-chargers.com\/de\/#\/schema\/logo\/image\/\"}}]}<\/script>\n<!-- \/ Yoast SEO plugin. -->","yoast_head_json":{"title":"Mitmachen - ACT Advanced Charging\u00a0Technologies","robots":{"index":"index","follow":"follow","max-snippet":"max-snippet:-1","max-image-preview":"max-image-preview:large","max-video-preview":"max-video-preview:-1"},"canonical":"https:\/\/act-chargers.com\/de\/mitmachen\/","og_locale":"de_DE","og_type":"article","og_title":"Mitmachen - ACT Advanced Charging\u00a0Technologies","og_description":"Diese Seite und der Inhalt wurden automatisch f\u00fcr Sie generiert, um Ihnen eine Vorstellung davon zu vermitteln, wie eine &#8222;Join Us&#8220;-Seite aussehen sollte. Sie k\u00f6nnen diese Seite nach Belieben anpassen, indem Sie diese Seite in Ihrem WordPress-Seiteneditor bearbeiten. Wenn Sie am Ende die URL dieser Seite \u00e4ndern, m\u00fcssen Sie den URL-Wert im Einstellungsmen\u00fc des Plugins [&hellip;]","og_url":"https:\/\/act-chargers.com\/de\/mitmachen\/","og_site_name":"ACT Advanced Charging\u00a0Technologies","article_modified_time":"2023-08-25T10:42:20+00:00","og_image":[{"url":"https:\/\/actchargers.wpengine.com\/wp-content\/plugins\/simple-membership\/images\/join-now-button-image.gif","type":"","width":"","height":""}],"twitter_card":"summary_large_image","schema":{"@context":"https:\/\/schema.org","@graph":[{"@type":"WebPage","@id":"https:\/\/act-chargers.com\/de\/mitmachen\/","url":"https:\/\/act-chargers.com\/de\/mitmachen\/","name":"Mitmachen - ACT Advanced Charging\u00a0Technologies","isPartOf":{"@id":"https:\/\/act-chargers.com\/de\/#website"},"primaryImageOfPage":{"@id":"https:\/\/act-chargers.com\/de\/mitmachen\/#primaryimage"},"image":{"@id":"https:\/\/act-chargers.com\/de\/mitmachen\/#primaryimage"},"thumbnailUrl":"https:\/\/actchargers.wpengine.com\/wp-content\/plugins\/simple-membership\/images\/join-now-button-image.gif","datePublished":"2023-08-10T12:19:17+00:00","dateModified":"2023-08-25T10:42:20+00:00","breadcrumb":{"@id":"https:\/\/act-chargers.com\/de\/mitmachen\/#breadcrumb"},"inLanguage":"de-DE","potentialAction":[{"@type":"ReadAction","target":["https:\/\/act-chargers.com\/de\/mitmachen\/"]}]},{"@type":"ImageObject","inLanguage":"de-DE","@id":"https:\/\/act-chargers.com\/de\/mitmachen\/#primaryimage","url":"https:\/\/actchargers.wpengine.com\/wp-content\/plugins\/simple-membership\/images\/join-now-button-image.gif","contentUrl":"https:\/\/actchargers.wpengine.com\/wp-content\/plugins\/simple-membership\/images\/join-now-button-image.gif"},{"@type":"BreadcrumbList","@id":"https:\/\/act-chargers.com\/de\/mitmachen\/#breadcrumb","itemListElement":[{"@type":"ListItem","position":1,"name":"Home","item":"https:\/\/act-chargers.com\/de\/"},{"@type":"ListItem","position":2,"name":"Mitmachen"}]},{"@type":"WebSite","@id":"https:\/\/act-chargers.com\/de\/#website","url":"https:\/\/act-chargers.com\/de\/","name":"ACT Chargers","description":"","publisher":{"@id":"https:\/\/act-chargers.com\/de\/#organization"},"potentialAction":[{"@type":"SearchAction","target":{"@type":"EntryPoint","urlTemplate":"https:\/\/act-chargers.com\/de\/?s={search_term_string}"},"query-input":{"@type":"PropertyValueSpecification","valueRequired":true,"valueName":"search_term_string"}}],"inLanguage":"de-DE"},{"@type":"Organization","@id":"https:\/\/act-chargers.com\/de\/#organization","name":"ACT Chargers","url":"https:\/\/act-chargers.com\/de\/","logo":{"@type":"ImageObject","inLanguage":"de-DE","@id":"https:\/\/act-chargers.com\/de\/#\/schema\/logo\/image\/","url":"https:\/\/act-chargers.com\/wp-content\/uploads\/2023\/09\/ACT-Inverse-Horizontal-Logo-on-Dark-Blue-1600x1600-1.png","contentUrl":"https:\/\/act-chargers.com\/wp-content\/uploads\/2023\/09\/ACT-Inverse-Horizontal-Logo-on-Dark-Blue-1600x1600-1.png","width":1600,"height":1600,"caption":"ACT Chargers"},"image":{"@id":"https:\/\/act-chargers.com\/de\/#\/schema\/logo\/image\/"}}]}},"_links":{"self":[{"href":"https:\/\/act-chargers.com\/de\/wp-json\/wp\/v2\/pages\/1022","targetHints":{"allow":["GET"]}}],"collection":[{"href":"https:\/\/act-chargers.com\/de\/wp-json\/wp\/v2\/pages"}],"about":[{"href":"https:\/\/act-chargers.com\/de\/wp-json\/wp\/v2\/types\/page"}],"author":[{"embeddable":true,"href":"https:\/\/act-chargers.com\/de\/wp-json\/wp\/v2\/users\/1"}],"replies":[{"embeddable":true,"href":"https:\/\/act-chargers.com\/de\/wp-json\/wp\/v2\/comments?post=1022"}],"version-history":[{"count":0,"href":"https:\/\/act-chargers.com\/de\/wp-json\/wp\/v2\/pages\/1022\/revisions"}],"wp:attachment":[{"href":"https:\/\/act-chargers.com\/de\/wp-json\/wp\/v2\/media?parent=1022"}],"curies":[{"name":"wp","href":"https:\/\/api.w.org\/{rel}","templated":true}]}}