{"id":985,"date":"2023-08-05T17:41:40","date_gmt":"2023-08-05T17:41:40","guid":{"rendered":"https:\/\/actchargers.wpengine.com\/haendler-portal\/"},"modified":"2023-09-28T06:55:48","modified_gmt":"2023-09-28T06:55:48","slug":"haendler-portal","status":"publish","type":"page","link":"https:\/\/act-chargers.com\/de\/haendler-portal\/","title":{"rendered":"H\u00e4ndler-Portal"},"content":{"rendered":"\n<h2 class=\"wp-block-heading\"><strong>Dieser Inhalt ist nur f\u00fcr ACT-H\u00e4ndler bestimmt.<\/strong><\/h2>\n\n<div style=\"height:50px\" aria-hidden=\"true\" class=\"wp-block-spacer\"><\/div>\n\n<p>Bestehende Kontoinhaber melden sich bitte unten an.<br\/><\/p>\n\n<div style=\"height:50px\" aria-hidden=\"true\" class=\"wp-block-spacer\"><\/div>\n\n<p>Um ein Konto anzufordern, wenden Sie sich bitte \u00fcber das <a href=\"https:\/\/act-chargers.com\/de\/actview-anmeldung\/\">Formular<\/a> oder telefonisch unter <a href=\"tel:8772285922\">877-228-5922<\/a> an den Vertrieb.<\/p>\n\n<div style=\"height:50px\" aria-hidden=\"true\" class=\"wp-block-spacer\"><\/div>\n\n<p><\/p>\n<div class=\"swpm-login-widget-form\">\n    <form id=\"swpm-login-form\" name=\"swpm-login-form\" method=\"post\" action=\"\">\n        <input type=\"hidden\" name=\"swpm_login_origination_flag\" value=\"1\" \/>\n        <div class=\"swpm-login-form-inner\">\n            <div class=\"swpm-username-label\">\n                <label for=\"swpm_user_name\" class=\"swpm-label\">Benutzername oder E-Mail-Adresse<\/label>\n            <\/div>\n            <div class=\"swpm-username-input\">\n                <input type=\"text\" class=\"swpm-text-field swpm-username-field\" id=\"swpm_user_name\" value=\"\" size=\"25\" name=\"swpm_user_name\" \/>\n            <\/div>\n            <div class=\"swpm-password-label\">\n                <label for=\"swpm_password\" class=\"swpm-label\">Passwort<\/label>\n            <\/div>\n            <div class=\"swpm-password-input\">                \n                <input type=\"password\" class=\"swpm-text-field swpm-password-field\" id=\"swpm_password\" value=\"\" size=\"25\" name=\"swpm_password\" \/>                \n            <\/div>\n                        <div class=\"swpm-remember-me\">\n                <span class=\"swpm-remember-checkbox\"><input type=\"checkbox\" name=\"rememberme\" id=\"swpm-rememberme\"><\/span>\n                <label for=\"swpm-rememberme\" class=\"swpm-rememberme-label\">\n                    <span class=\"swpm-rember-label\"> Angemeldet bleiben<\/span>\n                <\/label>\n            <\/div>\n\n            <div class=\"swpm-before-login-submit-section\"><div class=\"swpm-recaptcha-section\" style=\"margin-bottom: 15px;\"><style type=\"text\/css\">@media screen and (max-width: 375px) {\n            .swpm_g_captcha{transform:scale(0.77);transform-origin:0;-webkit-transform:scale(0.77);-webkit-transform-origin:0 0;}\n        }<\/style><script src=\"https:\/\/www.google.com\/recaptcha\/api.js\" async defer><\/script><div class=\"swpm_g_captcha\"><div class=\"g-recaptcha\" data-sitekey=\"6Lc1hGEpAAAAAJo0vvKl-Gh2yWELMf2Q_a2af4BG\" data-theme=\"light\" data-size=\"normal\"><\/div><\/div><\/div><\/div>\n\n            <div class=\"swpm-login-submit\">\n                <input type=\"submit\" class=\"swpm-login-form-submit\" name=\"swpm-login\" value=\"Anmelden\"\/>\n            <\/div>\n            <div class=\"swpm-forgot-pass-link\">\n                <a id=\"forgot_pass\" class=\"swpm-login-form-pw-reset-link\"  href=\"https:\/\/act-chargers.com\/membership-login\/password-reset\/\">Haben Sie Ihr Passwort vergessen?<\/a>\n            <\/div>\n                        <div class=\"swpm-join-us-link\">\n                <a id=\"register\" class=\"swpm-login-form-register-link\" href=\"https:\/\/act-chargers.com\/membership-join\/\">Werden Sie Mitglied bei uns<\/a>\n            <\/div>\n                        <div class=\"swpm-login-action-msg\">\n                <span class=\"swpm-login-widget-action-msg\"><\/span>\n            <\/div>\n        <\/div>\n    <\/form>\n\n    <\/div>\n\n","protected":false},"excerpt":{"rendered":"<p>Dieser Inhalt ist nur f\u00fcr ACT-H\u00e4ndler bestimmt. Bestehende Kontoinhaber melden sich bitte unten an. Um ein Konto anzufordern, wenden Sie sich bitte \u00fcber das Formular oder telefonisch unter 877-228-5922 an den Vertrieb.<\/p>\n","protected":false},"author":1,"featured_media":0,"parent":0,"menu_order":0,"comment_status":"closed","ping_status":"closed","template":"","meta":{"footnotes":""},"class_list":["post-985","page","type-page","status-publish","hentry"],"acf":[],"yoast_head":"<!-- This site is optimized with the Yoast SEO plugin v26.6 - https:\/\/yoast.com\/wordpress\/plugins\/seo\/ -->\n<title>H\u00e4ndler-Portal - ACT Advanced Charging\u00a0Technologies<\/title>\n<meta name=\"robots\" content=\"index, follow, max-snippet:-1, max-image-preview:large, max-video-preview:-1\" \/>\n<link rel=\"canonical\" href=\"https:\/\/act-chargers.com\/de\/haendler-portal\/\" \/>\n<meta property=\"og:locale\" content=\"de_DE\" \/>\n<meta property=\"og:type\" content=\"article\" \/>\n<meta property=\"og:title\" content=\"H\u00e4ndler-Portal - ACT Advanced Charging\u00a0Technologies\" \/>\n<meta property=\"og:description\" content=\"Dieser Inhalt ist nur f\u00fcr ACT-H\u00e4ndler bestimmt. Bestehende Kontoinhaber melden sich bitte unten an. Um ein Konto anzufordern, wenden Sie sich bitte \u00fcber das Formular oder telefonisch unter 877-228-5922 an den Vertrieb.\" \/>\n<meta property=\"og:url\" content=\"https:\/\/act-chargers.com\/de\/haendler-portal\/\" \/>\n<meta property=\"og:site_name\" content=\"ACT Advanced Charging\u00a0Technologies\" \/>\n<meta property=\"article:modified_time\" content=\"2023-09-28T06:55:48+00:00\" \/>\n<meta name=\"twitter:card\" content=\"summary_large_image\" \/>\n<script type=\"application\/ld+json\" class=\"yoast-schema-graph\">{\"@context\":\"https:\/\/schema.org\",\"@graph\":[{\"@type\":\"WebPage\",\"@id\":\"https:\/\/act-chargers.com\/de\/haendler-portal\/\",\"url\":\"https:\/\/act-chargers.com\/de\/haendler-portal\/\",\"name\":\"H\u00e4ndler-Portal - ACT Advanced Charging\u00a0Technologies\",\"isPartOf\":{\"@id\":\"https:\/\/act-chargers.com\/de\/#website\"},\"datePublished\":\"2023-08-05T17:41:40+00:00\",\"dateModified\":\"2023-09-28T06:55:48+00:00\",\"breadcrumb\":{\"@id\":\"https:\/\/act-chargers.com\/de\/haendler-portal\/#breadcrumb\"},\"inLanguage\":\"de-DE\",\"potentialAction\":[{\"@type\":\"ReadAction\",\"target\":[\"https:\/\/act-chargers.com\/de\/haendler-portal\/\"]}]},{\"@type\":\"BreadcrumbList\",\"@id\":\"https:\/\/act-chargers.com\/de\/haendler-portal\/#breadcrumb\",\"itemListElement\":[{\"@type\":\"ListItem\",\"position\":1,\"name\":\"Home\",\"item\":\"https:\/\/act-chargers.com\/de\/\"},{\"@type\":\"ListItem\",\"position\":2,\"name\":\"H\u00e4ndler-Portal\"}]},{\"@type\":\"WebSite\",\"@id\":\"https:\/\/act-chargers.com\/de\/#website\",\"url\":\"https:\/\/act-chargers.com\/de\/\",\"name\":\"ACT Chargers\",\"description\":\"\",\"publisher\":{\"@id\":\"https:\/\/act-chargers.com\/de\/#organization\"},\"potentialAction\":[{\"@type\":\"SearchAction\",\"target\":{\"@type\":\"EntryPoint\",\"urlTemplate\":\"https:\/\/act-chargers.com\/de\/?s={search_term_string}\"},\"query-input\":{\"@type\":\"PropertyValueSpecification\",\"valueRequired\":true,\"valueName\":\"search_term_string\"}}],\"inLanguage\":\"de-DE\"},{\"@type\":\"Organization\",\"@id\":\"https:\/\/act-chargers.com\/de\/#organization\",\"name\":\"ACT Chargers\",\"url\":\"https:\/\/act-chargers.com\/de\/\",\"logo\":{\"@type\":\"ImageObject\",\"inLanguage\":\"de-DE\",\"@id\":\"https:\/\/act-chargers.com\/de\/#\/schema\/logo\/image\/\",\"url\":\"https:\/\/act-chargers.com\/wp-content\/uploads\/2023\/09\/ACT-Inverse-Horizontal-Logo-on-Dark-Blue-1600x1600-1.png\",\"contentUrl\":\"https:\/\/act-chargers.com\/wp-content\/uploads\/2023\/09\/ACT-Inverse-Horizontal-Logo-on-Dark-Blue-1600x1600-1.png\",\"width\":1600,\"height\":1600,\"caption\":\"ACT Chargers\"},\"image\":{\"@id\":\"https:\/\/act-chargers.com\/de\/#\/schema\/logo\/image\/\"}}]}<\/script>\n<!-- \/ Yoast SEO plugin. -->","yoast_head_json":{"title":"H\u00e4ndler-Portal - ACT Advanced Charging\u00a0Technologies","robots":{"index":"index","follow":"follow","max-snippet":"max-snippet:-1","max-image-preview":"max-image-preview:large","max-video-preview":"max-video-preview:-1"},"canonical":"https:\/\/act-chargers.com\/de\/haendler-portal\/","og_locale":"de_DE","og_type":"article","og_title":"H\u00e4ndler-Portal - ACT Advanced Charging\u00a0Technologies","og_description":"Dieser Inhalt ist nur f\u00fcr ACT-H\u00e4ndler bestimmt. Bestehende Kontoinhaber melden sich bitte unten an. Um ein Konto anzufordern, wenden Sie sich bitte \u00fcber das Formular oder telefonisch unter 877-228-5922 an den Vertrieb.","og_url":"https:\/\/act-chargers.com\/de\/haendler-portal\/","og_site_name":"ACT Advanced Charging\u00a0Technologies","article_modified_time":"2023-09-28T06:55:48+00:00","twitter_card":"summary_large_image","schema":{"@context":"https:\/\/schema.org","@graph":[{"@type":"WebPage","@id":"https:\/\/act-chargers.com\/de\/haendler-portal\/","url":"https:\/\/act-chargers.com\/de\/haendler-portal\/","name":"H\u00e4ndler-Portal - ACT Advanced Charging\u00a0Technologies","isPartOf":{"@id":"https:\/\/act-chargers.com\/de\/#website"},"datePublished":"2023-08-05T17:41:40+00:00","dateModified":"2023-09-28T06:55:48+00:00","breadcrumb":{"@id":"https:\/\/act-chargers.com\/de\/haendler-portal\/#breadcrumb"},"inLanguage":"de-DE","potentialAction":[{"@type":"ReadAction","target":["https:\/\/act-chargers.com\/de\/haendler-portal\/"]}]},{"@type":"BreadcrumbList","@id":"https:\/\/act-chargers.com\/de\/haendler-portal\/#breadcrumb","itemListElement":[{"@type":"ListItem","position":1,"name":"Home","item":"https:\/\/act-chargers.com\/de\/"},{"@type":"ListItem","position":2,"name":"H\u00e4ndler-Portal"}]},{"@type":"WebSite","@id":"https:\/\/act-chargers.com\/de\/#website","url":"https:\/\/act-chargers.com\/de\/","name":"ACT Chargers","description":"","publisher":{"@id":"https:\/\/act-chargers.com\/de\/#organization"},"potentialAction":[{"@type":"SearchAction","target":{"@type":"EntryPoint","urlTemplate":"https:\/\/act-chargers.com\/de\/?s={search_term_string}"},"query-input":{"@type":"PropertyValueSpecification","valueRequired":true,"valueName":"search_term_string"}}],"inLanguage":"de-DE"},{"@type":"Organization","@id":"https:\/\/act-chargers.com\/de\/#organization","name":"ACT Chargers","url":"https:\/\/act-chargers.com\/de\/","logo":{"@type":"ImageObject","inLanguage":"de-DE","@id":"https:\/\/act-chargers.com\/de\/#\/schema\/logo\/image\/","url":"https:\/\/act-chargers.com\/wp-content\/uploads\/2023\/09\/ACT-Inverse-Horizontal-Logo-on-Dark-Blue-1600x1600-1.png","contentUrl":"https:\/\/act-chargers.com\/wp-content\/uploads\/2023\/09\/ACT-Inverse-Horizontal-Logo-on-Dark-Blue-1600x1600-1.png","width":1600,"height":1600,"caption":"ACT Chargers"},"image":{"@id":"https:\/\/act-chargers.com\/de\/#\/schema\/logo\/image\/"}}]}},"_links":{"self":[{"href":"https:\/\/act-chargers.com\/de\/wp-json\/wp\/v2\/pages\/985","targetHints":{"allow":["GET"]}}],"collection":[{"href":"https:\/\/act-chargers.com\/de\/wp-json\/wp\/v2\/pages"}],"about":[{"href":"https:\/\/act-chargers.com\/de\/wp-json\/wp\/v2\/types\/page"}],"author":[{"embeddable":true,"href":"https:\/\/act-chargers.com\/de\/wp-json\/wp\/v2\/users\/1"}],"replies":[{"embeddable":true,"href":"https:\/\/act-chargers.com\/de\/wp-json\/wp\/v2\/comments?post=985"}],"version-history":[{"count":0,"href":"https:\/\/act-chargers.com\/de\/wp-json\/wp\/v2\/pages\/985\/revisions"}],"wp:attachment":[{"href":"https:\/\/act-chargers.com\/de\/wp-json\/wp\/v2\/media?parent=985"}],"curies":[{"name":"wp","href":"https:\/\/api.w.org\/{rel}","templated":true}]}}