{"id":988,"date":"2023-08-05T18:35:00","date_gmt":"2023-08-05T18:35:00","guid":{"rendered":"https:\/\/actchargers.wpengine.com\/nachrichten\/"},"modified":"2023-09-22T16:10:21","modified_gmt":"2023-09-22T16:10:21","slug":"nachrichten","status":"publish","type":"page","link":"https:\/\/act-chargers.com\/de\/nachrichten\/","title":{"rendered":"Nachrichten"},"content":{"rendered":"","protected":false},"excerpt":{"rendered":"","protected":false},"author":1,"featured_media":0,"parent":0,"menu_order":0,"comment_status":"closed","ping_status":"closed","template":"","meta":{"footnotes":""},"class_list":["post-988","page","type-page","status-publish","hentry"],"acf":[],"yoast_head":"<!-- This site is optimized with the Yoast SEO plugin v26.6 - https:\/\/yoast.com\/wordpress\/plugins\/seo\/ -->\n<title>Einblicke und Aktualisierungen - ACT Advanced Charging\u00a0Technologies<\/title>\n<meta name=\"description\" content=\"Bleiben Sie auf dem Laufenden \u00fcber die neuesten Entwicklungen bei Advanced Charging Technologies. Auf unserer Seite Nachrichten und Updates finden Sie aktuelle Informationen \u00fcber Produktver\u00f6ffentlichungen, Brancheneinblicke, Unternehmensnachrichten und vieles mehr. Bleiben Sie hier auf dem Laufenden \u00fcber die neuesten Innovationen in der Batterie- und Ladetechnik.\" \/>\n<meta name=\"robots\" content=\"index, follow, max-snippet:-1, max-image-preview:large, max-video-preview:-1\" \/>\n<link rel=\"canonical\" href=\"https:\/\/act-chargers.com\/de\/nachrichten\/\" \/>\n<meta property=\"og:locale\" content=\"de_DE\" \/>\n<meta property=\"og:type\" content=\"article\" \/>\n<meta property=\"og:title\" content=\"Einblicke und Aktualisierungen - ACT Advanced Charging\u00a0Technologies\" \/>\n<meta property=\"og:description\" content=\"Bleiben Sie auf dem Laufenden \u00fcber die neuesten Entwicklungen bei Advanced Charging Technologies. Auf unserer Seite Nachrichten und Updates finden Sie aktuelle Informationen \u00fcber Produktver\u00f6ffentlichungen, Brancheneinblicke, Unternehmensnachrichten und vieles mehr. Bleiben Sie hier auf dem Laufenden \u00fcber die neuesten Innovationen in der Batterie- und Ladetechnik.\" \/>\n<meta property=\"og:url\" content=\"https:\/\/act-chargers.com\/de\/nachrichten\/\" \/>\n<meta property=\"og:site_name\" content=\"ACT Advanced Charging\u00a0Technologies\" \/>\n<meta property=\"article:modified_time\" content=\"2023-09-22T16:10:21+00:00\" \/>\n<meta name=\"twitter:card\" content=\"summary_large_image\" \/>\n<script type=\"application\/ld+json\" class=\"yoast-schema-graph\">{\"@context\":\"https:\/\/schema.org\",\"@graph\":[{\"@type\":\"WebPage\",\"@id\":\"https:\/\/act-chargers.com\/de\/nachrichten\/\",\"url\":\"https:\/\/act-chargers.com\/de\/nachrichten\/\",\"name\":\"Einblicke und Aktualisierungen - ACT Advanced Charging\u00a0Technologies\",\"isPartOf\":{\"@id\":\"https:\/\/act-chargers.com\/de\/#website\"},\"datePublished\":\"2023-08-05T18:35:00+00:00\",\"dateModified\":\"2023-09-22T16:10:21+00:00\",\"description\":\"Bleiben Sie auf dem Laufenden \u00fcber die neuesten Entwicklungen bei Advanced Charging Technologies. Auf unserer Seite Nachrichten und Updates finden Sie aktuelle Informationen \u00fcber Produktver\u00f6ffentlichungen, Brancheneinblicke, Unternehmensnachrichten und vieles mehr. Bleiben Sie hier auf dem Laufenden \u00fcber die neuesten Innovationen in der Batterie- und Ladetechnik.\",\"breadcrumb\":{\"@id\":\"https:\/\/act-chargers.com\/de\/nachrichten\/#breadcrumb\"},\"inLanguage\":\"de-DE\",\"potentialAction\":[{\"@type\":\"ReadAction\",\"target\":[\"https:\/\/act-chargers.com\/de\/nachrichten\/\"]}]},{\"@type\":\"BreadcrumbList\",\"@id\":\"https:\/\/act-chargers.com\/de\/nachrichten\/#breadcrumb\",\"itemListElement\":[{\"@type\":\"ListItem\",\"position\":1,\"name\":\"Home\",\"item\":\"https:\/\/act-chargers.com\/de\/\"},{\"@type\":\"ListItem\",\"position\":2,\"name\":\"Nachrichten\"}]},{\"@type\":\"WebSite\",\"@id\":\"https:\/\/act-chargers.com\/de\/#website\",\"url\":\"https:\/\/act-chargers.com\/de\/\",\"name\":\"ACT Chargers\",\"description\":\"\",\"publisher\":{\"@id\":\"https:\/\/act-chargers.com\/de\/#organization\"},\"potentialAction\":[{\"@type\":\"SearchAction\",\"target\":{\"@type\":\"EntryPoint\",\"urlTemplate\":\"https:\/\/act-chargers.com\/de\/?s={search_term_string}\"},\"query-input\":{\"@type\":\"PropertyValueSpecification\",\"valueRequired\":true,\"valueName\":\"search_term_string\"}}],\"inLanguage\":\"de-DE\"},{\"@type\":\"Organization\",\"@id\":\"https:\/\/act-chargers.com\/de\/#organization\",\"name\":\"ACT Chargers\",\"url\":\"https:\/\/act-chargers.com\/de\/\",\"logo\":{\"@type\":\"ImageObject\",\"inLanguage\":\"de-DE\",\"@id\":\"https:\/\/act-chargers.com\/de\/#\/schema\/logo\/image\/\",\"url\":\"https:\/\/act-chargers.com\/wp-content\/uploads\/2023\/09\/ACT-Inverse-Horizontal-Logo-on-Dark-Blue-1600x1600-1.png\",\"contentUrl\":\"https:\/\/act-chargers.com\/wp-content\/uploads\/2023\/09\/ACT-Inverse-Horizontal-Logo-on-Dark-Blue-1600x1600-1.png\",\"width\":1600,\"height\":1600,\"caption\":\"ACT Chargers\"},\"image\":{\"@id\":\"https:\/\/act-chargers.com\/de\/#\/schema\/logo\/image\/\"}}]}<\/script>\n<!-- \/ Yoast SEO plugin. -->","yoast_head_json":{"title":"Einblicke und Aktualisierungen - ACT Advanced Charging\u00a0Technologies","description":"Bleiben Sie auf dem Laufenden \u00fcber die neuesten Entwicklungen bei Advanced Charging Technologies. Auf unserer Seite Nachrichten und Updates finden Sie aktuelle Informationen \u00fcber Produktver\u00f6ffentlichungen, Brancheneinblicke, Unternehmensnachrichten und vieles mehr. Bleiben Sie hier auf dem Laufenden \u00fcber die neuesten Innovationen in der Batterie- und Ladetechnik.","robots":{"index":"index","follow":"follow","max-snippet":"max-snippet:-1","max-image-preview":"max-image-preview:large","max-video-preview":"max-video-preview:-1"},"canonical":"https:\/\/act-chargers.com\/de\/nachrichten\/","og_locale":"de_DE","og_type":"article","og_title":"Einblicke und Aktualisierungen - ACT Advanced Charging\u00a0Technologies","og_description":"Bleiben Sie auf dem Laufenden \u00fcber die neuesten Entwicklungen bei Advanced Charging Technologies. Auf unserer Seite Nachrichten und Updates finden Sie aktuelle Informationen \u00fcber Produktver\u00f6ffentlichungen, Brancheneinblicke, Unternehmensnachrichten und vieles mehr. Bleiben Sie hier auf dem Laufenden \u00fcber die neuesten Innovationen in der Batterie- und Ladetechnik.","og_url":"https:\/\/act-chargers.com\/de\/nachrichten\/","og_site_name":"ACT Advanced Charging\u00a0Technologies","article_modified_time":"2023-09-22T16:10:21+00:00","twitter_card":"summary_large_image","schema":{"@context":"https:\/\/schema.org","@graph":[{"@type":"WebPage","@id":"https:\/\/act-chargers.com\/de\/nachrichten\/","url":"https:\/\/act-chargers.com\/de\/nachrichten\/","name":"Einblicke und Aktualisierungen - ACT Advanced Charging\u00a0Technologies","isPartOf":{"@id":"https:\/\/act-chargers.com\/de\/#website"},"datePublished":"2023-08-05T18:35:00+00:00","dateModified":"2023-09-22T16:10:21+00:00","description":"Bleiben Sie auf dem Laufenden \u00fcber die neuesten Entwicklungen bei Advanced Charging Technologies. Auf unserer Seite Nachrichten und Updates finden Sie aktuelle Informationen \u00fcber Produktver\u00f6ffentlichungen, Brancheneinblicke, Unternehmensnachrichten und vieles mehr. Bleiben Sie hier auf dem Laufenden \u00fcber die neuesten Innovationen in der Batterie- und Ladetechnik.","breadcrumb":{"@id":"https:\/\/act-chargers.com\/de\/nachrichten\/#breadcrumb"},"inLanguage":"de-DE","potentialAction":[{"@type":"ReadAction","target":["https:\/\/act-chargers.com\/de\/nachrichten\/"]}]},{"@type":"BreadcrumbList","@id":"https:\/\/act-chargers.com\/de\/nachrichten\/#breadcrumb","itemListElement":[{"@type":"ListItem","position":1,"name":"Home","item":"https:\/\/act-chargers.com\/de\/"},{"@type":"ListItem","position":2,"name":"Nachrichten"}]},{"@type":"WebSite","@id":"https:\/\/act-chargers.com\/de\/#website","url":"https:\/\/act-chargers.com\/de\/","name":"ACT Chargers","description":"","publisher":{"@id":"https:\/\/act-chargers.com\/de\/#organization"},"potentialAction":[{"@type":"SearchAction","target":{"@type":"EntryPoint","urlTemplate":"https:\/\/act-chargers.com\/de\/?s={search_term_string}"},"query-input":{"@type":"PropertyValueSpecification","valueRequired":true,"valueName":"search_term_string"}}],"inLanguage":"de-DE"},{"@type":"Organization","@id":"https:\/\/act-chargers.com\/de\/#organization","name":"ACT Chargers","url":"https:\/\/act-chargers.com\/de\/","logo":{"@type":"ImageObject","inLanguage":"de-DE","@id":"https:\/\/act-chargers.com\/de\/#\/schema\/logo\/image\/","url":"https:\/\/act-chargers.com\/wp-content\/uploads\/2023\/09\/ACT-Inverse-Horizontal-Logo-on-Dark-Blue-1600x1600-1.png","contentUrl":"https:\/\/act-chargers.com\/wp-content\/uploads\/2023\/09\/ACT-Inverse-Horizontal-Logo-on-Dark-Blue-1600x1600-1.png","width":1600,"height":1600,"caption":"ACT Chargers"},"image":{"@id":"https:\/\/act-chargers.com\/de\/#\/schema\/logo\/image\/"}}]}},"_links":{"self":[{"href":"https:\/\/act-chargers.com\/de\/wp-json\/wp\/v2\/pages\/988","targetHints":{"allow":["GET"]}}],"collection":[{"href":"https:\/\/act-chargers.com\/de\/wp-json\/wp\/v2\/pages"}],"about":[{"href":"https:\/\/act-chargers.com\/de\/wp-json\/wp\/v2\/types\/page"}],"author":[{"embeddable":true,"href":"https:\/\/act-chargers.com\/de\/wp-json\/wp\/v2\/users\/1"}],"replies":[{"embeddable":true,"href":"https:\/\/act-chargers.com\/de\/wp-json\/wp\/v2\/comments?post=988"}],"version-history":[{"count":0,"href":"https:\/\/act-chargers.com\/de\/wp-json\/wp\/v2\/pages\/988\/revisions"}],"wp:attachment":[{"href":"https:\/\/act-chargers.com\/de\/wp-json\/wp\/v2\/media?parent=988"}],"curies":[{"name":"wp","href":"https:\/\/api.w.org\/{rel}","templated":true}]}}