{"id":1025,"date":"2023-08-10T12:19:17","date_gmt":"2023-08-10T12:19:17","guid":{"rendered":"https:\/\/actchargers.wpengine.com\/unete-a-nosotros\/"},"modified":"2023-08-25T10:42:21","modified_gmt":"2023-08-25T10:42:21","slug":"unete-a-nosotros","status":"publish","type":"page","link":"https:\/\/act-chargers.com\/es\/unete-a-nosotros\/","title":{"rendered":"\u00danete a nosotros"},"content":{"rendered":"<p style=\"color: red; font-weight: bold;\">Esta p\u00e1gina y su contenido se han generado autom\u00e1ticamente para darle una idea b\u00e1sica de c\u00f3mo debe ser una p\u00e1gina \u00ab\u00danete a nosotros\u00bb. Puede personalizar esta p\u00e1gina como desee edit\u00e1ndola desde el editor de p\u00e1ginas de WordPress.<\/p>\n<p style=\"font-weight: bold;\">Si acaba cambiando la URL de esta p\u00e1gina, aseg\u00farese de actualizar el valor de la URL en el men\u00fa de configuraci\u00f3n del plugin.<\/p>\n<p style=\"border-top: 1px solid #ccc; padding-top: 10px; margin-top: 10px;\">\n<p><strong>Afiliaci\u00f3n gratuita<\/strong><\/p>\n<p>Obtendr\u00e1 acceso ilimitado a contenidos gratuitos<\/p>\n<p><em><strong>Precio: \u00a1Gratis!<\/strong><\/em><\/p>\n<p>Enlaza la siguiente imagen para ir a la p\u00e1gina de registro si quieres que tus visitantes puedan crear una cuenta de miembro gratuita<\/p>\n<p><img loading=\"lazy\" decoding=\"async\" title=\"\u00danete ahora\" src=\"https:\/\/actchargers.wpengine.com\/wp-content\/plugins\/simple-membership\/images\/join-now-button-image.gif\" alt=\"Bot\u00f3n \u00danete\" width=\"277\" height=\"82\"><\/p>\n<p style=\"border-bottom: 1px solid #ccc; padding-bottom: 10px; margin-bottom: 10px;\">\n<p><strong>Puede inscribirse gratuitamente o pagar por una de las siguientes opciones de afiliaci\u00f3n<\/strong><\/p>\n<p style=\"border-top: 1px solid #ccc; padding-top: 10px; margin-top: 10px;\">\n<p>[ ==&gt; Inserte aqu\u00ed el bot\u00f3n de pago para sus niveles de afiliaci\u00f3n de pago &lt;== ]<\/p>\n<p style=\"border-bottom: 1px solid #ccc; padding-bottom: 10px; margin-bottom: 10px;\">\n","protected":false},"excerpt":{"rendered":"<p>Esta p\u00e1gina y su contenido se han generado autom\u00e1ticamente para darle una idea b\u00e1sica de c\u00f3mo debe ser una p\u00e1gina \u00ab\u00danete a nosotros\u00bb. Puede personalizar esta p\u00e1gina como desee edit\u00e1ndola desde el editor de p\u00e1ginas de WordPress. Si acaba cambiando la URL de esta p\u00e1gina, aseg\u00farese de actualizar el valor de la URL en el [&hellip;]<\/p>\n","protected":false},"author":1,"featured_media":0,"parent":0,"menu_order":0,"comment_status":"closed","ping_status":"closed","template":"template-pages\/account.php","meta":{"footnotes":""},"class_list":["post-1025","page","type-page","status-publish","hentry"],"acf":[],"yoast_head":"<!-- This site is optimized with the Yoast SEO plugin v26.6 - https:\/\/yoast.com\/wordpress\/plugins\/seo\/ -->\n<title>\u00danete a nosotros - ACT Advanced Charging\u00a0Technologies<\/title>\n<meta name=\"robots\" content=\"index, follow, max-snippet:-1, max-image-preview:large, max-video-preview:-1\" \/>\n<link rel=\"canonical\" href=\"https:\/\/act-chargers.com\/es\/unete-a-nosotros\/\" \/>\n<meta property=\"og:locale\" content=\"es_ES\" \/>\n<meta property=\"og:type\" content=\"article\" \/>\n<meta property=\"og:title\" content=\"\u00danete a nosotros - ACT Advanced Charging\u00a0Technologies\" \/>\n<meta property=\"og:description\" content=\"Esta p\u00e1gina y su contenido se han generado autom\u00e1ticamente para darle una idea b\u00e1sica de c\u00f3mo debe ser una p\u00e1gina \u00ab\u00danete a nosotros\u00bb. Puede personalizar esta p\u00e1gina como desee edit\u00e1ndola desde el editor de p\u00e1ginas de WordPress. Si acaba cambiando la URL de esta p\u00e1gina, aseg\u00farese de actualizar el valor de la URL en el [&hellip;]\" \/>\n<meta property=\"og:url\" content=\"https:\/\/act-chargers.com\/es\/unete-a-nosotros\/\" \/>\n<meta property=\"og:site_name\" content=\"ACT Advanced Charging\u00a0Technologies\" \/>\n<meta property=\"article:modified_time\" content=\"2023-08-25T10:42:21+00:00\" \/>\n<meta property=\"og:image\" content=\"https:\/\/actchargers.wpengine.com\/wp-content\/plugins\/simple-membership\/images\/join-now-button-image.gif\" \/>\n<meta name=\"twitter:card\" content=\"summary_large_image\" \/>\n<meta name=\"twitter:label1\" content=\"Tiempo de lectura\" \/>\n\t<meta name=\"twitter:data1\" content=\"1 minuto\" \/>\n<script type=\"application\/ld+json\" class=\"yoast-schema-graph\">{\"@context\":\"https:\/\/schema.org\",\"@graph\":[{\"@type\":\"WebPage\",\"@id\":\"https:\/\/act-chargers.com\/es\/unete-a-nosotros\/\",\"url\":\"https:\/\/act-chargers.com\/es\/unete-a-nosotros\/\",\"name\":\"\u00danete a nosotros - ACT Advanced Charging\u00a0Technologies\",\"isPartOf\":{\"@id\":\"https:\/\/act-chargers.com\/es\/#website\"},\"primaryImageOfPage\":{\"@id\":\"https:\/\/act-chargers.com\/es\/unete-a-nosotros\/#primaryimage\"},\"image\":{\"@id\":\"https:\/\/act-chargers.com\/es\/unete-a-nosotros\/#primaryimage\"},\"thumbnailUrl\":\"https:\/\/actchargers.wpengine.com\/wp-content\/plugins\/simple-membership\/images\/join-now-button-image.gif\",\"datePublished\":\"2023-08-10T12:19:17+00:00\",\"dateModified\":\"2023-08-25T10:42:21+00:00\",\"breadcrumb\":{\"@id\":\"https:\/\/act-chargers.com\/es\/unete-a-nosotros\/#breadcrumb\"},\"inLanguage\":\"es\",\"potentialAction\":[{\"@type\":\"ReadAction\",\"target\":[\"https:\/\/act-chargers.com\/es\/unete-a-nosotros\/\"]}]},{\"@type\":\"ImageObject\",\"inLanguage\":\"es\",\"@id\":\"https:\/\/act-chargers.com\/es\/unete-a-nosotros\/#primaryimage\",\"url\":\"https:\/\/actchargers.wpengine.com\/wp-content\/plugins\/simple-membership\/images\/join-now-button-image.gif\",\"contentUrl\":\"https:\/\/actchargers.wpengine.com\/wp-content\/plugins\/simple-membership\/images\/join-now-button-image.gif\"},{\"@type\":\"BreadcrumbList\",\"@id\":\"https:\/\/act-chargers.com\/es\/unete-a-nosotros\/#breadcrumb\",\"itemListElement\":[{\"@type\":\"ListItem\",\"position\":1,\"name\":\"Home\",\"item\":\"https:\/\/act-chargers.com\/es\/\"},{\"@type\":\"ListItem\",\"position\":2,\"name\":\"\u00danete a nosotros\"}]},{\"@type\":\"WebSite\",\"@id\":\"https:\/\/act-chargers.com\/es\/#website\",\"url\":\"https:\/\/act-chargers.com\/es\/\",\"name\":\"ACT Chargers\",\"description\":\"\",\"publisher\":{\"@id\":\"https:\/\/act-chargers.com\/es\/#organization\"},\"potentialAction\":[{\"@type\":\"SearchAction\",\"target\":{\"@type\":\"EntryPoint\",\"urlTemplate\":\"https:\/\/act-chargers.com\/es\/?s={search_term_string}\"},\"query-input\":{\"@type\":\"PropertyValueSpecification\",\"valueRequired\":true,\"valueName\":\"search_term_string\"}}],\"inLanguage\":\"es\"},{\"@type\":\"Organization\",\"@id\":\"https:\/\/act-chargers.com\/es\/#organization\",\"name\":\"ACT Chargers\",\"url\":\"https:\/\/act-chargers.com\/es\/\",\"logo\":{\"@type\":\"ImageObject\",\"inLanguage\":\"es\",\"@id\":\"https:\/\/act-chargers.com\/es\/#\/schema\/logo\/image\/\",\"url\":\"https:\/\/act-chargers.com\/wp-content\/uploads\/2023\/09\/ACT-Inverse-Horizontal-Logo-on-Dark-Blue-1600x1600-1.png\",\"contentUrl\":\"https:\/\/act-chargers.com\/wp-content\/uploads\/2023\/09\/ACT-Inverse-Horizontal-Logo-on-Dark-Blue-1600x1600-1.png\",\"width\":1600,\"height\":1600,\"caption\":\"ACT Chargers\"},\"image\":{\"@id\":\"https:\/\/act-chargers.com\/es\/#\/schema\/logo\/image\/\"}}]}<\/script>\n<!-- \/ Yoast SEO plugin. -->","yoast_head_json":{"title":"\u00danete a nosotros - ACT Advanced Charging\u00a0Technologies","robots":{"index":"index","follow":"follow","max-snippet":"max-snippet:-1","max-image-preview":"max-image-preview:large","max-video-preview":"max-video-preview:-1"},"canonical":"https:\/\/act-chargers.com\/es\/unete-a-nosotros\/","og_locale":"es_ES","og_type":"article","og_title":"\u00danete a nosotros - ACT Advanced Charging\u00a0Technologies","og_description":"Esta p\u00e1gina y su contenido se han generado autom\u00e1ticamente para darle una idea b\u00e1sica de c\u00f3mo debe ser una p\u00e1gina \u00ab\u00danete a nosotros\u00bb. Puede personalizar esta p\u00e1gina como desee edit\u00e1ndola desde el editor de p\u00e1ginas de WordPress. Si acaba cambiando la URL de esta p\u00e1gina, aseg\u00farese de actualizar el valor de la URL en el [&hellip;]","og_url":"https:\/\/act-chargers.com\/es\/unete-a-nosotros\/","og_site_name":"ACT Advanced Charging\u00a0Technologies","article_modified_time":"2023-08-25T10:42:21+00:00","og_image":[{"url":"https:\/\/actchargers.wpengine.com\/wp-content\/plugins\/simple-membership\/images\/join-now-button-image.gif","type":"","width":"","height":""}],"twitter_card":"summary_large_image","twitter_misc":{"Tiempo de lectura":"1 minuto"},"schema":{"@context":"https:\/\/schema.org","@graph":[{"@type":"WebPage","@id":"https:\/\/act-chargers.com\/es\/unete-a-nosotros\/","url":"https:\/\/act-chargers.com\/es\/unete-a-nosotros\/","name":"\u00danete a nosotros - ACT Advanced Charging\u00a0Technologies","isPartOf":{"@id":"https:\/\/act-chargers.com\/es\/#website"},"primaryImageOfPage":{"@id":"https:\/\/act-chargers.com\/es\/unete-a-nosotros\/#primaryimage"},"image":{"@id":"https:\/\/act-chargers.com\/es\/unete-a-nosotros\/#primaryimage"},"thumbnailUrl":"https:\/\/actchargers.wpengine.com\/wp-content\/plugins\/simple-membership\/images\/join-now-button-image.gif","datePublished":"2023-08-10T12:19:17+00:00","dateModified":"2023-08-25T10:42:21+00:00","breadcrumb":{"@id":"https:\/\/act-chargers.com\/es\/unete-a-nosotros\/#breadcrumb"},"inLanguage":"es","potentialAction":[{"@type":"ReadAction","target":["https:\/\/act-chargers.com\/es\/unete-a-nosotros\/"]}]},{"@type":"ImageObject","inLanguage":"es","@id":"https:\/\/act-chargers.com\/es\/unete-a-nosotros\/#primaryimage","url":"https:\/\/actchargers.wpengine.com\/wp-content\/plugins\/simple-membership\/images\/join-now-button-image.gif","contentUrl":"https:\/\/actchargers.wpengine.com\/wp-content\/plugins\/simple-membership\/images\/join-now-button-image.gif"},{"@type":"BreadcrumbList","@id":"https:\/\/act-chargers.com\/es\/unete-a-nosotros\/#breadcrumb","itemListElement":[{"@type":"ListItem","position":1,"name":"Home","item":"https:\/\/act-chargers.com\/es\/"},{"@type":"ListItem","position":2,"name":"\u00danete a nosotros"}]},{"@type":"WebSite","@id":"https:\/\/act-chargers.com\/es\/#website","url":"https:\/\/act-chargers.com\/es\/","name":"ACT Chargers","description":"","publisher":{"@id":"https:\/\/act-chargers.com\/es\/#organization"},"potentialAction":[{"@type":"SearchAction","target":{"@type":"EntryPoint","urlTemplate":"https:\/\/act-chargers.com\/es\/?s={search_term_string}"},"query-input":{"@type":"PropertyValueSpecification","valueRequired":true,"valueName":"search_term_string"}}],"inLanguage":"es"},{"@type":"Organization","@id":"https:\/\/act-chargers.com\/es\/#organization","name":"ACT Chargers","url":"https:\/\/act-chargers.com\/es\/","logo":{"@type":"ImageObject","inLanguage":"es","@id":"https:\/\/act-chargers.com\/es\/#\/schema\/logo\/image\/","url":"https:\/\/act-chargers.com\/wp-content\/uploads\/2023\/09\/ACT-Inverse-Horizontal-Logo-on-Dark-Blue-1600x1600-1.png","contentUrl":"https:\/\/act-chargers.com\/wp-content\/uploads\/2023\/09\/ACT-Inverse-Horizontal-Logo-on-Dark-Blue-1600x1600-1.png","width":1600,"height":1600,"caption":"ACT Chargers"},"image":{"@id":"https:\/\/act-chargers.com\/es\/#\/schema\/logo\/image\/"}}]}},"_links":{"self":[{"href":"https:\/\/act-chargers.com\/es\/wp-json\/wp\/v2\/pages\/1025","targetHints":{"allow":["GET"]}}],"collection":[{"href":"https:\/\/act-chargers.com\/es\/wp-json\/wp\/v2\/pages"}],"about":[{"href":"https:\/\/act-chargers.com\/es\/wp-json\/wp\/v2\/types\/page"}],"author":[{"embeddable":true,"href":"https:\/\/act-chargers.com\/es\/wp-json\/wp\/v2\/users\/1"}],"replies":[{"embeddable":true,"href":"https:\/\/act-chargers.com\/es\/wp-json\/wp\/v2\/comments?post=1025"}],"version-history":[{"count":0,"href":"https:\/\/act-chargers.com\/es\/wp-json\/wp\/v2\/pages\/1025\/revisions"}],"wp:attachment":[{"href":"https:\/\/act-chargers.com\/es\/wp-json\/wp\/v2\/media?parent=1025"}],"curies":[{"name":"wp","href":"https:\/\/api.w.org\/{rel}","templated":true}]}}