{"id":38596,"date":"2024-08-27T04:47:26","date_gmt":"2024-08-27T04:47:26","guid":{"rendered":"https:\/\/act-chargers.com\/?page_id=38596"},"modified":"2024-08-27T04:47:29","modified_gmt":"2024-08-27T04:47:29","slug":"quienes-somos-2","status":"publish","type":"page","link":"https:\/\/act-chargers.com\/es\/quienes-somos-2\/","title":{"rendered":"Qui\u00e9nes somos"},"content":{"rendered":"","protected":false},"excerpt":{"rendered":"","protected":false},"author":1,"featured_media":38603,"parent":0,"menu_order":0,"comment_status":"closed","ping_status":"closed","template":"teaser-custom-template.php","meta":{"footnotes":""},"class_list":["post-38596","page","type-page","status-publish","has-post-thumbnail","hentry"],"acf":[],"yoast_head":"<!-- This site is optimized with the Yoast SEO plugin v26.6 - https:\/\/yoast.com\/wordpress\/plugins\/seo\/ -->\n<title>Descubra qui\u00e9nes somos - ACT Advanced Charging\u00a0Technologies %<\/title>\n<meta name=\"description\" content=\"Conozca Advanced Charging Technologies: L\u00edder en soluciones integradas de carga y bater\u00edas para carretillas elevadoras desde 2009. Nuestro compromiso con la innovaci\u00f3n, la eficiencia y la tecnolog\u00eda inteligente est\u00e1 transformando el futuro de la fuerza motriz y la gesti\u00f3n de flotas.\" \/>\n<meta name=\"robots\" content=\"index, follow, max-snippet:-1, max-image-preview:large, max-video-preview:-1\" \/>\n<link rel=\"canonical\" href=\"https:\/\/act-chargers.com\/es\/quienes-somos-2\/\" \/>\n<meta property=\"og:locale\" content=\"es_ES\" \/>\n<meta property=\"og:type\" content=\"article\" \/>\n<meta property=\"og:title\" content=\"Descubra qui\u00e9nes somos - ACT Advanced Charging\u00a0Technologies %\" \/>\n<meta property=\"og:description\" content=\"Conozca Advanced Charging Technologies: L\u00edder en soluciones integradas de carga y bater\u00edas para carretillas elevadoras desde 2009. Nuestro compromiso con la innovaci\u00f3n, la eficiencia y la tecnolog\u00eda inteligente est\u00e1 transformando el futuro de la fuerza motriz y la gesti\u00f3n de flotas.\" \/>\n<meta property=\"og:url\" content=\"https:\/\/act-chargers.com\/es\/quienes-somos-2\/\" \/>\n<meta property=\"og:site_name\" content=\"ACT Advanced Charging\u00a0Technologies\" \/>\n<meta property=\"article:modified_time\" content=\"2024-08-27T04:47:29+00:00\" \/>\n<meta name=\"twitter:card\" content=\"summary_large_image\" \/>\n<script type=\"application\/ld+json\" class=\"yoast-schema-graph\">{\"@context\":\"https:\/\/schema.org\",\"@graph\":[{\"@type\":\"WebPage\",\"@id\":\"https:\/\/act-chargers.com\/es\/quienes-somos-2\/\",\"url\":\"https:\/\/act-chargers.com\/es\/quienes-somos-2\/\",\"name\":\"Descubra qui\u00e9nes somos - ACT Advanced Charging\u00a0Technologies %\",\"isPartOf\":{\"@id\":\"https:\/\/act-chargers.com\/es\/#website\"},\"primaryImageOfPage\":{\"@id\":\"https:\/\/act-chargers.com\/es\/quienes-somos-2\/#primaryimage\"},\"image\":{\"@id\":\"https:\/\/act-chargers.com\/es\/quienes-somos-2\/#primaryimage\"},\"thumbnailUrl\":\"https:\/\/act-chargers.com\/wp-content\/uploads\/2024\/08\/Quantum-3-Teaser-Image.png\",\"datePublished\":\"2024-08-27T04:47:26+00:00\",\"dateModified\":\"2024-08-27T04:47:29+00:00\",\"description\":\"Conozca Advanced Charging Technologies: L\u00edder en soluciones integradas de carga y bater\u00edas para carretillas elevadoras desde 2009. Nuestro compromiso con la innovaci\u00f3n, la eficiencia y la tecnolog\u00eda inteligente est\u00e1 transformando el futuro de la fuerza motriz y la gesti\u00f3n de flotas.\",\"breadcrumb\":{\"@id\":\"https:\/\/act-chargers.com\/es\/quienes-somos-2\/#breadcrumb\"},\"inLanguage\":\"es\",\"potentialAction\":[{\"@type\":\"ReadAction\",\"target\":[\"https:\/\/act-chargers.com\/es\/quienes-somos-2\/\"]}]},{\"@type\":\"ImageObject\",\"inLanguage\":\"es\",\"@id\":\"https:\/\/act-chargers.com\/es\/quienes-somos-2\/#primaryimage\",\"url\":\"https:\/\/act-chargers.com\/wp-content\/uploads\/2024\/08\/Quantum-3-Teaser-Image.png\",\"contentUrl\":\"https:\/\/act-chargers.com\/wp-content\/uploads\/2024\/08\/Quantum-3-Teaser-Image.png\",\"width\":1920,\"height\":1080},{\"@type\":\"BreadcrumbList\",\"@id\":\"https:\/\/act-chargers.com\/es\/quienes-somos-2\/#breadcrumb\",\"itemListElement\":[{\"@type\":\"ListItem\",\"position\":1,\"name\":\"Home\",\"item\":\"https:\/\/act-chargers.com\/es\/\"},{\"@type\":\"ListItem\",\"position\":2,\"name\":\"Qui\u00e9nes somos\"}]},{\"@type\":\"WebSite\",\"@id\":\"https:\/\/act-chargers.com\/es\/#website\",\"url\":\"https:\/\/act-chargers.com\/es\/\",\"name\":\"ACT Chargers\",\"description\":\"\",\"publisher\":{\"@id\":\"https:\/\/act-chargers.com\/es\/#organization\"},\"potentialAction\":[{\"@type\":\"SearchAction\",\"target\":{\"@type\":\"EntryPoint\",\"urlTemplate\":\"https:\/\/act-chargers.com\/es\/?s={search_term_string}\"},\"query-input\":{\"@type\":\"PropertyValueSpecification\",\"valueRequired\":true,\"valueName\":\"search_term_string\"}}],\"inLanguage\":\"es\"},{\"@type\":\"Organization\",\"@id\":\"https:\/\/act-chargers.com\/es\/#organization\",\"name\":\"ACT Chargers\",\"url\":\"https:\/\/act-chargers.com\/es\/\",\"logo\":{\"@type\":\"ImageObject\",\"inLanguage\":\"es\",\"@id\":\"https:\/\/act-chargers.com\/es\/#\/schema\/logo\/image\/\",\"url\":\"https:\/\/act-chargers.com\/wp-content\/uploads\/2023\/09\/ACT-Inverse-Horizontal-Logo-on-Dark-Blue-1600x1600-1.png\",\"contentUrl\":\"https:\/\/act-chargers.com\/wp-content\/uploads\/2023\/09\/ACT-Inverse-Horizontal-Logo-on-Dark-Blue-1600x1600-1.png\",\"width\":1600,\"height\":1600,\"caption\":\"ACT Chargers\"},\"image\":{\"@id\":\"https:\/\/act-chargers.com\/es\/#\/schema\/logo\/image\/\"}}]}<\/script>\n<!-- \/ Yoast SEO plugin. -->","yoast_head_json":{"title":"Descubra qui\u00e9nes somos - ACT Advanced Charging\u00a0Technologies %","description":"Conozca Advanced Charging Technologies: L\u00edder en soluciones integradas de carga y bater\u00edas para carretillas elevadoras desde 2009. Nuestro compromiso con la innovaci\u00f3n, la eficiencia y la tecnolog\u00eda inteligente est\u00e1 transformando el futuro de la fuerza motriz y la gesti\u00f3n de flotas.","robots":{"index":"index","follow":"follow","max-snippet":"max-snippet:-1","max-image-preview":"max-image-preview:large","max-video-preview":"max-video-preview:-1"},"canonical":"https:\/\/act-chargers.com\/es\/quienes-somos-2\/","og_locale":"es_ES","og_type":"article","og_title":"Descubra qui\u00e9nes somos - ACT Advanced Charging\u00a0Technologies %","og_description":"Conozca Advanced Charging Technologies: L\u00edder en soluciones integradas de carga y bater\u00edas para carretillas elevadoras desde 2009. Nuestro compromiso con la innovaci\u00f3n, la eficiencia y la tecnolog\u00eda inteligente est\u00e1 transformando el futuro de la fuerza motriz y la gesti\u00f3n de flotas.","og_url":"https:\/\/act-chargers.com\/es\/quienes-somos-2\/","og_site_name":"ACT Advanced Charging\u00a0Technologies","article_modified_time":"2024-08-27T04:47:29+00:00","twitter_card":"summary_large_image","schema":{"@context":"https:\/\/schema.org","@graph":[{"@type":"WebPage","@id":"https:\/\/act-chargers.com\/es\/quienes-somos-2\/","url":"https:\/\/act-chargers.com\/es\/quienes-somos-2\/","name":"Descubra qui\u00e9nes somos - ACT Advanced Charging\u00a0Technologies %","isPartOf":{"@id":"https:\/\/act-chargers.com\/es\/#website"},"primaryImageOfPage":{"@id":"https:\/\/act-chargers.com\/es\/quienes-somos-2\/#primaryimage"},"image":{"@id":"https:\/\/act-chargers.com\/es\/quienes-somos-2\/#primaryimage"},"thumbnailUrl":"https:\/\/act-chargers.com\/wp-content\/uploads\/2024\/08\/Quantum-3-Teaser-Image.png","datePublished":"2024-08-27T04:47:26+00:00","dateModified":"2024-08-27T04:47:29+00:00","description":"Conozca Advanced Charging Technologies: L\u00edder en soluciones integradas de carga y bater\u00edas para carretillas elevadoras desde 2009. Nuestro compromiso con la innovaci\u00f3n, la eficiencia y la tecnolog\u00eda inteligente est\u00e1 transformando el futuro de la fuerza motriz y la gesti\u00f3n de flotas.","breadcrumb":{"@id":"https:\/\/act-chargers.com\/es\/quienes-somos-2\/#breadcrumb"},"inLanguage":"es","potentialAction":[{"@type":"ReadAction","target":["https:\/\/act-chargers.com\/es\/quienes-somos-2\/"]}]},{"@type":"ImageObject","inLanguage":"es","@id":"https:\/\/act-chargers.com\/es\/quienes-somos-2\/#primaryimage","url":"https:\/\/act-chargers.com\/wp-content\/uploads\/2024\/08\/Quantum-3-Teaser-Image.png","contentUrl":"https:\/\/act-chargers.com\/wp-content\/uploads\/2024\/08\/Quantum-3-Teaser-Image.png","width":1920,"height":1080},{"@type":"BreadcrumbList","@id":"https:\/\/act-chargers.com\/es\/quienes-somos-2\/#breadcrumb","itemListElement":[{"@type":"ListItem","position":1,"name":"Home","item":"https:\/\/act-chargers.com\/es\/"},{"@type":"ListItem","position":2,"name":"Qui\u00e9nes somos"}]},{"@type":"WebSite","@id":"https:\/\/act-chargers.com\/es\/#website","url":"https:\/\/act-chargers.com\/es\/","name":"ACT Chargers","description":"","publisher":{"@id":"https:\/\/act-chargers.com\/es\/#organization"},"potentialAction":[{"@type":"SearchAction","target":{"@type":"EntryPoint","urlTemplate":"https:\/\/act-chargers.com\/es\/?s={search_term_string}"},"query-input":{"@type":"PropertyValueSpecification","valueRequired":true,"valueName":"search_term_string"}}],"inLanguage":"es"},{"@type":"Organization","@id":"https:\/\/act-chargers.com\/es\/#organization","name":"ACT Chargers","url":"https:\/\/act-chargers.com\/es\/","logo":{"@type":"ImageObject","inLanguage":"es","@id":"https:\/\/act-chargers.com\/es\/#\/schema\/logo\/image\/","url":"https:\/\/act-chargers.com\/wp-content\/uploads\/2023\/09\/ACT-Inverse-Horizontal-Logo-on-Dark-Blue-1600x1600-1.png","contentUrl":"https:\/\/act-chargers.com\/wp-content\/uploads\/2023\/09\/ACT-Inverse-Horizontal-Logo-on-Dark-Blue-1600x1600-1.png","width":1600,"height":1600,"caption":"ACT Chargers"},"image":{"@id":"https:\/\/act-chargers.com\/es\/#\/schema\/logo\/image\/"}}]}},"_links":{"self":[{"href":"https:\/\/act-chargers.com\/es\/wp-json\/wp\/v2\/pages\/38596","targetHints":{"allow":["GET"]}}],"collection":[{"href":"https:\/\/act-chargers.com\/es\/wp-json\/wp\/v2\/pages"}],"about":[{"href":"https:\/\/act-chargers.com\/es\/wp-json\/wp\/v2\/types\/page"}],"author":[{"embeddable":true,"href":"https:\/\/act-chargers.com\/es\/wp-json\/wp\/v2\/users\/1"}],"replies":[{"embeddable":true,"href":"https:\/\/act-chargers.com\/es\/wp-json\/wp\/v2\/comments?post=38596"}],"version-history":[{"count":0,"href":"https:\/\/act-chargers.com\/es\/wp-json\/wp\/v2\/pages\/38596\/revisions"}],"wp:featuredmedia":[{"embeddable":true,"href":"https:\/\/act-chargers.com\/es\/wp-json\/wp\/v2\/media\/38603"}],"wp:attachment":[{"href":"https:\/\/act-chargers.com\/es\/wp-json\/wp\/v2\/media?parent=38596"}],"curies":[{"name":"wp","href":"https:\/\/api.w.org\/{rel}","templated":true}]}}