{"id":38661,"date":"2024-08-27T13:39:13","date_gmt":"2024-08-27T13:39:13","guid":{"rendered":"https:\/\/act-chargers.com\/?page_id=38661"},"modified":"2024-08-27T13:39:14","modified_gmt":"2024-08-27T13:39:14","slug":"inicio-3","status":"publish","type":"page","link":"https:\/\/act-chargers.com\/es\/inicio-3\/","title":{"rendered":"Inicio"},"content":{"rendered":"","protected":false},"excerpt":{"rendered":"","protected":false},"author":1,"featured_media":0,"parent":0,"menu_order":0,"comment_status":"closed","ping_status":"closed","template":"template-pages\/home.php","meta":{"footnotes":""},"class_list":["post-38661","page","type-page","status-publish","hentry"],"acf":[],"yoast_head":"<!-- This site is optimized with the Yoast SEO plugin v26.6 - https:\/\/yoast.com\/wordpress\/plugins\/seo\/ -->\n<title>Smart Grid Energy Management Servies - ACT Advanced Charging\u00a0Technologies<\/title>\n<meta name=\"description\" content=\"Mejore las operaciones de su almac\u00e9n con tecnolog\u00edas de carga avanzadas. Somos l\u00edderes en soluciones integradas para sistemas de carga y bater\u00edas de carretillas elevadoras, combinando tecnolog\u00eda de \u00faltima generaci\u00f3n con hardware f\u00e1cil de usar para optimizar su flota.\" \/>\n<meta name=\"robots\" content=\"index, follow, max-snippet:-1, max-image-preview:large, max-video-preview:-1\" \/>\n<link rel=\"canonical\" href=\"https:\/\/act-chargers.com\/es\/inicio-3\/\" \/>\n<meta property=\"og:locale\" content=\"es_ES\" \/>\n<meta property=\"og:type\" content=\"article\" \/>\n<meta property=\"og:title\" content=\"Smart Grid Energy Management Servies - ACT Advanced Charging\u00a0Technologies\" \/>\n<meta property=\"og:description\" content=\"Mejore las operaciones de su almac\u00e9n con tecnolog\u00edas de carga avanzadas. Somos l\u00edderes en soluciones integradas para sistemas de carga y bater\u00edas de carretillas elevadoras, combinando tecnolog\u00eda de \u00faltima generaci\u00f3n con hardware f\u00e1cil de usar para optimizar su flota.\" \/>\n<meta property=\"og:url\" content=\"https:\/\/act-chargers.com\/es\/inicio-3\/\" \/>\n<meta property=\"og:site_name\" content=\"ACT Advanced Charging\u00a0Technologies\" \/>\n<meta property=\"article:modified_time\" content=\"2024-08-27T13:39:14+00:00\" \/>\n<meta property=\"og:image\" content=\"https:\/\/act-chargers.com\/wp-content\/uploads\/2023\/09\/ACT-Inverse-Horizontal-Logo-on-Dark-Blue-1600x1600-1-300x300.png\" \/>\n<meta name=\"twitter:card\" content=\"summary_large_image\" \/>\n<meta name=\"twitter:image\" content=\"https:\/\/act-chargers.com\/wp-content\/uploads\/2023\/09\/ACT-Inverse-Horizontal-Logo-on-Dark-Blue-1600x1600-1-1024x1024.png\" \/>\n<script type=\"application\/ld+json\" class=\"yoast-schema-graph\">{\"@context\":\"https:\/\/schema.org\",\"@graph\":[{\"@type\":\"WebPage\",\"@id\":\"https:\/\/act-chargers.com\/es\/inicio-3\/\",\"url\":\"https:\/\/act-chargers.com\/es\/inicio-3\/\",\"name\":\"Smart Grid Energy Management Servies - ACT Advanced Charging\u00a0Technologies\",\"isPartOf\":{\"@id\":\"https:\/\/act-chargers.com\/es\/#website\"},\"datePublished\":\"2024-08-27T13:39:13+00:00\",\"dateModified\":\"2024-08-27T13:39:14+00:00\",\"description\":\"Mejore las operaciones de su almac\u00e9n con tecnolog\u00edas de carga avanzadas. Somos l\u00edderes en soluciones integradas para sistemas de carga y bater\u00edas de carretillas elevadoras, combinando tecnolog\u00eda de \u00faltima generaci\u00f3n con hardware f\u00e1cil de usar para optimizar su flota.\",\"breadcrumb\":{\"@id\":\"https:\/\/act-chargers.com\/es\/inicio-3\/#breadcrumb\"},\"inLanguage\":\"es\",\"potentialAction\":[{\"@type\":\"ReadAction\",\"target\":[\"https:\/\/act-chargers.com\/es\/inicio-3\/\"]}]},{\"@type\":\"BreadcrumbList\",\"@id\":\"https:\/\/act-chargers.com\/es\/inicio-3\/#breadcrumb\",\"itemListElement\":[{\"@type\":\"ListItem\",\"position\":1,\"name\":\"Home\",\"item\":\"https:\/\/act-chargers.com\/es\/\"},{\"@type\":\"ListItem\",\"position\":2,\"name\":\"Inicio\"}]},{\"@type\":\"WebSite\",\"@id\":\"https:\/\/act-chargers.com\/es\/#website\",\"url\":\"https:\/\/act-chargers.com\/es\/\",\"name\":\"ACT Chargers\",\"description\":\"\",\"publisher\":{\"@id\":\"https:\/\/act-chargers.com\/es\/#organization\"},\"potentialAction\":[{\"@type\":\"SearchAction\",\"target\":{\"@type\":\"EntryPoint\",\"urlTemplate\":\"https:\/\/act-chargers.com\/es\/?s={search_term_string}\"},\"query-input\":{\"@type\":\"PropertyValueSpecification\",\"valueRequired\":true,\"valueName\":\"search_term_string\"}}],\"inLanguage\":\"es\"},{\"@type\":\"Organization\",\"@id\":\"https:\/\/act-chargers.com\/es\/#organization\",\"name\":\"ACT Chargers\",\"url\":\"https:\/\/act-chargers.com\/es\/\",\"logo\":{\"@type\":\"ImageObject\",\"inLanguage\":\"es\",\"@id\":\"https:\/\/act-chargers.com\/es\/#\/schema\/logo\/image\/\",\"url\":\"https:\/\/act-chargers.com\/wp-content\/uploads\/2023\/09\/ACT-Inverse-Horizontal-Logo-on-Dark-Blue-1600x1600-1.png\",\"contentUrl\":\"https:\/\/act-chargers.com\/wp-content\/uploads\/2023\/09\/ACT-Inverse-Horizontal-Logo-on-Dark-Blue-1600x1600-1.png\",\"width\":1600,\"height\":1600,\"caption\":\"ACT Chargers\"},\"image\":{\"@id\":\"https:\/\/act-chargers.com\/es\/#\/schema\/logo\/image\/\"}}]}<\/script>\n<!-- \/ Yoast SEO plugin. -->","yoast_head_json":{"title":"Smart Grid Energy Management Servies - ACT Advanced Charging\u00a0Technologies","description":"Mejore las operaciones de su almac\u00e9n con tecnolog\u00edas de carga avanzadas. Somos l\u00edderes en soluciones integradas para sistemas de carga y bater\u00edas de carretillas elevadoras, combinando tecnolog\u00eda de \u00faltima generaci\u00f3n con hardware f\u00e1cil de usar para optimizar su flota.","robots":{"index":"index","follow":"follow","max-snippet":"max-snippet:-1","max-image-preview":"max-image-preview:large","max-video-preview":"max-video-preview:-1"},"canonical":"https:\/\/act-chargers.com\/es\/inicio-3\/","og_locale":"es_ES","og_type":"article","og_title":"Smart Grid Energy Management Servies - ACT Advanced Charging\u00a0Technologies","og_description":"Mejore las operaciones de su almac\u00e9n con tecnolog\u00edas de carga avanzadas. Somos l\u00edderes en soluciones integradas para sistemas de carga y bater\u00edas de carretillas elevadoras, combinando tecnolog\u00eda de \u00faltima generaci\u00f3n con hardware f\u00e1cil de usar para optimizar su flota.","og_url":"https:\/\/act-chargers.com\/es\/inicio-3\/","og_site_name":"ACT Advanced Charging\u00a0Technologies","article_modified_time":"2024-08-27T13:39:14+00:00","og_image":[{"url":"https:\/\/act-chargers.com\/wp-content\/uploads\/2023\/09\/ACT-Inverse-Horizontal-Logo-on-Dark-Blue-1600x1600-1-300x300.png","type":"","width":"","height":""}],"twitter_card":"summary_large_image","twitter_image":"https:\/\/act-chargers.com\/wp-content\/uploads\/2023\/09\/ACT-Inverse-Horizontal-Logo-on-Dark-Blue-1600x1600-1-1024x1024.png","schema":{"@context":"https:\/\/schema.org","@graph":[{"@type":"WebPage","@id":"https:\/\/act-chargers.com\/es\/inicio-3\/","url":"https:\/\/act-chargers.com\/es\/inicio-3\/","name":"Smart Grid Energy Management Servies - ACT Advanced Charging\u00a0Technologies","isPartOf":{"@id":"https:\/\/act-chargers.com\/es\/#website"},"datePublished":"2024-08-27T13:39:13+00:00","dateModified":"2024-08-27T13:39:14+00:00","description":"Mejore las operaciones de su almac\u00e9n con tecnolog\u00edas de carga avanzadas. Somos l\u00edderes en soluciones integradas para sistemas de carga y bater\u00edas de carretillas elevadoras, combinando tecnolog\u00eda de \u00faltima generaci\u00f3n con hardware f\u00e1cil de usar para optimizar su flota.","breadcrumb":{"@id":"https:\/\/act-chargers.com\/es\/inicio-3\/#breadcrumb"},"inLanguage":"es","potentialAction":[{"@type":"ReadAction","target":["https:\/\/act-chargers.com\/es\/inicio-3\/"]}]},{"@type":"BreadcrumbList","@id":"https:\/\/act-chargers.com\/es\/inicio-3\/#breadcrumb","itemListElement":[{"@type":"ListItem","position":1,"name":"Home","item":"https:\/\/act-chargers.com\/es\/"},{"@type":"ListItem","position":2,"name":"Inicio"}]},{"@type":"WebSite","@id":"https:\/\/act-chargers.com\/es\/#website","url":"https:\/\/act-chargers.com\/es\/","name":"ACT Chargers","description":"","publisher":{"@id":"https:\/\/act-chargers.com\/es\/#organization"},"potentialAction":[{"@type":"SearchAction","target":{"@type":"EntryPoint","urlTemplate":"https:\/\/act-chargers.com\/es\/?s={search_term_string}"},"query-input":{"@type":"PropertyValueSpecification","valueRequired":true,"valueName":"search_term_string"}}],"inLanguage":"es"},{"@type":"Organization","@id":"https:\/\/act-chargers.com\/es\/#organization","name":"ACT Chargers","url":"https:\/\/act-chargers.com\/es\/","logo":{"@type":"ImageObject","inLanguage":"es","@id":"https:\/\/act-chargers.com\/es\/#\/schema\/logo\/image\/","url":"https:\/\/act-chargers.com\/wp-content\/uploads\/2023\/09\/ACT-Inverse-Horizontal-Logo-on-Dark-Blue-1600x1600-1.png","contentUrl":"https:\/\/act-chargers.com\/wp-content\/uploads\/2023\/09\/ACT-Inverse-Horizontal-Logo-on-Dark-Blue-1600x1600-1.png","width":1600,"height":1600,"caption":"ACT Chargers"},"image":{"@id":"https:\/\/act-chargers.com\/es\/#\/schema\/logo\/image\/"}}]}},"_links":{"self":[{"href":"https:\/\/act-chargers.com\/es\/wp-json\/wp\/v2\/pages\/38661","targetHints":{"allow":["GET"]}}],"collection":[{"href":"https:\/\/act-chargers.com\/es\/wp-json\/wp\/v2\/pages"}],"about":[{"href":"https:\/\/act-chargers.com\/es\/wp-json\/wp\/v2\/types\/page"}],"author":[{"embeddable":true,"href":"https:\/\/act-chargers.com\/es\/wp-json\/wp\/v2\/users\/1"}],"replies":[{"embeddable":true,"href":"https:\/\/act-chargers.com\/es\/wp-json\/wp\/v2\/comments?post=38661"}],"version-history":[{"count":0,"href":"https:\/\/act-chargers.com\/es\/wp-json\/wp\/v2\/pages\/38661\/revisions"}],"wp:attachment":[{"href":"https:\/\/act-chargers.com\/es\/wp-json\/wp\/v2\/media?parent=38661"}],"curies":[{"name":"wp","href":"https:\/\/api.w.org\/{rel}","templated":true}]}}