{"id":990,"date":"2023-08-05T17:41:40","date_gmt":"2023-08-05T17:41:40","guid":{"rendered":"https:\/\/actchargers.wpengine.com\/portal-del-concesionario\/"},"modified":"2023-09-28T06:55:47","modified_gmt":"2023-09-28T06:55:47","slug":"portal-del-concesionario","status":"publish","type":"page","link":"https:\/\/act-chargers.com\/es\/portal-del-concesionario\/","title":{"rendered":"Portal del concesionario"},"content":{"rendered":"\n<h2 class=\"wp-block-heading\"><strong>Este contenido es s\u00f3lo para distribuidores de ACT.<\/strong><\/h2>\n\n<div style=\"height:50px\" aria-hidden=\"true\" class=\"wp-block-spacer\"><\/div>\n\n<p>Los titulares de cuentas existentes deben iniciar sesi\u00f3n a continuaci\u00f3n.<br\/><\/p>\n\n<div style=\"height:50px\" aria-hidden=\"true\" class=\"wp-block-spacer\"><\/div>\n\n<p>Para solicitar una cuenta, p\u00f3ngase en contacto con Ventas mediante el <a href=\"https:\/\/act-chargers.com\/es\/inicio-de-sesion-en-actview\/\">formulario<\/a> o llamando <a href=\"tel:8772285922\">al 877-228-5922<\/a>.<\/p>\n\n<div style=\"height:50px\" aria-hidden=\"true\" class=\"wp-block-spacer\"><\/div>\n\n<p><\/p>\n<div class=\"swpm-login-widget-form\">\n    <form id=\"swpm-login-form\" name=\"swpm-login-form\" method=\"post\" action=\"\">\n        <input type=\"hidden\" name=\"swpm_login_origination_flag\" value=\"1\" \/>\n        <div class=\"swpm-login-form-inner\">\n            <div class=\"swpm-username-label\">\n                <label for=\"swpm_user_name\" class=\"swpm-label\">Nombre de usuario o correo electr\u00f3nico<\/label>\n            <\/div>\n            <div class=\"swpm-username-input\">\n                <input type=\"text\" class=\"swpm-text-field swpm-username-field\" id=\"swpm_user_name\" value=\"\" size=\"25\" name=\"swpm_user_name\" \/>\n            <\/div>\n            <div class=\"swpm-password-label\">\n                <label for=\"swpm_password\" class=\"swpm-label\">Contrase\u00f1a<\/label>\n            <\/div>\n            <div class=\"swpm-password-input\">                \n                <input type=\"password\" class=\"swpm-text-field swpm-password-field\" id=\"swpm_password\" value=\"\" size=\"25\" name=\"swpm_password\" \/>                \n            <\/div>\n                        <div class=\"swpm-remember-me\">\n                <span class=\"swpm-remember-checkbox\"><input type=\"checkbox\" name=\"rememberme\" id=\"swpm-rememberme\"><\/span>\n                <label for=\"swpm-rememberme\" class=\"swpm-rememberme-label\">\n                    <span class=\"swpm-rember-label\"> Recu\u00e9rdame<\/span>\n                <\/label>\n            <\/div>\n\n            <div class=\"swpm-before-login-submit-section\"><div class=\"swpm-recaptcha-section\" style=\"margin-bottom: 15px;\"><style type=\"text\/css\">@media screen and (max-width: 375px) {\n            .swpm_g_captcha{transform:scale(0.77);transform-origin:0;-webkit-transform:scale(0.77);-webkit-transform-origin:0 0;}\n        }<\/style><script src=\"https:\/\/www.google.com\/recaptcha\/api.js\" async defer><\/script><div class=\"swpm_g_captcha\"><div class=\"g-recaptcha\" data-sitekey=\"6Lc1hGEpAAAAAJo0vvKl-Gh2yWELMf2Q_a2af4BG\" data-theme=\"light\" data-size=\"normal\"><\/div><\/div><\/div><\/div>\n\n            <div class=\"swpm-login-submit\">\n                <input type=\"submit\" class=\"swpm-login-form-submit\" name=\"swpm-login\" value=\"Acceder\"\/>\n            <\/div>\n            <div class=\"swpm-forgot-pass-link\">\n                <a id=\"forgot_pass\" class=\"swpm-login-form-pw-reset-link\"  href=\"https:\/\/act-chargers.com\/membership-login\/password-reset\/\">\u00bfHas olvidado tu contrase\u00f1a?<\/a>\n            <\/div>\n                        <div class=\"swpm-join-us-link\">\n                <a id=\"register\" class=\"swpm-login-form-register-link\" href=\"https:\/\/act-chargers.com\/membership-join\/\">\u00danete a nosotros<\/a>\n            <\/div>\n                        <div class=\"swpm-login-action-msg\">\n                <span class=\"swpm-login-widget-action-msg\"><\/span>\n            <\/div>\n        <\/div>\n    <\/form>\n\n    <\/div>\n\n","protected":false},"excerpt":{"rendered":"<p>Este contenido es s\u00f3lo para distribuidores de ACT. Los titulares de cuentas existentes deben iniciar sesi\u00f3n a continuaci\u00f3n. Para solicitar una cuenta, p\u00f3ngase en contacto con Ventas mediante el formulario o llamando al 877-228-5922.<\/p>\n","protected":false},"author":1,"featured_media":0,"parent":0,"menu_order":0,"comment_status":"closed","ping_status":"closed","template":"","meta":{"footnotes":""},"class_list":["post-990","page","type-page","status-publish","hentry"],"acf":[],"yoast_head":"<!-- This site is optimized with the Yoast SEO plugin v26.6 - https:\/\/yoast.com\/wordpress\/plugins\/seo\/ -->\n<title>Portal del concesionario - ACT Advanced Charging\u00a0Technologies<\/title>\n<meta name=\"robots\" content=\"index, follow, max-snippet:-1, max-image-preview:large, max-video-preview:-1\" \/>\n<link rel=\"canonical\" href=\"https:\/\/act-chargers.com\/es\/portal-del-concesionario\/\" \/>\n<meta property=\"og:locale\" content=\"es_ES\" \/>\n<meta property=\"og:type\" content=\"article\" \/>\n<meta property=\"og:title\" content=\"Portal del concesionario - ACT Advanced Charging\u00a0Technologies\" \/>\n<meta property=\"og:description\" content=\"Este contenido es s\u00f3lo para distribuidores de ACT. Los titulares de cuentas existentes deben iniciar sesi\u00f3n a continuaci\u00f3n. Para solicitar una cuenta, p\u00f3ngase en contacto con Ventas mediante el formulario o llamando al 877-228-5922.\" \/>\n<meta property=\"og:url\" content=\"https:\/\/act-chargers.com\/es\/portal-del-concesionario\/\" \/>\n<meta property=\"og:site_name\" content=\"ACT Advanced Charging\u00a0Technologies\" \/>\n<meta property=\"article:modified_time\" content=\"2023-09-28T06:55:47+00:00\" \/>\n<meta name=\"twitter:card\" content=\"summary_large_image\" \/>\n<script type=\"application\/ld+json\" class=\"yoast-schema-graph\">{\"@context\":\"https:\/\/schema.org\",\"@graph\":[{\"@type\":\"WebPage\",\"@id\":\"https:\/\/act-chargers.com\/es\/portal-del-concesionario\/\",\"url\":\"https:\/\/act-chargers.com\/es\/portal-del-concesionario\/\",\"name\":\"Portal del concesionario - ACT Advanced Charging\u00a0Technologies\",\"isPartOf\":{\"@id\":\"https:\/\/act-chargers.com\/es\/#website\"},\"datePublished\":\"2023-08-05T17:41:40+00:00\",\"dateModified\":\"2023-09-28T06:55:47+00:00\",\"breadcrumb\":{\"@id\":\"https:\/\/act-chargers.com\/es\/portal-del-concesionario\/#breadcrumb\"},\"inLanguage\":\"es\",\"potentialAction\":[{\"@type\":\"ReadAction\",\"target\":[\"https:\/\/act-chargers.com\/es\/portal-del-concesionario\/\"]}]},{\"@type\":\"BreadcrumbList\",\"@id\":\"https:\/\/act-chargers.com\/es\/portal-del-concesionario\/#breadcrumb\",\"itemListElement\":[{\"@type\":\"ListItem\",\"position\":1,\"name\":\"Home\",\"item\":\"https:\/\/act-chargers.com\/es\/\"},{\"@type\":\"ListItem\",\"position\":2,\"name\":\"Portal del concesionario\"}]},{\"@type\":\"WebSite\",\"@id\":\"https:\/\/act-chargers.com\/es\/#website\",\"url\":\"https:\/\/act-chargers.com\/es\/\",\"name\":\"ACT Chargers\",\"description\":\"\",\"publisher\":{\"@id\":\"https:\/\/act-chargers.com\/es\/#organization\"},\"potentialAction\":[{\"@type\":\"SearchAction\",\"target\":{\"@type\":\"EntryPoint\",\"urlTemplate\":\"https:\/\/act-chargers.com\/es\/?s={search_term_string}\"},\"query-input\":{\"@type\":\"PropertyValueSpecification\",\"valueRequired\":true,\"valueName\":\"search_term_string\"}}],\"inLanguage\":\"es\"},{\"@type\":\"Organization\",\"@id\":\"https:\/\/act-chargers.com\/es\/#organization\",\"name\":\"ACT Chargers\",\"url\":\"https:\/\/act-chargers.com\/es\/\",\"logo\":{\"@type\":\"ImageObject\",\"inLanguage\":\"es\",\"@id\":\"https:\/\/act-chargers.com\/es\/#\/schema\/logo\/image\/\",\"url\":\"https:\/\/act-chargers.com\/wp-content\/uploads\/2023\/09\/ACT-Inverse-Horizontal-Logo-on-Dark-Blue-1600x1600-1.png\",\"contentUrl\":\"https:\/\/act-chargers.com\/wp-content\/uploads\/2023\/09\/ACT-Inverse-Horizontal-Logo-on-Dark-Blue-1600x1600-1.png\",\"width\":1600,\"height\":1600,\"caption\":\"ACT Chargers\"},\"image\":{\"@id\":\"https:\/\/act-chargers.com\/es\/#\/schema\/logo\/image\/\"}}]}<\/script>\n<!-- \/ Yoast SEO plugin. -->","yoast_head_json":{"title":"Portal del concesionario - ACT Advanced Charging\u00a0Technologies","robots":{"index":"index","follow":"follow","max-snippet":"max-snippet:-1","max-image-preview":"max-image-preview:large","max-video-preview":"max-video-preview:-1"},"canonical":"https:\/\/act-chargers.com\/es\/portal-del-concesionario\/","og_locale":"es_ES","og_type":"article","og_title":"Portal del concesionario - ACT Advanced Charging\u00a0Technologies","og_description":"Este contenido es s\u00f3lo para distribuidores de ACT. Los titulares de cuentas existentes deben iniciar sesi\u00f3n a continuaci\u00f3n. Para solicitar una cuenta, p\u00f3ngase en contacto con Ventas mediante el formulario o llamando al 877-228-5922.","og_url":"https:\/\/act-chargers.com\/es\/portal-del-concesionario\/","og_site_name":"ACT Advanced Charging\u00a0Technologies","article_modified_time":"2023-09-28T06:55:47+00:00","twitter_card":"summary_large_image","schema":{"@context":"https:\/\/schema.org","@graph":[{"@type":"WebPage","@id":"https:\/\/act-chargers.com\/es\/portal-del-concesionario\/","url":"https:\/\/act-chargers.com\/es\/portal-del-concesionario\/","name":"Portal del concesionario - ACT Advanced Charging\u00a0Technologies","isPartOf":{"@id":"https:\/\/act-chargers.com\/es\/#website"},"datePublished":"2023-08-05T17:41:40+00:00","dateModified":"2023-09-28T06:55:47+00:00","breadcrumb":{"@id":"https:\/\/act-chargers.com\/es\/portal-del-concesionario\/#breadcrumb"},"inLanguage":"es","potentialAction":[{"@type":"ReadAction","target":["https:\/\/act-chargers.com\/es\/portal-del-concesionario\/"]}]},{"@type":"BreadcrumbList","@id":"https:\/\/act-chargers.com\/es\/portal-del-concesionario\/#breadcrumb","itemListElement":[{"@type":"ListItem","position":1,"name":"Home","item":"https:\/\/act-chargers.com\/es\/"},{"@type":"ListItem","position":2,"name":"Portal del concesionario"}]},{"@type":"WebSite","@id":"https:\/\/act-chargers.com\/es\/#website","url":"https:\/\/act-chargers.com\/es\/","name":"ACT Chargers","description":"","publisher":{"@id":"https:\/\/act-chargers.com\/es\/#organization"},"potentialAction":[{"@type":"SearchAction","target":{"@type":"EntryPoint","urlTemplate":"https:\/\/act-chargers.com\/es\/?s={search_term_string}"},"query-input":{"@type":"PropertyValueSpecification","valueRequired":true,"valueName":"search_term_string"}}],"inLanguage":"es"},{"@type":"Organization","@id":"https:\/\/act-chargers.com\/es\/#organization","name":"ACT Chargers","url":"https:\/\/act-chargers.com\/es\/","logo":{"@type":"ImageObject","inLanguage":"es","@id":"https:\/\/act-chargers.com\/es\/#\/schema\/logo\/image\/","url":"https:\/\/act-chargers.com\/wp-content\/uploads\/2023\/09\/ACT-Inverse-Horizontal-Logo-on-Dark-Blue-1600x1600-1.png","contentUrl":"https:\/\/act-chargers.com\/wp-content\/uploads\/2023\/09\/ACT-Inverse-Horizontal-Logo-on-Dark-Blue-1600x1600-1.png","width":1600,"height":1600,"caption":"ACT Chargers"},"image":{"@id":"https:\/\/act-chargers.com\/es\/#\/schema\/logo\/image\/"}}]}},"_links":{"self":[{"href":"https:\/\/act-chargers.com\/es\/wp-json\/wp\/v2\/pages\/990","targetHints":{"allow":["GET"]}}],"collection":[{"href":"https:\/\/act-chargers.com\/es\/wp-json\/wp\/v2\/pages"}],"about":[{"href":"https:\/\/act-chargers.com\/es\/wp-json\/wp\/v2\/types\/page"}],"author":[{"embeddable":true,"href":"https:\/\/act-chargers.com\/es\/wp-json\/wp\/v2\/users\/1"}],"replies":[{"embeddable":true,"href":"https:\/\/act-chargers.com\/es\/wp-json\/wp\/v2\/comments?post=990"}],"version-history":[{"count":0,"href":"https:\/\/act-chargers.com\/es\/wp-json\/wp\/v2\/pages\/990\/revisions"}],"wp:attachment":[{"href":"https:\/\/act-chargers.com\/es\/wp-json\/wp\/v2\/media?parent=990"}],"curies":[{"name":"wp","href":"https:\/\/api.w.org\/{rel}","templated":true}]}}