{"id":1001,"date":"2023-08-05T18:35:00","date_gmt":"2023-08-05T18:35:00","guid":{"rendered":"https:\/\/actchargers.wpengine.com\/actualites\/"},"modified":"2023-09-22T16:07:46","modified_gmt":"2023-09-22T16:07:46","slug":"actualites","status":"publish","type":"page","link":"https:\/\/act-chargers.com\/fr\/actualites\/","title":{"rendered":"Actualit\u00e9s"},"content":{"rendered":"","protected":false},"excerpt":{"rendered":"","protected":false},"author":1,"featured_media":0,"parent":0,"menu_order":0,"comment_status":"closed","ping_status":"closed","template":"","meta":{"footnotes":""},"class_list":["post-1001","page","type-page","status-publish","hentry"],"acf":[],"yoast_head":"<!-- This site is optimized with the Yoast SEO plugin v26.6 - https:\/\/yoast.com\/wordpress\/plugins\/seo\/ -->\n<title>Perspectives et mises \u00e0 jour - ACT Advanced Charging\u00a0Technologies %%.<\/title>\n<meta name=\"description\" content=\"Restez inform\u00e9 des derniers d\u00e9veloppements chez Advanced Charging Technologies. Notre page &quot;Actualit\u00e9s et mises \u00e0 jour&quot; propose des informations actualis\u00e9es sur les nouveaux produits, les perspectives du secteur, les nouvelles de l&#039;entreprise et bien d&#039;autres choses encore. Restez \u00e0 la pointe des innovations en mati\u00e8re de batteries et de technologies de charge en cliquant ici.\" \/>\n<meta name=\"robots\" content=\"index, follow, max-snippet:-1, max-image-preview:large, max-video-preview:-1\" \/>\n<link rel=\"canonical\" href=\"https:\/\/act-chargers.com\/fr\/actualites\/\" \/>\n<meta property=\"og:locale\" content=\"fr_FR\" \/>\n<meta property=\"og:type\" content=\"article\" \/>\n<meta property=\"og:title\" content=\"Perspectives et mises \u00e0 jour - ACT Advanced Charging\u00a0Technologies %%.\" \/>\n<meta property=\"og:description\" content=\"Restez inform\u00e9 des derniers d\u00e9veloppements chez Advanced Charging Technologies. Notre page &quot;Actualit\u00e9s et mises \u00e0 jour&quot; propose des informations actualis\u00e9es sur les nouveaux produits, les perspectives du secteur, les nouvelles de l&#039;entreprise et bien d&#039;autres choses encore. Restez \u00e0 la pointe des innovations en mati\u00e8re de batteries et de technologies de charge en cliquant ici.\" \/>\n<meta property=\"og:url\" content=\"https:\/\/act-chargers.com\/fr\/actualites\/\" \/>\n<meta property=\"og:site_name\" content=\"ACT Advanced Charging\u00a0Technologies\" \/>\n<meta property=\"article:modified_time\" content=\"2023-09-22T16:07:46+00:00\" \/>\n<meta name=\"twitter:card\" content=\"summary_large_image\" \/>\n<script type=\"application\/ld+json\" class=\"yoast-schema-graph\">{\"@context\":\"https:\/\/schema.org\",\"@graph\":[{\"@type\":\"WebPage\",\"@id\":\"https:\/\/act-chargers.com\/fr\/actualites\/\",\"url\":\"https:\/\/act-chargers.com\/fr\/actualites\/\",\"name\":\"Perspectives et mises \u00e0 jour - ACT Advanced Charging\u00a0Technologies %%.\",\"isPartOf\":{\"@id\":\"https:\/\/act-chargers.com\/fr\/#website\"},\"datePublished\":\"2023-08-05T18:35:00+00:00\",\"dateModified\":\"2023-09-22T16:07:46+00:00\",\"description\":\"Restez inform\u00e9 des derniers d\u00e9veloppements chez Advanced Charging Technologies. Notre page \\\"Actualit\u00e9s et mises \u00e0 jour\\\" propose des informations actualis\u00e9es sur les nouveaux produits, les perspectives du secteur, les nouvelles de l'entreprise et bien d'autres choses encore. Restez \u00e0 la pointe des innovations en mati\u00e8re de batteries et de technologies de charge en cliquant ici.\",\"breadcrumb\":{\"@id\":\"https:\/\/act-chargers.com\/fr\/actualites\/#breadcrumb\"},\"inLanguage\":\"fr-FR\",\"potentialAction\":[{\"@type\":\"ReadAction\",\"target\":[\"https:\/\/act-chargers.com\/fr\/actualites\/\"]}]},{\"@type\":\"BreadcrumbList\",\"@id\":\"https:\/\/act-chargers.com\/fr\/actualites\/#breadcrumb\",\"itemListElement\":[{\"@type\":\"ListItem\",\"position\":1,\"name\":\"Home\",\"item\":\"https:\/\/act-chargers.com\/fr\/accueil\/\"},{\"@type\":\"ListItem\",\"position\":2,\"name\":\"Actualit\u00e9s\"}]},{\"@type\":\"WebSite\",\"@id\":\"https:\/\/act-chargers.com\/fr\/#website\",\"url\":\"https:\/\/act-chargers.com\/fr\/\",\"name\":\"ACT Chargers\",\"description\":\"\",\"publisher\":{\"@id\":\"https:\/\/act-chargers.com\/fr\/#organization\"},\"potentialAction\":[{\"@type\":\"SearchAction\",\"target\":{\"@type\":\"EntryPoint\",\"urlTemplate\":\"https:\/\/act-chargers.com\/fr\/?s={search_term_string}\"},\"query-input\":{\"@type\":\"PropertyValueSpecification\",\"valueRequired\":true,\"valueName\":\"search_term_string\"}}],\"inLanguage\":\"fr-FR\"},{\"@type\":\"Organization\",\"@id\":\"https:\/\/act-chargers.com\/fr\/#organization\",\"name\":\"ACT Chargers\",\"url\":\"https:\/\/act-chargers.com\/fr\/\",\"logo\":{\"@type\":\"ImageObject\",\"inLanguage\":\"fr-FR\",\"@id\":\"https:\/\/act-chargers.com\/fr\/#\/schema\/logo\/image\/\",\"url\":\"https:\/\/act-chargers.com\/wp-content\/uploads\/2023\/09\/ACT-Inverse-Horizontal-Logo-on-Dark-Blue-1600x1600-1.png\",\"contentUrl\":\"https:\/\/act-chargers.com\/wp-content\/uploads\/2023\/09\/ACT-Inverse-Horizontal-Logo-on-Dark-Blue-1600x1600-1.png\",\"width\":1600,\"height\":1600,\"caption\":\"ACT Chargers\"},\"image\":{\"@id\":\"https:\/\/act-chargers.com\/fr\/#\/schema\/logo\/image\/\"}}]}<\/script>\n<!-- \/ Yoast SEO plugin. -->","yoast_head_json":{"title":"Perspectives et mises \u00e0 jour - ACT Advanced Charging\u00a0Technologies %%.","description":"Restez inform\u00e9 des derniers d\u00e9veloppements chez Advanced Charging Technologies. Notre page \"Actualit\u00e9s et mises \u00e0 jour\" propose des informations actualis\u00e9es sur les nouveaux produits, les perspectives du secteur, les nouvelles de l'entreprise et bien d'autres choses encore. Restez \u00e0 la pointe des innovations en mati\u00e8re de batteries et de technologies de charge en cliquant ici.","robots":{"index":"index","follow":"follow","max-snippet":"max-snippet:-1","max-image-preview":"max-image-preview:large","max-video-preview":"max-video-preview:-1"},"canonical":"https:\/\/act-chargers.com\/fr\/actualites\/","og_locale":"fr_FR","og_type":"article","og_title":"Perspectives et mises \u00e0 jour - ACT Advanced Charging\u00a0Technologies %%.","og_description":"Restez inform\u00e9 des derniers d\u00e9veloppements chez Advanced Charging Technologies. Notre page \"Actualit\u00e9s et mises \u00e0 jour\" propose des informations actualis\u00e9es sur les nouveaux produits, les perspectives du secteur, les nouvelles de l'entreprise et bien d'autres choses encore. Restez \u00e0 la pointe des innovations en mati\u00e8re de batteries et de technologies de charge en cliquant ici.","og_url":"https:\/\/act-chargers.com\/fr\/actualites\/","og_site_name":"ACT Advanced Charging\u00a0Technologies","article_modified_time":"2023-09-22T16:07:46+00:00","twitter_card":"summary_large_image","schema":{"@context":"https:\/\/schema.org","@graph":[{"@type":"WebPage","@id":"https:\/\/act-chargers.com\/fr\/actualites\/","url":"https:\/\/act-chargers.com\/fr\/actualites\/","name":"Perspectives et mises \u00e0 jour - ACT Advanced Charging\u00a0Technologies %%.","isPartOf":{"@id":"https:\/\/act-chargers.com\/fr\/#website"},"datePublished":"2023-08-05T18:35:00+00:00","dateModified":"2023-09-22T16:07:46+00:00","description":"Restez inform\u00e9 des derniers d\u00e9veloppements chez Advanced Charging Technologies. Notre page \"Actualit\u00e9s et mises \u00e0 jour\" propose des informations actualis\u00e9es sur les nouveaux produits, les perspectives du secteur, les nouvelles de l'entreprise et bien d'autres choses encore. Restez \u00e0 la pointe des innovations en mati\u00e8re de batteries et de technologies de charge en cliquant ici.","breadcrumb":{"@id":"https:\/\/act-chargers.com\/fr\/actualites\/#breadcrumb"},"inLanguage":"fr-FR","potentialAction":[{"@type":"ReadAction","target":["https:\/\/act-chargers.com\/fr\/actualites\/"]}]},{"@type":"BreadcrumbList","@id":"https:\/\/act-chargers.com\/fr\/actualites\/#breadcrumb","itemListElement":[{"@type":"ListItem","position":1,"name":"Home","item":"https:\/\/act-chargers.com\/fr\/accueil\/"},{"@type":"ListItem","position":2,"name":"Actualit\u00e9s"}]},{"@type":"WebSite","@id":"https:\/\/act-chargers.com\/fr\/#website","url":"https:\/\/act-chargers.com\/fr\/","name":"ACT Chargers","description":"","publisher":{"@id":"https:\/\/act-chargers.com\/fr\/#organization"},"potentialAction":[{"@type":"SearchAction","target":{"@type":"EntryPoint","urlTemplate":"https:\/\/act-chargers.com\/fr\/?s={search_term_string}"},"query-input":{"@type":"PropertyValueSpecification","valueRequired":true,"valueName":"search_term_string"}}],"inLanguage":"fr-FR"},{"@type":"Organization","@id":"https:\/\/act-chargers.com\/fr\/#organization","name":"ACT Chargers","url":"https:\/\/act-chargers.com\/fr\/","logo":{"@type":"ImageObject","inLanguage":"fr-FR","@id":"https:\/\/act-chargers.com\/fr\/#\/schema\/logo\/image\/","url":"https:\/\/act-chargers.com\/wp-content\/uploads\/2023\/09\/ACT-Inverse-Horizontal-Logo-on-Dark-Blue-1600x1600-1.png","contentUrl":"https:\/\/act-chargers.com\/wp-content\/uploads\/2023\/09\/ACT-Inverse-Horizontal-Logo-on-Dark-Blue-1600x1600-1.png","width":1600,"height":1600,"caption":"ACT Chargers"},"image":{"@id":"https:\/\/act-chargers.com\/fr\/#\/schema\/logo\/image\/"}}]}},"_links":{"self":[{"href":"https:\/\/act-chargers.com\/fr\/wp-json\/wp\/v2\/pages\/1001","targetHints":{"allow":["GET"]}}],"collection":[{"href":"https:\/\/act-chargers.com\/fr\/wp-json\/wp\/v2\/pages"}],"about":[{"href":"https:\/\/act-chargers.com\/fr\/wp-json\/wp\/v2\/types\/page"}],"author":[{"embeddable":true,"href":"https:\/\/act-chargers.com\/fr\/wp-json\/wp\/v2\/users\/1"}],"replies":[{"embeddable":true,"href":"https:\/\/act-chargers.com\/fr\/wp-json\/wp\/v2\/comments?post=1001"}],"version-history":[{"count":0,"href":"https:\/\/act-chargers.com\/fr\/wp-json\/wp\/v2\/pages\/1001\/revisions"}],"wp:attachment":[{"href":"https:\/\/act-chargers.com\/fr\/wp-json\/wp\/v2\/media?parent=1001"}],"curies":[{"name":"wp","href":"https:\/\/api.w.org\/{rel}","templated":true}]}}