{"id":1011,"date":"2023-08-10T12:19:17","date_gmt":"2023-08-10T12:19:17","guid":{"rendered":"https:\/\/actchargers.wpengine.com\/rejoignez-nous\/"},"modified":"2023-08-25T10:08:24","modified_gmt":"2023-08-25T10:08:24","slug":"rejoignez-nous","status":"publish","type":"page","link":"https:\/\/act-chargers.com\/fr\/rejoignez-nous\/","title":{"rendered":"Rejoignez-nous"},"content":{"rendered":"<p style=\"color: red; font-weight: bold;\">Cette page et son contenu ont \u00e9t\u00e9 g\u00e9n\u00e9r\u00e9s automatiquement pour vous donner une id\u00e9e de ce \u00e0 quoi devrait ressembler une page \u00ab\u00a0Rejoignez-nous\u00a0\u00bb. Vous pouvez personnaliser cette page \u00e0 votre guise en la modifiant \u00e0 partir de votre \u00e9diteur de pages WordPress.<\/p>\n<p style=\"font-weight: bold;\">Si vous modifiez l&rsquo;URL de cette page, veillez \u00e0 mettre \u00e0 jour la valeur de l&rsquo;URL dans le menu des param\u00e8tres du plugin.<\/p>\n<p style=\"border-top: 1px solid #ccc; padding-top: 10px; margin-top: 10px;\">\n<p><strong>Adh\u00e9sion gratuite<\/strong><\/p>\n<p>Vous b\u00e9n\u00e9ficiez d&rsquo;un acc\u00e8s illimit\u00e9 au contenu gratuit de l&rsquo;adh\u00e9sion<\/p>\n<p><em><strong>Prix : Gratuit !<\/strong><\/em><\/p>\n<p>Liez l&rsquo;image suivante pour acc\u00e9der \u00e0 la page d&rsquo;inscription si vous souhaitez que vos visiteurs puissent cr\u00e9er un compte d&rsquo;adh\u00e9rent gratuit.<\/p>\n<p><img loading=\"lazy\" decoding=\"async\" title=\"Rejoignez-nous\" src=\"https:\/\/actchargers.wpengine.com\/wp-content\/plugins\/simple-membership\/images\/join-now-button-image.gif\" alt=\"Bouton \"Rejoindre maintenant\" width=\"277\" height=\"82\"><\/p>\n<p style=\"border-bottom: 1px solid #ccc; padding-bottom: 10px; margin-bottom: 10px;\">\n<p><strong>Vous pouvez vous inscrire pour une adh\u00e9sion gratuite ou payer pour l&rsquo;une des options d&rsquo;adh\u00e9sion suivantes<\/strong><\/p>\n<p style=\"border-top: 1px solid #ccc; padding-top: 10px; margin-top: 10px;\">\n<p>[ ==&gt; Ins\u00e9rez le bouton de paiement pour vos niveaux d&rsquo;adh\u00e9sion payants ici &lt;== ]<\/p>\n<p style=\"border-bottom: 1px solid #ccc; padding-bottom: 10px; margin-bottom: 10px;\">\n","protected":false},"excerpt":{"rendered":"<p>Cette page et son contenu ont \u00e9t\u00e9 g\u00e9n\u00e9r\u00e9s automatiquement pour vous donner une id\u00e9e de ce \u00e0 quoi devrait ressembler une page \u00ab\u00a0Rejoignez-nous\u00a0\u00bb. Vous pouvez personnaliser cette page \u00e0 votre guise en la modifiant \u00e0 partir de votre \u00e9diteur de pages WordPress. Si vous modifiez l&rsquo;URL de cette page, veillez \u00e0 mettre \u00e0 jour la [&hellip;]<\/p>\n","protected":false},"author":1,"featured_media":0,"parent":0,"menu_order":0,"comment_status":"closed","ping_status":"closed","template":"template-pages\/account.php","meta":{"footnotes":""},"class_list":["post-1011","page","type-page","status-publish","hentry"],"acf":[],"yoast_head":"<!-- This site is optimized with the Yoast SEO plugin v26.6 - https:\/\/yoast.com\/wordpress\/plugins\/seo\/ -->\n<title>Rejoignez-nous - ACT Advanced Charging\u00a0Technologies<\/title>\n<meta name=\"robots\" content=\"index, follow, max-snippet:-1, max-image-preview:large, max-video-preview:-1\" \/>\n<link rel=\"canonical\" href=\"https:\/\/act-chargers.com\/fr\/rejoignez-nous\/\" \/>\n<meta property=\"og:locale\" content=\"fr_FR\" \/>\n<meta property=\"og:type\" content=\"article\" \/>\n<meta property=\"og:title\" content=\"Rejoignez-nous - ACT Advanced Charging\u00a0Technologies\" \/>\n<meta property=\"og:description\" content=\"Cette page et son contenu ont \u00e9t\u00e9 g\u00e9n\u00e9r\u00e9s automatiquement pour vous donner une id\u00e9e de ce \u00e0 quoi devrait ressembler une page \u00ab\u00a0Rejoignez-nous\u00a0\u00bb. Vous pouvez personnaliser cette page \u00e0 votre guise en la modifiant \u00e0 partir de votre \u00e9diteur de pages WordPress. Si vous modifiez l&rsquo;URL de cette page, veillez \u00e0 mettre \u00e0 jour la [&hellip;]\" \/>\n<meta property=\"og:url\" content=\"https:\/\/act-chargers.com\/fr\/rejoignez-nous\/\" \/>\n<meta property=\"og:site_name\" content=\"ACT Advanced Charging\u00a0Technologies\" \/>\n<meta property=\"article:modified_time\" content=\"2023-08-25T10:08:24+00:00\" \/>\n<meta property=\"og:image\" content=\"https:\/\/actchargers.wpengine.com\/wp-content\/plugins\/simple-membership\/images\/join-now-button-image.gif\" \/>\n<meta name=\"twitter:card\" content=\"summary_large_image\" \/>\n<meta name=\"twitter:label1\" content=\"Dur\u00e9e de lecture estim\u00e9e\" \/>\n\t<meta name=\"twitter:data1\" content=\"1 minute\" \/>\n<script type=\"application\/ld+json\" class=\"yoast-schema-graph\">{\"@context\":\"https:\/\/schema.org\",\"@graph\":[{\"@type\":\"WebPage\",\"@id\":\"https:\/\/act-chargers.com\/fr\/rejoignez-nous\/\",\"url\":\"https:\/\/act-chargers.com\/fr\/rejoignez-nous\/\",\"name\":\"Rejoignez-nous - ACT Advanced Charging\u00a0Technologies\",\"isPartOf\":{\"@id\":\"https:\/\/act-chargers.com\/fr\/#website\"},\"primaryImageOfPage\":{\"@id\":\"https:\/\/act-chargers.com\/fr\/rejoignez-nous\/#primaryimage\"},\"image\":{\"@id\":\"https:\/\/act-chargers.com\/fr\/rejoignez-nous\/#primaryimage\"},\"thumbnailUrl\":\"https:\/\/actchargers.wpengine.com\/wp-content\/plugins\/simple-membership\/images\/join-now-button-image.gif\",\"datePublished\":\"2023-08-10T12:19:17+00:00\",\"dateModified\":\"2023-08-25T10:08:24+00:00\",\"breadcrumb\":{\"@id\":\"https:\/\/act-chargers.com\/fr\/rejoignez-nous\/#breadcrumb\"},\"inLanguage\":\"fr-FR\",\"potentialAction\":[{\"@type\":\"ReadAction\",\"target\":[\"https:\/\/act-chargers.com\/fr\/rejoignez-nous\/\"]}]},{\"@type\":\"ImageObject\",\"inLanguage\":\"fr-FR\",\"@id\":\"https:\/\/act-chargers.com\/fr\/rejoignez-nous\/#primaryimage\",\"url\":\"https:\/\/actchargers.wpengine.com\/wp-content\/plugins\/simple-membership\/images\/join-now-button-image.gif\",\"contentUrl\":\"https:\/\/actchargers.wpengine.com\/wp-content\/plugins\/simple-membership\/images\/join-now-button-image.gif\"},{\"@type\":\"BreadcrumbList\",\"@id\":\"https:\/\/act-chargers.com\/fr\/rejoignez-nous\/#breadcrumb\",\"itemListElement\":[{\"@type\":\"ListItem\",\"position\":1,\"name\":\"Home\",\"item\":\"https:\/\/act-chargers.com\/fr\/accueil\/\"},{\"@type\":\"ListItem\",\"position\":2,\"name\":\"Rejoignez-nous\"}]},{\"@type\":\"WebSite\",\"@id\":\"https:\/\/act-chargers.com\/fr\/#website\",\"url\":\"https:\/\/act-chargers.com\/fr\/\",\"name\":\"ACT Chargers\",\"description\":\"\",\"publisher\":{\"@id\":\"https:\/\/act-chargers.com\/fr\/#organization\"},\"potentialAction\":[{\"@type\":\"SearchAction\",\"target\":{\"@type\":\"EntryPoint\",\"urlTemplate\":\"https:\/\/act-chargers.com\/fr\/?s={search_term_string}\"},\"query-input\":{\"@type\":\"PropertyValueSpecification\",\"valueRequired\":true,\"valueName\":\"search_term_string\"}}],\"inLanguage\":\"fr-FR\"},{\"@type\":\"Organization\",\"@id\":\"https:\/\/act-chargers.com\/fr\/#organization\",\"name\":\"ACT Chargers\",\"url\":\"https:\/\/act-chargers.com\/fr\/\",\"logo\":{\"@type\":\"ImageObject\",\"inLanguage\":\"fr-FR\",\"@id\":\"https:\/\/act-chargers.com\/fr\/#\/schema\/logo\/image\/\",\"url\":\"https:\/\/act-chargers.com\/wp-content\/uploads\/2023\/09\/ACT-Inverse-Horizontal-Logo-on-Dark-Blue-1600x1600-1.png\",\"contentUrl\":\"https:\/\/act-chargers.com\/wp-content\/uploads\/2023\/09\/ACT-Inverse-Horizontal-Logo-on-Dark-Blue-1600x1600-1.png\",\"width\":1600,\"height\":1600,\"caption\":\"ACT Chargers\"},\"image\":{\"@id\":\"https:\/\/act-chargers.com\/fr\/#\/schema\/logo\/image\/\"}}]}<\/script>\n<!-- \/ Yoast SEO plugin. -->","yoast_head_json":{"title":"Rejoignez-nous - ACT Advanced Charging\u00a0Technologies","robots":{"index":"index","follow":"follow","max-snippet":"max-snippet:-1","max-image-preview":"max-image-preview:large","max-video-preview":"max-video-preview:-1"},"canonical":"https:\/\/act-chargers.com\/fr\/rejoignez-nous\/","og_locale":"fr_FR","og_type":"article","og_title":"Rejoignez-nous - ACT Advanced Charging\u00a0Technologies","og_description":"Cette page et son contenu ont \u00e9t\u00e9 g\u00e9n\u00e9r\u00e9s automatiquement pour vous donner une id\u00e9e de ce \u00e0 quoi devrait ressembler une page \u00ab\u00a0Rejoignez-nous\u00a0\u00bb. Vous pouvez personnaliser cette page \u00e0 votre guise en la modifiant \u00e0 partir de votre \u00e9diteur de pages WordPress. Si vous modifiez l&rsquo;URL de cette page, veillez \u00e0 mettre \u00e0 jour la [&hellip;]","og_url":"https:\/\/act-chargers.com\/fr\/rejoignez-nous\/","og_site_name":"ACT Advanced Charging\u00a0Technologies","article_modified_time":"2023-08-25T10:08:24+00:00","og_image":[{"url":"https:\/\/actchargers.wpengine.com\/wp-content\/plugins\/simple-membership\/images\/join-now-button-image.gif","type":"","width":"","height":""}],"twitter_card":"summary_large_image","twitter_misc":{"Dur\u00e9e de lecture estim\u00e9e":"1 minute"},"schema":{"@context":"https:\/\/schema.org","@graph":[{"@type":"WebPage","@id":"https:\/\/act-chargers.com\/fr\/rejoignez-nous\/","url":"https:\/\/act-chargers.com\/fr\/rejoignez-nous\/","name":"Rejoignez-nous - ACT Advanced Charging\u00a0Technologies","isPartOf":{"@id":"https:\/\/act-chargers.com\/fr\/#website"},"primaryImageOfPage":{"@id":"https:\/\/act-chargers.com\/fr\/rejoignez-nous\/#primaryimage"},"image":{"@id":"https:\/\/act-chargers.com\/fr\/rejoignez-nous\/#primaryimage"},"thumbnailUrl":"https:\/\/actchargers.wpengine.com\/wp-content\/plugins\/simple-membership\/images\/join-now-button-image.gif","datePublished":"2023-08-10T12:19:17+00:00","dateModified":"2023-08-25T10:08:24+00:00","breadcrumb":{"@id":"https:\/\/act-chargers.com\/fr\/rejoignez-nous\/#breadcrumb"},"inLanguage":"fr-FR","potentialAction":[{"@type":"ReadAction","target":["https:\/\/act-chargers.com\/fr\/rejoignez-nous\/"]}]},{"@type":"ImageObject","inLanguage":"fr-FR","@id":"https:\/\/act-chargers.com\/fr\/rejoignez-nous\/#primaryimage","url":"https:\/\/actchargers.wpengine.com\/wp-content\/plugins\/simple-membership\/images\/join-now-button-image.gif","contentUrl":"https:\/\/actchargers.wpengine.com\/wp-content\/plugins\/simple-membership\/images\/join-now-button-image.gif"},{"@type":"BreadcrumbList","@id":"https:\/\/act-chargers.com\/fr\/rejoignez-nous\/#breadcrumb","itemListElement":[{"@type":"ListItem","position":1,"name":"Home","item":"https:\/\/act-chargers.com\/fr\/accueil\/"},{"@type":"ListItem","position":2,"name":"Rejoignez-nous"}]},{"@type":"WebSite","@id":"https:\/\/act-chargers.com\/fr\/#website","url":"https:\/\/act-chargers.com\/fr\/","name":"ACT Chargers","description":"","publisher":{"@id":"https:\/\/act-chargers.com\/fr\/#organization"},"potentialAction":[{"@type":"SearchAction","target":{"@type":"EntryPoint","urlTemplate":"https:\/\/act-chargers.com\/fr\/?s={search_term_string}"},"query-input":{"@type":"PropertyValueSpecification","valueRequired":true,"valueName":"search_term_string"}}],"inLanguage":"fr-FR"},{"@type":"Organization","@id":"https:\/\/act-chargers.com\/fr\/#organization","name":"ACT Chargers","url":"https:\/\/act-chargers.com\/fr\/","logo":{"@type":"ImageObject","inLanguage":"fr-FR","@id":"https:\/\/act-chargers.com\/fr\/#\/schema\/logo\/image\/","url":"https:\/\/act-chargers.com\/wp-content\/uploads\/2023\/09\/ACT-Inverse-Horizontal-Logo-on-Dark-Blue-1600x1600-1.png","contentUrl":"https:\/\/act-chargers.com\/wp-content\/uploads\/2023\/09\/ACT-Inverse-Horizontal-Logo-on-Dark-Blue-1600x1600-1.png","width":1600,"height":1600,"caption":"ACT Chargers"},"image":{"@id":"https:\/\/act-chargers.com\/fr\/#\/schema\/logo\/image\/"}}]}},"_links":{"self":[{"href":"https:\/\/act-chargers.com\/fr\/wp-json\/wp\/v2\/pages\/1011","targetHints":{"allow":["GET"]}}],"collection":[{"href":"https:\/\/act-chargers.com\/fr\/wp-json\/wp\/v2\/pages"}],"about":[{"href":"https:\/\/act-chargers.com\/fr\/wp-json\/wp\/v2\/types\/page"}],"author":[{"embeddable":true,"href":"https:\/\/act-chargers.com\/fr\/wp-json\/wp\/v2\/users\/1"}],"replies":[{"embeddable":true,"href":"https:\/\/act-chargers.com\/fr\/wp-json\/wp\/v2\/comments?post=1011"}],"version-history":[{"count":0,"href":"https:\/\/act-chargers.com\/fr\/wp-json\/wp\/v2\/pages\/1011\/revisions"}],"wp:attachment":[{"href":"https:\/\/act-chargers.com\/fr\/wp-json\/wp\/v2\/media?parent=1011"}],"curies":[{"name":"wp","href":"https:\/\/api.w.org\/{rel}","templated":true}]}}