{"id":38597,"date":"2024-08-27T04:47:26","date_gmt":"2024-08-27T04:47:26","guid":{"rendered":"https:\/\/act-chargers.com\/?page_id=38597"},"modified":"2024-08-27T04:47:30","modified_gmt":"2024-08-27T04:47:30","slug":"a-propos-de-nous-2","status":"publish","type":"page","link":"https:\/\/act-chargers.com\/fr\/a-propos-de-nous-2\/","title":{"rendered":"\u00c0 propos de nous"},"content":{"rendered":"","protected":false},"excerpt":{"rendered":"","protected":false},"author":1,"featured_media":38601,"parent":0,"menu_order":0,"comment_status":"closed","ping_status":"closed","template":"teaser-custom-template.php","meta":{"footnotes":""},"class_list":["post-38597","page","type-page","status-publish","has-post-thumbnail","hentry"],"acf":[],"yoast_head":"<!-- This site is optimized with the Yoast SEO plugin v26.6 - https:\/\/yoast.com\/wordpress\/plugins\/seo\/ -->\n<title>D\u00e9couvrez qui nous sommes - ACT Advanced Charging\u00a0Technologies<\/title>\n<meta name=\"description\" content=\"D\u00e9couvrez Advanced Charging Technologies : Un leader dans les solutions int\u00e9gr\u00e9es de batteries de chariots \u00e9l\u00e9vateurs et de charge depuis 2009. Notre engagement en faveur de l&#039;innovation, de l&#039;efficacit\u00e9 et de la technologie intelligente transforme l&#039;avenir de la force motrice et de la gestion de flotte.\" \/>\n<meta name=\"robots\" content=\"index, follow, max-snippet:-1, max-image-preview:large, max-video-preview:-1\" \/>\n<link rel=\"canonical\" href=\"https:\/\/act-chargers.com\/fr\/a-propos-de-nous-2\/\" \/>\n<meta property=\"og:locale\" content=\"fr_FR\" \/>\n<meta property=\"og:type\" content=\"article\" \/>\n<meta property=\"og:title\" content=\"D\u00e9couvrez qui nous sommes - ACT Advanced Charging\u00a0Technologies\" \/>\n<meta property=\"og:description\" content=\"D\u00e9couvrez Advanced Charging Technologies : Un leader dans les solutions int\u00e9gr\u00e9es de batteries de chariots \u00e9l\u00e9vateurs et de charge depuis 2009. Notre engagement en faveur de l&#039;innovation, de l&#039;efficacit\u00e9 et de la technologie intelligente transforme l&#039;avenir de la force motrice et de la gestion de flotte.\" \/>\n<meta property=\"og:url\" content=\"https:\/\/act-chargers.com\/fr\/a-propos-de-nous-2\/\" \/>\n<meta property=\"og:site_name\" content=\"ACT Advanced Charging\u00a0Technologies\" \/>\n<meta property=\"article:modified_time\" content=\"2024-08-27T04:47:30+00:00\" \/>\n<meta name=\"twitter:card\" content=\"summary_large_image\" \/>\n<script type=\"application\/ld+json\" class=\"yoast-schema-graph\">{\"@context\":\"https:\/\/schema.org\",\"@graph\":[{\"@type\":\"WebPage\",\"@id\":\"https:\/\/act-chargers.com\/fr\/a-propos-de-nous-2\/\",\"url\":\"https:\/\/act-chargers.com\/fr\/a-propos-de-nous-2\/\",\"name\":\"D\u00e9couvrez qui nous sommes - ACT Advanced Charging\u00a0Technologies\",\"isPartOf\":{\"@id\":\"https:\/\/act-chargers.com\/fr\/#website\"},\"primaryImageOfPage\":{\"@id\":\"https:\/\/act-chargers.com\/fr\/a-propos-de-nous-2\/#primaryimage\"},\"image\":{\"@id\":\"https:\/\/act-chargers.com\/fr\/a-propos-de-nous-2\/#primaryimage\"},\"thumbnailUrl\":\"https:\/\/act-chargers.com\/wp-content\/uploads\/2024\/08\/Quantum-3-Teaser-Image.png\",\"datePublished\":\"2024-08-27T04:47:26+00:00\",\"dateModified\":\"2024-08-27T04:47:30+00:00\",\"description\":\"D\u00e9couvrez Advanced Charging Technologies : Un leader dans les solutions int\u00e9gr\u00e9es de batteries de chariots \u00e9l\u00e9vateurs et de charge depuis 2009. Notre engagement en faveur de l'innovation, de l'efficacit\u00e9 et de la technologie intelligente transforme l'avenir de la force motrice et de la gestion de flotte.\",\"breadcrumb\":{\"@id\":\"https:\/\/act-chargers.com\/fr\/a-propos-de-nous-2\/#breadcrumb\"},\"inLanguage\":\"fr-FR\",\"potentialAction\":[{\"@type\":\"ReadAction\",\"target\":[\"https:\/\/act-chargers.com\/fr\/a-propos-de-nous-2\/\"]}]},{\"@type\":\"ImageObject\",\"inLanguage\":\"fr-FR\",\"@id\":\"https:\/\/act-chargers.com\/fr\/a-propos-de-nous-2\/#primaryimage\",\"url\":\"https:\/\/act-chargers.com\/wp-content\/uploads\/2024\/08\/Quantum-3-Teaser-Image.png\",\"contentUrl\":\"https:\/\/act-chargers.com\/wp-content\/uploads\/2024\/08\/Quantum-3-Teaser-Image.png\",\"width\":1920,\"height\":1080},{\"@type\":\"BreadcrumbList\",\"@id\":\"https:\/\/act-chargers.com\/fr\/a-propos-de-nous-2\/#breadcrumb\",\"itemListElement\":[{\"@type\":\"ListItem\",\"position\":1,\"name\":\"Home\",\"item\":\"https:\/\/act-chargers.com\/fr\/accueil\/\"},{\"@type\":\"ListItem\",\"position\":2,\"name\":\"\u00c0 propos de nous\"}]},{\"@type\":\"WebSite\",\"@id\":\"https:\/\/act-chargers.com\/fr\/#website\",\"url\":\"https:\/\/act-chargers.com\/fr\/\",\"name\":\"ACT Chargers\",\"description\":\"\",\"publisher\":{\"@id\":\"https:\/\/act-chargers.com\/fr\/#organization\"},\"potentialAction\":[{\"@type\":\"SearchAction\",\"target\":{\"@type\":\"EntryPoint\",\"urlTemplate\":\"https:\/\/act-chargers.com\/fr\/?s={search_term_string}\"},\"query-input\":{\"@type\":\"PropertyValueSpecification\",\"valueRequired\":true,\"valueName\":\"search_term_string\"}}],\"inLanguage\":\"fr-FR\"},{\"@type\":\"Organization\",\"@id\":\"https:\/\/act-chargers.com\/fr\/#organization\",\"name\":\"ACT Chargers\",\"url\":\"https:\/\/act-chargers.com\/fr\/\",\"logo\":{\"@type\":\"ImageObject\",\"inLanguage\":\"fr-FR\",\"@id\":\"https:\/\/act-chargers.com\/fr\/#\/schema\/logo\/image\/\",\"url\":\"https:\/\/act-chargers.com\/wp-content\/uploads\/2023\/09\/ACT-Inverse-Horizontal-Logo-on-Dark-Blue-1600x1600-1.png\",\"contentUrl\":\"https:\/\/act-chargers.com\/wp-content\/uploads\/2023\/09\/ACT-Inverse-Horizontal-Logo-on-Dark-Blue-1600x1600-1.png\",\"width\":1600,\"height\":1600,\"caption\":\"ACT Chargers\"},\"image\":{\"@id\":\"https:\/\/act-chargers.com\/fr\/#\/schema\/logo\/image\/\"}}]}<\/script>\n<!-- \/ Yoast SEO plugin. -->","yoast_head_json":{"title":"D\u00e9couvrez qui nous sommes - ACT Advanced Charging\u00a0Technologies","description":"D\u00e9couvrez Advanced Charging Technologies : Un leader dans les solutions int\u00e9gr\u00e9es de batteries de chariots \u00e9l\u00e9vateurs et de charge depuis 2009. Notre engagement en faveur de l'innovation, de l'efficacit\u00e9 et de la technologie intelligente transforme l'avenir de la force motrice et de la gestion de flotte.","robots":{"index":"index","follow":"follow","max-snippet":"max-snippet:-1","max-image-preview":"max-image-preview:large","max-video-preview":"max-video-preview:-1"},"canonical":"https:\/\/act-chargers.com\/fr\/a-propos-de-nous-2\/","og_locale":"fr_FR","og_type":"article","og_title":"D\u00e9couvrez qui nous sommes - ACT Advanced Charging\u00a0Technologies","og_description":"D\u00e9couvrez Advanced Charging Technologies : Un leader dans les solutions int\u00e9gr\u00e9es de batteries de chariots \u00e9l\u00e9vateurs et de charge depuis 2009. Notre engagement en faveur de l'innovation, de l'efficacit\u00e9 et de la technologie intelligente transforme l'avenir de la force motrice et de la gestion de flotte.","og_url":"https:\/\/act-chargers.com\/fr\/a-propos-de-nous-2\/","og_site_name":"ACT Advanced Charging\u00a0Technologies","article_modified_time":"2024-08-27T04:47:30+00:00","twitter_card":"summary_large_image","schema":{"@context":"https:\/\/schema.org","@graph":[{"@type":"WebPage","@id":"https:\/\/act-chargers.com\/fr\/a-propos-de-nous-2\/","url":"https:\/\/act-chargers.com\/fr\/a-propos-de-nous-2\/","name":"D\u00e9couvrez qui nous sommes - ACT Advanced Charging\u00a0Technologies","isPartOf":{"@id":"https:\/\/act-chargers.com\/fr\/#website"},"primaryImageOfPage":{"@id":"https:\/\/act-chargers.com\/fr\/a-propos-de-nous-2\/#primaryimage"},"image":{"@id":"https:\/\/act-chargers.com\/fr\/a-propos-de-nous-2\/#primaryimage"},"thumbnailUrl":"https:\/\/act-chargers.com\/wp-content\/uploads\/2024\/08\/Quantum-3-Teaser-Image.png","datePublished":"2024-08-27T04:47:26+00:00","dateModified":"2024-08-27T04:47:30+00:00","description":"D\u00e9couvrez Advanced Charging Technologies : Un leader dans les solutions int\u00e9gr\u00e9es de batteries de chariots \u00e9l\u00e9vateurs et de charge depuis 2009. Notre engagement en faveur de l'innovation, de l'efficacit\u00e9 et de la technologie intelligente transforme l'avenir de la force motrice et de la gestion de flotte.","breadcrumb":{"@id":"https:\/\/act-chargers.com\/fr\/a-propos-de-nous-2\/#breadcrumb"},"inLanguage":"fr-FR","potentialAction":[{"@type":"ReadAction","target":["https:\/\/act-chargers.com\/fr\/a-propos-de-nous-2\/"]}]},{"@type":"ImageObject","inLanguage":"fr-FR","@id":"https:\/\/act-chargers.com\/fr\/a-propos-de-nous-2\/#primaryimage","url":"https:\/\/act-chargers.com\/wp-content\/uploads\/2024\/08\/Quantum-3-Teaser-Image.png","contentUrl":"https:\/\/act-chargers.com\/wp-content\/uploads\/2024\/08\/Quantum-3-Teaser-Image.png","width":1920,"height":1080},{"@type":"BreadcrumbList","@id":"https:\/\/act-chargers.com\/fr\/a-propos-de-nous-2\/#breadcrumb","itemListElement":[{"@type":"ListItem","position":1,"name":"Home","item":"https:\/\/act-chargers.com\/fr\/accueil\/"},{"@type":"ListItem","position":2,"name":"\u00c0 propos de nous"}]},{"@type":"WebSite","@id":"https:\/\/act-chargers.com\/fr\/#website","url":"https:\/\/act-chargers.com\/fr\/","name":"ACT Chargers","description":"","publisher":{"@id":"https:\/\/act-chargers.com\/fr\/#organization"},"potentialAction":[{"@type":"SearchAction","target":{"@type":"EntryPoint","urlTemplate":"https:\/\/act-chargers.com\/fr\/?s={search_term_string}"},"query-input":{"@type":"PropertyValueSpecification","valueRequired":true,"valueName":"search_term_string"}}],"inLanguage":"fr-FR"},{"@type":"Organization","@id":"https:\/\/act-chargers.com\/fr\/#organization","name":"ACT Chargers","url":"https:\/\/act-chargers.com\/fr\/","logo":{"@type":"ImageObject","inLanguage":"fr-FR","@id":"https:\/\/act-chargers.com\/fr\/#\/schema\/logo\/image\/","url":"https:\/\/act-chargers.com\/wp-content\/uploads\/2023\/09\/ACT-Inverse-Horizontal-Logo-on-Dark-Blue-1600x1600-1.png","contentUrl":"https:\/\/act-chargers.com\/wp-content\/uploads\/2023\/09\/ACT-Inverse-Horizontal-Logo-on-Dark-Blue-1600x1600-1.png","width":1600,"height":1600,"caption":"ACT Chargers"},"image":{"@id":"https:\/\/act-chargers.com\/fr\/#\/schema\/logo\/image\/"}}]}},"_links":{"self":[{"href":"https:\/\/act-chargers.com\/fr\/wp-json\/wp\/v2\/pages\/38597","targetHints":{"allow":["GET"]}}],"collection":[{"href":"https:\/\/act-chargers.com\/fr\/wp-json\/wp\/v2\/pages"}],"about":[{"href":"https:\/\/act-chargers.com\/fr\/wp-json\/wp\/v2\/types\/page"}],"author":[{"embeddable":true,"href":"https:\/\/act-chargers.com\/fr\/wp-json\/wp\/v2\/users\/1"}],"replies":[{"embeddable":true,"href":"https:\/\/act-chargers.com\/fr\/wp-json\/wp\/v2\/comments?post=38597"}],"version-history":[{"count":0,"href":"https:\/\/act-chargers.com\/fr\/wp-json\/wp\/v2\/pages\/38597\/revisions"}],"wp:featuredmedia":[{"embeddable":true,"href":"https:\/\/act-chargers.com\/fr\/wp-json\/wp\/v2\/media\/38601"}],"wp:attachment":[{"href":"https:\/\/act-chargers.com\/fr\/wp-json\/wp\/v2\/media?parent=38597"}],"curies":[{"name":"wp","href":"https:\/\/api.w.org\/{rel}","templated":true}]}}