{"id":39442,"date":"2025-04-23T19:48:14","date_gmt":"2025-04-23T19:48:14","guid":{"rendered":"https:\/\/act-chargers.com\/?page_id=39442"},"modified":"2025-04-23T19:48:14","modified_gmt":"2025-04-23T19:48:14","slug":"nous-contacter-4","status":"publish","type":"page","link":"https:\/\/act-chargers.com\/fr\/nous-contacter-4\/","title":{"rendered":"Nous contacter"},"content":{"rendered":"","protected":false},"excerpt":{"rendered":"","protected":false},"author":1,"featured_media":0,"parent":0,"menu_order":0,"comment_status":"closed","ping_status":"closed","template":"","meta":{"footnotes":""},"class_list":["post-39442","page","type-page","status-publish","hentry"],"acf":[],"yoast_head":"<!-- This site is optimized with the Yoast SEO plugin v26.6 - https:\/\/yoast.com\/wordpress\/plugins\/seo\/ -->\n<title>Nous contacter -ACT Advanced Charging\u00a0Technologies%.<\/title>\n<meta name=\"description\" content=\"Besoin de contacter Advanced Charging Technologies ? Visitez notre page Contactez-nous pour obtenir toutes les informations dont vous avez besoin. Que vous ayez des questions, que vous ayez besoin d&#039;aide ou que vous soyez int\u00e9ress\u00e9 par nos solutions innovantes en mati\u00e8re de batteries pour chariots \u00e9l\u00e9vateurs, nous sommes l\u00e0 pour vous aider.\" \/>\n<meta name=\"robots\" content=\"index, follow, max-snippet:-1, max-image-preview:large, max-video-preview:-1\" \/>\n<link rel=\"canonical\" href=\"https:\/\/act-chargers.com\/fr\/nous-contacter-4\/\" \/>\n<meta property=\"og:locale\" content=\"fr_FR\" \/>\n<meta property=\"og:type\" content=\"article\" \/>\n<meta property=\"og:title\" content=\"Nous contacter -ACT Advanced Charging\u00a0Technologies%.\" \/>\n<meta property=\"og:description\" content=\"Besoin de contacter Advanced Charging Technologies ? Visitez notre page Contactez-nous pour obtenir toutes les informations dont vous avez besoin. Que vous ayez des questions, que vous ayez besoin d&#039;aide ou que vous soyez int\u00e9ress\u00e9 par nos solutions innovantes en mati\u00e8re de batteries pour chariots \u00e9l\u00e9vateurs, nous sommes l\u00e0 pour vous aider.\" \/>\n<meta property=\"og:url\" content=\"https:\/\/act-chargers.com\/fr\/nous-contacter-4\/\" \/>\n<meta property=\"og:site_name\" content=\"ACT Advanced Charging\u00a0Technologies\" \/>\n<meta name=\"twitter:card\" content=\"summary_large_image\" \/>\n<script type=\"application\/ld+json\" class=\"yoast-schema-graph\">{\"@context\":\"https:\/\/schema.org\",\"@graph\":[{\"@type\":\"WebPage\",\"@id\":\"https:\/\/act-chargers.com\/fr\/nous-contacter-4\/\",\"url\":\"https:\/\/act-chargers.com\/fr\/nous-contacter-4\/\",\"name\":\"Nous contacter -ACT Advanced Charging\u00a0Technologies%.\",\"isPartOf\":{\"@id\":\"https:\/\/act-chargers.com\/fr\/#website\"},\"datePublished\":\"2025-04-23T19:48:14+00:00\",\"description\":\"Besoin de contacter Advanced Charging Technologies ? Visitez notre page Contactez-nous pour obtenir toutes les informations dont vous avez besoin. Que vous ayez des questions, que vous ayez besoin d'aide ou que vous soyez int\u00e9ress\u00e9 par nos solutions innovantes en mati\u00e8re de batteries pour chariots \u00e9l\u00e9vateurs, nous sommes l\u00e0 pour vous aider.\",\"breadcrumb\":{\"@id\":\"https:\/\/act-chargers.com\/fr\/nous-contacter-4\/#breadcrumb\"},\"inLanguage\":\"fr-FR\",\"potentialAction\":[{\"@type\":\"ReadAction\",\"target\":[\"https:\/\/act-chargers.com\/fr\/nous-contacter-4\/\"]}]},{\"@type\":\"BreadcrumbList\",\"@id\":\"https:\/\/act-chargers.com\/fr\/nous-contacter-4\/#breadcrumb\",\"itemListElement\":[{\"@type\":\"ListItem\",\"position\":1,\"name\":\"Home\",\"item\":\"https:\/\/act-chargers.com\/fr\/accueil\/\"},{\"@type\":\"ListItem\",\"position\":2,\"name\":\"Nous contacter\"}]},{\"@type\":\"WebSite\",\"@id\":\"https:\/\/act-chargers.com\/fr\/#website\",\"url\":\"https:\/\/act-chargers.com\/fr\/\",\"name\":\"ACT Chargers\",\"description\":\"\",\"publisher\":{\"@id\":\"https:\/\/act-chargers.com\/fr\/#organization\"},\"potentialAction\":[{\"@type\":\"SearchAction\",\"target\":{\"@type\":\"EntryPoint\",\"urlTemplate\":\"https:\/\/act-chargers.com\/fr\/?s={search_term_string}\"},\"query-input\":{\"@type\":\"PropertyValueSpecification\",\"valueRequired\":true,\"valueName\":\"search_term_string\"}}],\"inLanguage\":\"fr-FR\"},{\"@type\":\"Organization\",\"@id\":\"https:\/\/act-chargers.com\/fr\/#organization\",\"name\":\"ACT Chargers\",\"url\":\"https:\/\/act-chargers.com\/fr\/\",\"logo\":{\"@type\":\"ImageObject\",\"inLanguage\":\"fr-FR\",\"@id\":\"https:\/\/act-chargers.com\/fr\/#\/schema\/logo\/image\/\",\"url\":\"https:\/\/act-chargers.com\/wp-content\/uploads\/2023\/09\/ACT-Inverse-Horizontal-Logo-on-Dark-Blue-1600x1600-1.png\",\"contentUrl\":\"https:\/\/act-chargers.com\/wp-content\/uploads\/2023\/09\/ACT-Inverse-Horizontal-Logo-on-Dark-Blue-1600x1600-1.png\",\"width\":1600,\"height\":1600,\"caption\":\"ACT Chargers\"},\"image\":{\"@id\":\"https:\/\/act-chargers.com\/fr\/#\/schema\/logo\/image\/\"}}]}<\/script>\n<!-- \/ Yoast SEO plugin. -->","yoast_head_json":{"title":"Nous contacter -ACT Advanced Charging\u00a0Technologies%.","description":"Besoin de contacter Advanced Charging Technologies ? Visitez notre page Contactez-nous pour obtenir toutes les informations dont vous avez besoin. Que vous ayez des questions, que vous ayez besoin d'aide ou que vous soyez int\u00e9ress\u00e9 par nos solutions innovantes en mati\u00e8re de batteries pour chariots \u00e9l\u00e9vateurs, nous sommes l\u00e0 pour vous aider.","robots":{"index":"index","follow":"follow","max-snippet":"max-snippet:-1","max-image-preview":"max-image-preview:large","max-video-preview":"max-video-preview:-1"},"canonical":"https:\/\/act-chargers.com\/fr\/nous-contacter-4\/","og_locale":"fr_FR","og_type":"article","og_title":"Nous contacter -ACT Advanced Charging\u00a0Technologies%.","og_description":"Besoin de contacter Advanced Charging Technologies ? Visitez notre page Contactez-nous pour obtenir toutes les informations dont vous avez besoin. Que vous ayez des questions, que vous ayez besoin d'aide ou que vous soyez int\u00e9ress\u00e9 par nos solutions innovantes en mati\u00e8re de batteries pour chariots \u00e9l\u00e9vateurs, nous sommes l\u00e0 pour vous aider.","og_url":"https:\/\/act-chargers.com\/fr\/nous-contacter-4\/","og_site_name":"ACT Advanced Charging\u00a0Technologies","twitter_card":"summary_large_image","schema":{"@context":"https:\/\/schema.org","@graph":[{"@type":"WebPage","@id":"https:\/\/act-chargers.com\/fr\/nous-contacter-4\/","url":"https:\/\/act-chargers.com\/fr\/nous-contacter-4\/","name":"Nous contacter -ACT Advanced Charging\u00a0Technologies%.","isPartOf":{"@id":"https:\/\/act-chargers.com\/fr\/#website"},"datePublished":"2025-04-23T19:48:14+00:00","description":"Besoin de contacter Advanced Charging Technologies ? Visitez notre page Contactez-nous pour obtenir toutes les informations dont vous avez besoin. Que vous ayez des questions, que vous ayez besoin d'aide ou que vous soyez int\u00e9ress\u00e9 par nos solutions innovantes en mati\u00e8re de batteries pour chariots \u00e9l\u00e9vateurs, nous sommes l\u00e0 pour vous aider.","breadcrumb":{"@id":"https:\/\/act-chargers.com\/fr\/nous-contacter-4\/#breadcrumb"},"inLanguage":"fr-FR","potentialAction":[{"@type":"ReadAction","target":["https:\/\/act-chargers.com\/fr\/nous-contacter-4\/"]}]},{"@type":"BreadcrumbList","@id":"https:\/\/act-chargers.com\/fr\/nous-contacter-4\/#breadcrumb","itemListElement":[{"@type":"ListItem","position":1,"name":"Home","item":"https:\/\/act-chargers.com\/fr\/accueil\/"},{"@type":"ListItem","position":2,"name":"Nous contacter"}]},{"@type":"WebSite","@id":"https:\/\/act-chargers.com\/fr\/#website","url":"https:\/\/act-chargers.com\/fr\/","name":"ACT Chargers","description":"","publisher":{"@id":"https:\/\/act-chargers.com\/fr\/#organization"},"potentialAction":[{"@type":"SearchAction","target":{"@type":"EntryPoint","urlTemplate":"https:\/\/act-chargers.com\/fr\/?s={search_term_string}"},"query-input":{"@type":"PropertyValueSpecification","valueRequired":true,"valueName":"search_term_string"}}],"inLanguage":"fr-FR"},{"@type":"Organization","@id":"https:\/\/act-chargers.com\/fr\/#organization","name":"ACT Chargers","url":"https:\/\/act-chargers.com\/fr\/","logo":{"@type":"ImageObject","inLanguage":"fr-FR","@id":"https:\/\/act-chargers.com\/fr\/#\/schema\/logo\/image\/","url":"https:\/\/act-chargers.com\/wp-content\/uploads\/2023\/09\/ACT-Inverse-Horizontal-Logo-on-Dark-Blue-1600x1600-1.png","contentUrl":"https:\/\/act-chargers.com\/wp-content\/uploads\/2023\/09\/ACT-Inverse-Horizontal-Logo-on-Dark-Blue-1600x1600-1.png","width":1600,"height":1600,"caption":"ACT Chargers"},"image":{"@id":"https:\/\/act-chargers.com\/fr\/#\/schema\/logo\/image\/"}}]}},"_links":{"self":[{"href":"https:\/\/act-chargers.com\/fr\/wp-json\/wp\/v2\/pages\/39442","targetHints":{"allow":["GET"]}}],"collection":[{"href":"https:\/\/act-chargers.com\/fr\/wp-json\/wp\/v2\/pages"}],"about":[{"href":"https:\/\/act-chargers.com\/fr\/wp-json\/wp\/v2\/types\/page"}],"author":[{"embeddable":true,"href":"https:\/\/act-chargers.com\/fr\/wp-json\/wp\/v2\/users\/1"}],"replies":[{"embeddable":true,"href":"https:\/\/act-chargers.com\/fr\/wp-json\/wp\/v2\/comments?post=39442"}],"version-history":[{"count":0,"href":"https:\/\/act-chargers.com\/fr\/wp-json\/wp\/v2\/pages\/39442\/revisions"}],"wp:attachment":[{"href":"https:\/\/act-chargers.com\/fr\/wp-json\/wp\/v2\/media?parent=39442"}],"curies":[{"name":"wp","href":"https:\/\/api.w.org\/{rel}","templated":true}]}}