{"id":974,"date":"2016-05-10T03:48:21","date_gmt":"2016-05-10T03:48:21","guid":{"rendered":"https:\/\/actchargers.wpengine.com\/accueil\/"},"modified":"2023-09-26T15:36:24","modified_gmt":"2023-09-26T15:36:24","slug":"accueil","status":"publish","type":"page","link":"https:\/\/act-chargers.com\/fr\/","title":{"rendered":"Accueil"},"content":{"rendered":"","protected":false},"excerpt":{"rendered":"","protected":false},"author":1,"featured_media":0,"parent":0,"menu_order":0,"comment_status":"closed","ping_status":"open","template":"template-pages\/home.php","meta":{"footnotes":""},"class_list":["post-974","page","type-page","status-publish","hentry"],"acf":[],"yoast_head":"<!-- This site is optimized with the Yoast SEO plugin v26.6 - https:\/\/yoast.com\/wordpress\/plugins\/seo\/ -->\n<title>ACT Advanced Charging\u00a0Technologies - Advanced Charging Technologies<\/title>\n<meta name=\"description\" content=\"Am\u00e9liorez vos op\u00e9rations d&#039;entreposage gr\u00e2ce aux technologies de charge avanc\u00e9es. Nous sommes les premiers \u00e0 proposer des solutions int\u00e9gr\u00e9es pour les batteries de chariots \u00e9l\u00e9vateurs et les syst\u00e8mes de charge, combinant une technologie de nouvelle g\u00e9n\u00e9ration avec un mat\u00e9riel convivial pour optimiser votre flotte.\" \/>\n<meta name=\"robots\" content=\"index, follow, max-snippet:-1, max-image-preview:large, max-video-preview:-1\" \/>\n<link rel=\"canonical\" href=\"https:\/\/act-chargers.com\/fr\/\" \/>\n<meta property=\"og:locale\" content=\"fr_FR\" \/>\n<meta property=\"og:type\" content=\"article\" \/>\n<meta property=\"og:title\" content=\"ACT Advanced Charging\u00a0Technologies - Advanced Charging Technologies\" \/>\n<meta property=\"og:description\" content=\"Am\u00e9liorez vos op\u00e9rations d&#039;entreposage gr\u00e2ce aux technologies de charge avanc\u00e9es. Nous sommes les premiers \u00e0 proposer des solutions int\u00e9gr\u00e9es pour les batteries de chariots \u00e9l\u00e9vateurs et les syst\u00e8mes de charge, combinant une technologie de nouvelle g\u00e9n\u00e9ration avec un mat\u00e9riel convivial pour optimiser votre flotte.\" \/>\n<meta property=\"og:url\" content=\"https:\/\/act-chargers.com\/fr\/\" \/>\n<meta property=\"og:site_name\" content=\"ACT Advanced Charging\u00a0Technologies\" \/>\n<meta property=\"article:modified_time\" content=\"2023-09-26T15:36:24+00:00\" \/>\n<meta name=\"twitter:card\" content=\"summary_large_image\" \/>\n<script type=\"application\/ld+json\" class=\"yoast-schema-graph\">{\"@context\":\"https:\/\/schema.org\",\"@graph\":[{\"@type\":\"WebPage\",\"@id\":\"https:\/\/act-chargers.com\/fr\/\",\"url\":\"https:\/\/act-chargers.com\/fr\/\",\"name\":\"ACT Advanced Charging\u00a0Technologies - Advanced Charging Technologies\",\"isPartOf\":{\"@id\":\"https:\/\/act-chargers.com\/fr\/#website\"},\"datePublished\":\"2016-05-10T03:48:21+00:00\",\"dateModified\":\"2023-09-26T15:36:24+00:00\",\"description\":\"Am\u00e9liorez vos op\u00e9rations d'entreposage gr\u00e2ce aux technologies de charge avanc\u00e9es. Nous sommes les premiers \u00e0 proposer des solutions int\u00e9gr\u00e9es pour les batteries de chariots \u00e9l\u00e9vateurs et les syst\u00e8mes de charge, combinant une technologie de nouvelle g\u00e9n\u00e9ration avec un mat\u00e9riel convivial pour optimiser votre flotte.\",\"breadcrumb\":{\"@id\":\"https:\/\/act-chargers.com\/fr\/#breadcrumb\"},\"inLanguage\":\"fr-FR\",\"potentialAction\":[{\"@type\":\"ReadAction\",\"target\":[\"https:\/\/act-chargers.com\/fr\/\"]}]},{\"@type\":\"BreadcrumbList\",\"@id\":\"https:\/\/act-chargers.com\/fr\/#breadcrumb\",\"itemListElement\":[{\"@type\":\"ListItem\",\"position\":1,\"name\":\"Home\",\"item\":\"https:\/\/act-chargers.com\/fr\/accueil\/\"},{\"@type\":\"ListItem\",\"position\":2,\"name\":\"Accueil\"}]},{\"@type\":\"WebSite\",\"@id\":\"https:\/\/act-chargers.com\/fr\/#website\",\"url\":\"https:\/\/act-chargers.com\/fr\/\",\"name\":\"ACT Chargers\",\"description\":\"\",\"publisher\":{\"@id\":\"https:\/\/act-chargers.com\/fr\/#organization\"},\"potentialAction\":[{\"@type\":\"SearchAction\",\"target\":{\"@type\":\"EntryPoint\",\"urlTemplate\":\"https:\/\/act-chargers.com\/fr\/?s={search_term_string}\"},\"query-input\":{\"@type\":\"PropertyValueSpecification\",\"valueRequired\":true,\"valueName\":\"search_term_string\"}}],\"inLanguage\":\"fr-FR\"},{\"@type\":\"Organization\",\"@id\":\"https:\/\/act-chargers.com\/fr\/#organization\",\"name\":\"ACT Chargers\",\"url\":\"https:\/\/act-chargers.com\/fr\/\",\"logo\":{\"@type\":\"ImageObject\",\"inLanguage\":\"fr-FR\",\"@id\":\"https:\/\/act-chargers.com\/fr\/#\/schema\/logo\/image\/\",\"url\":\"https:\/\/act-chargers.com\/wp-content\/uploads\/2023\/09\/ACT-Inverse-Horizontal-Logo-on-Dark-Blue-1600x1600-1.png\",\"contentUrl\":\"https:\/\/act-chargers.com\/wp-content\/uploads\/2023\/09\/ACT-Inverse-Horizontal-Logo-on-Dark-Blue-1600x1600-1.png\",\"width\":1600,\"height\":1600,\"caption\":\"ACT Chargers\"},\"image\":{\"@id\":\"https:\/\/act-chargers.com\/fr\/#\/schema\/logo\/image\/\"}}]}<\/script>\n<!-- \/ Yoast SEO plugin. -->","yoast_head_json":{"title":"ACT Advanced Charging\u00a0Technologies - Advanced Charging Technologies","description":"Am\u00e9liorez vos op\u00e9rations d'entreposage gr\u00e2ce aux technologies de charge avanc\u00e9es. Nous sommes les premiers \u00e0 proposer des solutions int\u00e9gr\u00e9es pour les batteries de chariots \u00e9l\u00e9vateurs et les syst\u00e8mes de charge, combinant une technologie de nouvelle g\u00e9n\u00e9ration avec un mat\u00e9riel convivial pour optimiser votre flotte.","robots":{"index":"index","follow":"follow","max-snippet":"max-snippet:-1","max-image-preview":"max-image-preview:large","max-video-preview":"max-video-preview:-1"},"canonical":"https:\/\/act-chargers.com\/fr\/","og_locale":"fr_FR","og_type":"article","og_title":"ACT Advanced Charging\u00a0Technologies - Advanced Charging Technologies","og_description":"Am\u00e9liorez vos op\u00e9rations d'entreposage gr\u00e2ce aux technologies de charge avanc\u00e9es. Nous sommes les premiers \u00e0 proposer des solutions int\u00e9gr\u00e9es pour les batteries de chariots \u00e9l\u00e9vateurs et les syst\u00e8mes de charge, combinant une technologie de nouvelle g\u00e9n\u00e9ration avec un mat\u00e9riel convivial pour optimiser votre flotte.","og_url":"https:\/\/act-chargers.com\/fr\/","og_site_name":"ACT Advanced Charging\u00a0Technologies","article_modified_time":"2023-09-26T15:36:24+00:00","twitter_card":"summary_large_image","schema":{"@context":"https:\/\/schema.org","@graph":[{"@type":"WebPage","@id":"https:\/\/act-chargers.com\/fr\/","url":"https:\/\/act-chargers.com\/fr\/","name":"ACT Advanced Charging\u00a0Technologies - Advanced Charging Technologies","isPartOf":{"@id":"https:\/\/act-chargers.com\/fr\/#website"},"datePublished":"2016-05-10T03:48:21+00:00","dateModified":"2023-09-26T15:36:24+00:00","description":"Am\u00e9liorez vos op\u00e9rations d'entreposage gr\u00e2ce aux technologies de charge avanc\u00e9es. Nous sommes les premiers \u00e0 proposer des solutions int\u00e9gr\u00e9es pour les batteries de chariots \u00e9l\u00e9vateurs et les syst\u00e8mes de charge, combinant une technologie de nouvelle g\u00e9n\u00e9ration avec un mat\u00e9riel convivial pour optimiser votre flotte.","breadcrumb":{"@id":"https:\/\/act-chargers.com\/fr\/#breadcrumb"},"inLanguage":"fr-FR","potentialAction":[{"@type":"ReadAction","target":["https:\/\/act-chargers.com\/fr\/"]}]},{"@type":"BreadcrumbList","@id":"https:\/\/act-chargers.com\/fr\/#breadcrumb","itemListElement":[{"@type":"ListItem","position":1,"name":"Home","item":"https:\/\/act-chargers.com\/fr\/accueil\/"},{"@type":"ListItem","position":2,"name":"Accueil"}]},{"@type":"WebSite","@id":"https:\/\/act-chargers.com\/fr\/#website","url":"https:\/\/act-chargers.com\/fr\/","name":"ACT Chargers","description":"","publisher":{"@id":"https:\/\/act-chargers.com\/fr\/#organization"},"potentialAction":[{"@type":"SearchAction","target":{"@type":"EntryPoint","urlTemplate":"https:\/\/act-chargers.com\/fr\/?s={search_term_string}"},"query-input":{"@type":"PropertyValueSpecification","valueRequired":true,"valueName":"search_term_string"}}],"inLanguage":"fr-FR"},{"@type":"Organization","@id":"https:\/\/act-chargers.com\/fr\/#organization","name":"ACT Chargers","url":"https:\/\/act-chargers.com\/fr\/","logo":{"@type":"ImageObject","inLanguage":"fr-FR","@id":"https:\/\/act-chargers.com\/fr\/#\/schema\/logo\/image\/","url":"https:\/\/act-chargers.com\/wp-content\/uploads\/2023\/09\/ACT-Inverse-Horizontal-Logo-on-Dark-Blue-1600x1600-1.png","contentUrl":"https:\/\/act-chargers.com\/wp-content\/uploads\/2023\/09\/ACT-Inverse-Horizontal-Logo-on-Dark-Blue-1600x1600-1.png","width":1600,"height":1600,"caption":"ACT Chargers"},"image":{"@id":"https:\/\/act-chargers.com\/fr\/#\/schema\/logo\/image\/"}}]}},"_links":{"self":[{"href":"https:\/\/act-chargers.com\/fr\/wp-json\/wp\/v2\/pages\/974","targetHints":{"allow":["GET"]}}],"collection":[{"href":"https:\/\/act-chargers.com\/fr\/wp-json\/wp\/v2\/pages"}],"about":[{"href":"https:\/\/act-chargers.com\/fr\/wp-json\/wp\/v2\/types\/page"}],"author":[{"embeddable":true,"href":"https:\/\/act-chargers.com\/fr\/wp-json\/wp\/v2\/users\/1"}],"replies":[{"embeddable":true,"href":"https:\/\/act-chargers.com\/fr\/wp-json\/wp\/v2\/comments?post=974"}],"version-history":[{"count":0,"href":"https:\/\/act-chargers.com\/fr\/wp-json\/wp\/v2\/pages\/974\/revisions"}],"wp:attachment":[{"href":"https:\/\/act-chargers.com\/fr\/wp-json\/wp\/v2\/media?parent=974"}],"curies":[{"name":"wp","href":"https:\/\/api.w.org\/{rel}","templated":true}]}}