{"id":983,"date":"2023-08-05T17:42:41","date_gmt":"2023-08-05T17:42:41","guid":{"rendered":"https:\/\/actchargers.wpengine.com\/etudes-de-cas\/"},"modified":"2024-07-23T20:10:20","modified_gmt":"2024-07-23T20:10:20","slug":"etudes-de-cas","status":"publish","type":"page","link":"https:\/\/act-chargers.com\/fr\/etudes-de-cas\/","title":{"rendered":"\u00c9tudes de cas"},"content":{"rendered":"","protected":false},"excerpt":{"rendered":"","protected":false},"author":1,"featured_media":0,"parent":0,"menu_order":0,"comment_status":"closed","ping_status":"closed","template":"template-pages\/case.php","meta":{"footnotes":""},"class_list":["post-983","page","type-page","status-publish","hentry"],"acf":[],"yoast_head":"<!-- This site is optimized with the Yoast SEO plugin v26.6 - https:\/\/yoast.com\/wordpress\/plugins\/seo\/ -->\n<title>Explorer les \u00e9tudes de cas -ACT Advanced Charging\u00a0Technologies%%.<\/title>\n<meta name=\"description\" content=\"D\u00e9couvrez nos \u00e9tudes de cas convaincantes qui d\u00e9montrent l&#039;impact r\u00e9el des solutions innovantes d&#039;Advanced Charging Technologies. D\u00e9couvrez comment nous avons aid\u00e9 les entreprises \u00e0 am\u00e9liorer leurs op\u00e9rations, \u00e0 r\u00e9duire leurs co\u00fbts et \u00e0 contribuer au d\u00e9veloppement durable gr\u00e2ce \u00e0 nos technologies de pointe en mati\u00e8re de gestion et de chargement des batteries.\" \/>\n<meta name=\"robots\" content=\"index, follow, max-snippet:-1, max-image-preview:large, max-video-preview:-1\" \/>\n<link rel=\"canonical\" href=\"https:\/\/act-chargers.com\/fr\/etudes-de-cas\/\" \/>\n<meta property=\"og:locale\" content=\"fr_FR\" \/>\n<meta property=\"og:type\" content=\"article\" \/>\n<meta property=\"og:title\" content=\"Explorer les \u00e9tudes de cas -ACT Advanced Charging\u00a0Technologies%%.\" \/>\n<meta property=\"og:description\" content=\"D\u00e9couvrez nos \u00e9tudes de cas convaincantes qui d\u00e9montrent l&#039;impact r\u00e9el des solutions innovantes d&#039;Advanced Charging Technologies. D\u00e9couvrez comment nous avons aid\u00e9 les entreprises \u00e0 am\u00e9liorer leurs op\u00e9rations, \u00e0 r\u00e9duire leurs co\u00fbts et \u00e0 contribuer au d\u00e9veloppement durable gr\u00e2ce \u00e0 nos technologies de pointe en mati\u00e8re de gestion et de chargement des batteries.\" \/>\n<meta property=\"og:url\" content=\"https:\/\/act-chargers.com\/fr\/etudes-de-cas\/\" \/>\n<meta property=\"og:site_name\" content=\"ACT Advanced Charging\u00a0Technologies\" \/>\n<meta property=\"article:modified_time\" content=\"2024-07-23T20:10:20+00:00\" \/>\n<meta name=\"twitter:card\" content=\"summary_large_image\" \/>\n<script type=\"application\/ld+json\" class=\"yoast-schema-graph\">{\"@context\":\"https:\/\/schema.org\",\"@graph\":[{\"@type\":\"WebPage\",\"@id\":\"https:\/\/act-chargers.com\/fr\/etudes-de-cas\/\",\"url\":\"https:\/\/act-chargers.com\/fr\/etudes-de-cas\/\",\"name\":\"Explorer les \u00e9tudes de cas -ACT Advanced Charging\u00a0Technologies%%.\",\"isPartOf\":{\"@id\":\"https:\/\/act-chargers.com\/fr\/#website\"},\"datePublished\":\"2023-08-05T17:42:41+00:00\",\"dateModified\":\"2024-07-23T20:10:20+00:00\",\"description\":\"D\u00e9couvrez nos \u00e9tudes de cas convaincantes qui d\u00e9montrent l'impact r\u00e9el des solutions innovantes d'Advanced Charging Technologies. D\u00e9couvrez comment nous avons aid\u00e9 les entreprises \u00e0 am\u00e9liorer leurs op\u00e9rations, \u00e0 r\u00e9duire leurs co\u00fbts et \u00e0 contribuer au d\u00e9veloppement durable gr\u00e2ce \u00e0 nos technologies de pointe en mati\u00e8re de gestion et de chargement des batteries.\",\"breadcrumb\":{\"@id\":\"https:\/\/act-chargers.com\/fr\/etudes-de-cas\/#breadcrumb\"},\"inLanguage\":\"fr-FR\",\"potentialAction\":[{\"@type\":\"ReadAction\",\"target\":[\"https:\/\/act-chargers.com\/fr\/etudes-de-cas\/\"]}]},{\"@type\":\"BreadcrumbList\",\"@id\":\"https:\/\/act-chargers.com\/fr\/etudes-de-cas\/#breadcrumb\",\"itemListElement\":[{\"@type\":\"ListItem\",\"position\":1,\"name\":\"Home\",\"item\":\"https:\/\/act-chargers.com\/fr\/accueil\/\"},{\"@type\":\"ListItem\",\"position\":2,\"name\":\"\u00c9tudes de cas\"}]},{\"@type\":\"WebSite\",\"@id\":\"https:\/\/act-chargers.com\/fr\/#website\",\"url\":\"https:\/\/act-chargers.com\/fr\/\",\"name\":\"ACT Chargers\",\"description\":\"\",\"publisher\":{\"@id\":\"https:\/\/act-chargers.com\/fr\/#organization\"},\"potentialAction\":[{\"@type\":\"SearchAction\",\"target\":{\"@type\":\"EntryPoint\",\"urlTemplate\":\"https:\/\/act-chargers.com\/fr\/?s={search_term_string}\"},\"query-input\":{\"@type\":\"PropertyValueSpecification\",\"valueRequired\":true,\"valueName\":\"search_term_string\"}}],\"inLanguage\":\"fr-FR\"},{\"@type\":\"Organization\",\"@id\":\"https:\/\/act-chargers.com\/fr\/#organization\",\"name\":\"ACT Chargers\",\"url\":\"https:\/\/act-chargers.com\/fr\/\",\"logo\":{\"@type\":\"ImageObject\",\"inLanguage\":\"fr-FR\",\"@id\":\"https:\/\/act-chargers.com\/fr\/#\/schema\/logo\/image\/\",\"url\":\"https:\/\/act-chargers.com\/wp-content\/uploads\/2023\/09\/ACT-Inverse-Horizontal-Logo-on-Dark-Blue-1600x1600-1.png\",\"contentUrl\":\"https:\/\/act-chargers.com\/wp-content\/uploads\/2023\/09\/ACT-Inverse-Horizontal-Logo-on-Dark-Blue-1600x1600-1.png\",\"width\":1600,\"height\":1600,\"caption\":\"ACT Chargers\"},\"image\":{\"@id\":\"https:\/\/act-chargers.com\/fr\/#\/schema\/logo\/image\/\"}}]}<\/script>\n<!-- \/ Yoast SEO plugin. -->","yoast_head_json":{"title":"Explorer les \u00e9tudes de cas -ACT Advanced Charging\u00a0Technologies%%.","description":"D\u00e9couvrez nos \u00e9tudes de cas convaincantes qui d\u00e9montrent l'impact r\u00e9el des solutions innovantes d'Advanced Charging Technologies. D\u00e9couvrez comment nous avons aid\u00e9 les entreprises \u00e0 am\u00e9liorer leurs op\u00e9rations, \u00e0 r\u00e9duire leurs co\u00fbts et \u00e0 contribuer au d\u00e9veloppement durable gr\u00e2ce \u00e0 nos technologies de pointe en mati\u00e8re de gestion et de chargement des batteries.","robots":{"index":"index","follow":"follow","max-snippet":"max-snippet:-1","max-image-preview":"max-image-preview:large","max-video-preview":"max-video-preview:-1"},"canonical":"https:\/\/act-chargers.com\/fr\/etudes-de-cas\/","og_locale":"fr_FR","og_type":"article","og_title":"Explorer les \u00e9tudes de cas -ACT Advanced Charging\u00a0Technologies%%.","og_description":"D\u00e9couvrez nos \u00e9tudes de cas convaincantes qui d\u00e9montrent l'impact r\u00e9el des solutions innovantes d'Advanced Charging Technologies. D\u00e9couvrez comment nous avons aid\u00e9 les entreprises \u00e0 am\u00e9liorer leurs op\u00e9rations, \u00e0 r\u00e9duire leurs co\u00fbts et \u00e0 contribuer au d\u00e9veloppement durable gr\u00e2ce \u00e0 nos technologies de pointe en mati\u00e8re de gestion et de chargement des batteries.","og_url":"https:\/\/act-chargers.com\/fr\/etudes-de-cas\/","og_site_name":"ACT Advanced Charging\u00a0Technologies","article_modified_time":"2024-07-23T20:10:20+00:00","twitter_card":"summary_large_image","schema":{"@context":"https:\/\/schema.org","@graph":[{"@type":"WebPage","@id":"https:\/\/act-chargers.com\/fr\/etudes-de-cas\/","url":"https:\/\/act-chargers.com\/fr\/etudes-de-cas\/","name":"Explorer les \u00e9tudes de cas -ACT Advanced Charging\u00a0Technologies%%.","isPartOf":{"@id":"https:\/\/act-chargers.com\/fr\/#website"},"datePublished":"2023-08-05T17:42:41+00:00","dateModified":"2024-07-23T20:10:20+00:00","description":"D\u00e9couvrez nos \u00e9tudes de cas convaincantes qui d\u00e9montrent l'impact r\u00e9el des solutions innovantes d'Advanced Charging Technologies. D\u00e9couvrez comment nous avons aid\u00e9 les entreprises \u00e0 am\u00e9liorer leurs op\u00e9rations, \u00e0 r\u00e9duire leurs co\u00fbts et \u00e0 contribuer au d\u00e9veloppement durable gr\u00e2ce \u00e0 nos technologies de pointe en mati\u00e8re de gestion et de chargement des batteries.","breadcrumb":{"@id":"https:\/\/act-chargers.com\/fr\/etudes-de-cas\/#breadcrumb"},"inLanguage":"fr-FR","potentialAction":[{"@type":"ReadAction","target":["https:\/\/act-chargers.com\/fr\/etudes-de-cas\/"]}]},{"@type":"BreadcrumbList","@id":"https:\/\/act-chargers.com\/fr\/etudes-de-cas\/#breadcrumb","itemListElement":[{"@type":"ListItem","position":1,"name":"Home","item":"https:\/\/act-chargers.com\/fr\/accueil\/"},{"@type":"ListItem","position":2,"name":"\u00c9tudes de cas"}]},{"@type":"WebSite","@id":"https:\/\/act-chargers.com\/fr\/#website","url":"https:\/\/act-chargers.com\/fr\/","name":"ACT Chargers","description":"","publisher":{"@id":"https:\/\/act-chargers.com\/fr\/#organization"},"potentialAction":[{"@type":"SearchAction","target":{"@type":"EntryPoint","urlTemplate":"https:\/\/act-chargers.com\/fr\/?s={search_term_string}"},"query-input":{"@type":"PropertyValueSpecification","valueRequired":true,"valueName":"search_term_string"}}],"inLanguage":"fr-FR"},{"@type":"Organization","@id":"https:\/\/act-chargers.com\/fr\/#organization","name":"ACT Chargers","url":"https:\/\/act-chargers.com\/fr\/","logo":{"@type":"ImageObject","inLanguage":"fr-FR","@id":"https:\/\/act-chargers.com\/fr\/#\/schema\/logo\/image\/","url":"https:\/\/act-chargers.com\/wp-content\/uploads\/2023\/09\/ACT-Inverse-Horizontal-Logo-on-Dark-Blue-1600x1600-1.png","contentUrl":"https:\/\/act-chargers.com\/wp-content\/uploads\/2023\/09\/ACT-Inverse-Horizontal-Logo-on-Dark-Blue-1600x1600-1.png","width":1600,"height":1600,"caption":"ACT Chargers"},"image":{"@id":"https:\/\/act-chargers.com\/fr\/#\/schema\/logo\/image\/"}}]}},"_links":{"self":[{"href":"https:\/\/act-chargers.com\/fr\/wp-json\/wp\/v2\/pages\/983","targetHints":{"allow":["GET"]}}],"collection":[{"href":"https:\/\/act-chargers.com\/fr\/wp-json\/wp\/v2\/pages"}],"about":[{"href":"https:\/\/act-chargers.com\/fr\/wp-json\/wp\/v2\/types\/page"}],"author":[{"embeddable":true,"href":"https:\/\/act-chargers.com\/fr\/wp-json\/wp\/v2\/users\/1"}],"replies":[{"embeddable":true,"href":"https:\/\/act-chargers.com\/fr\/wp-json\/wp\/v2\/comments?post=983"}],"version-history":[{"count":0,"href":"https:\/\/act-chargers.com\/fr\/wp-json\/wp\/v2\/pages\/983\/revisions"}],"wp:attachment":[{"href":"https:\/\/act-chargers.com\/fr\/wp-json\/wp\/v2\/media?parent=983"}],"curies":[{"name":"wp","href":"https:\/\/api.w.org\/{rel}","templated":true}]}}