{"id":984,"date":"2023-08-05T17:42:22","date_gmt":"2023-08-05T17:42:22","guid":{"rendered":"https:\/\/actchargers.wpengine.com\/solutions\/"},"modified":"2023-09-22T16:08:12","modified_gmt":"2023-09-22T16:08:12","slug":"solutions","status":"publish","type":"page","link":"https:\/\/act-chargers.com\/fr\/solutions\/","title":{"rendered":"Solutions"},"content":{"rendered":"","protected":false},"excerpt":{"rendered":"","protected":false},"author":1,"featured_media":0,"parent":0,"menu_order":0,"comment_status":"closed","ping_status":"closed","template":"","meta":{"footnotes":""},"class_list":["post-984","page","type-page","status-publish","hentry"],"acf":[],"yoast_head":"<!-- This site is optimized with the Yoast SEO plugin v26.6 - https:\/\/yoast.com\/wordpress\/plugins\/seo\/ -->\n<title>Unleashing Solutons - ACT Advanced Charging\u00a0Technologies<\/title>\n<meta name=\"description\" content=\"D\u00e9couvrez les solutions bas\u00e9es sur les donn\u00e9es d&#039;ACT pour votre flotte de v\u00e9hicules \u00e0 moteur. Gr\u00e2ce \u00e0 notre plateforme de charge et de surveillance des batteries industrielles intelligentes enti\u00e8rement int\u00e9gr\u00e9e, nous vous aidons \u00e0 exploiter le contr\u00f4le bas\u00e9 sur le cloud, \u00e0 maximiser la valeur des actifs et \u00e0 exploiter de nouvelles opportunit\u00e9s d&#039;\u00e9conomie d&#039;\u00e9nergie. Augmenter la productivit\u00e9, r\u00e9duire les co\u00fbts et les \u00e9missions avec ACT.\" \/>\n<meta name=\"robots\" content=\"index, follow, max-snippet:-1, max-image-preview:large, max-video-preview:-1\" \/>\n<link rel=\"canonical\" href=\"https:\/\/act-chargers.com\/fr\/solutions\/\" \/>\n<meta property=\"og:locale\" content=\"fr_FR\" \/>\n<meta property=\"og:type\" content=\"article\" \/>\n<meta property=\"og:title\" content=\"Unleashing Solutons - ACT Advanced Charging\u00a0Technologies\" \/>\n<meta property=\"og:description\" content=\"D\u00e9couvrez les solutions bas\u00e9es sur les donn\u00e9es d&#039;ACT pour votre flotte de v\u00e9hicules \u00e0 moteur. Gr\u00e2ce \u00e0 notre plateforme de charge et de surveillance des batteries industrielles intelligentes enti\u00e8rement int\u00e9gr\u00e9e, nous vous aidons \u00e0 exploiter le contr\u00f4le bas\u00e9 sur le cloud, \u00e0 maximiser la valeur des actifs et \u00e0 exploiter de nouvelles opportunit\u00e9s d&#039;\u00e9conomie d&#039;\u00e9nergie. Augmenter la productivit\u00e9, r\u00e9duire les co\u00fbts et les \u00e9missions avec ACT.\" \/>\n<meta property=\"og:url\" content=\"https:\/\/act-chargers.com\/fr\/solutions\/\" \/>\n<meta property=\"og:site_name\" content=\"ACT Advanced Charging\u00a0Technologies\" \/>\n<meta property=\"article:modified_time\" content=\"2023-09-22T16:08:12+00:00\" \/>\n<meta name=\"twitter:card\" content=\"summary_large_image\" \/>\n<script type=\"application\/ld+json\" class=\"yoast-schema-graph\">{\"@context\":\"https:\/\/schema.org\",\"@graph\":[{\"@type\":\"WebPage\",\"@id\":\"https:\/\/act-chargers.com\/fr\/solutions\/\",\"url\":\"https:\/\/act-chargers.com\/fr\/solutions\/\",\"name\":\"Unleashing Solutons - ACT Advanced Charging\u00a0Technologies\",\"isPartOf\":{\"@id\":\"https:\/\/act-chargers.com\/fr\/#website\"},\"datePublished\":\"2023-08-05T17:42:22+00:00\",\"dateModified\":\"2023-09-22T16:08:12+00:00\",\"description\":\"D\u00e9couvrez les solutions bas\u00e9es sur les donn\u00e9es d'ACT pour votre flotte de v\u00e9hicules \u00e0 moteur. Gr\u00e2ce \u00e0 notre plateforme de charge et de surveillance des batteries industrielles intelligentes enti\u00e8rement int\u00e9gr\u00e9e, nous vous aidons \u00e0 exploiter le contr\u00f4le bas\u00e9 sur le cloud, \u00e0 maximiser la valeur des actifs et \u00e0 exploiter de nouvelles opportunit\u00e9s d'\u00e9conomie d'\u00e9nergie. Augmenter la productivit\u00e9, r\u00e9duire les co\u00fbts et les \u00e9missions avec ACT.\",\"breadcrumb\":{\"@id\":\"https:\/\/act-chargers.com\/fr\/solutions\/#breadcrumb\"},\"inLanguage\":\"fr-FR\",\"potentialAction\":[{\"@type\":\"ReadAction\",\"target\":[\"https:\/\/act-chargers.com\/fr\/solutions\/\"]}]},{\"@type\":\"BreadcrumbList\",\"@id\":\"https:\/\/act-chargers.com\/fr\/solutions\/#breadcrumb\",\"itemListElement\":[{\"@type\":\"ListItem\",\"position\":1,\"name\":\"Home\",\"item\":\"https:\/\/act-chargers.com\/fr\/accueil\/\"},{\"@type\":\"ListItem\",\"position\":2,\"name\":\"Solutions\"}]},{\"@type\":\"WebSite\",\"@id\":\"https:\/\/act-chargers.com\/fr\/#website\",\"url\":\"https:\/\/act-chargers.com\/fr\/\",\"name\":\"ACT Chargers\",\"description\":\"\",\"publisher\":{\"@id\":\"https:\/\/act-chargers.com\/fr\/#organization\"},\"potentialAction\":[{\"@type\":\"SearchAction\",\"target\":{\"@type\":\"EntryPoint\",\"urlTemplate\":\"https:\/\/act-chargers.com\/fr\/?s={search_term_string}\"},\"query-input\":{\"@type\":\"PropertyValueSpecification\",\"valueRequired\":true,\"valueName\":\"search_term_string\"}}],\"inLanguage\":\"fr-FR\"},{\"@type\":\"Organization\",\"@id\":\"https:\/\/act-chargers.com\/fr\/#organization\",\"name\":\"ACT Chargers\",\"url\":\"https:\/\/act-chargers.com\/fr\/\",\"logo\":{\"@type\":\"ImageObject\",\"inLanguage\":\"fr-FR\",\"@id\":\"https:\/\/act-chargers.com\/fr\/#\/schema\/logo\/image\/\",\"url\":\"https:\/\/act-chargers.com\/wp-content\/uploads\/2023\/09\/ACT-Inverse-Horizontal-Logo-on-Dark-Blue-1600x1600-1.png\",\"contentUrl\":\"https:\/\/act-chargers.com\/wp-content\/uploads\/2023\/09\/ACT-Inverse-Horizontal-Logo-on-Dark-Blue-1600x1600-1.png\",\"width\":1600,\"height\":1600,\"caption\":\"ACT Chargers\"},\"image\":{\"@id\":\"https:\/\/act-chargers.com\/fr\/#\/schema\/logo\/image\/\"}}]}<\/script>\n<!-- \/ Yoast SEO plugin. -->","yoast_head_json":{"title":"Unleashing Solutons - ACT Advanced Charging\u00a0Technologies","description":"D\u00e9couvrez les solutions bas\u00e9es sur les donn\u00e9es d'ACT pour votre flotte de v\u00e9hicules \u00e0 moteur. Gr\u00e2ce \u00e0 notre plateforme de charge et de surveillance des batteries industrielles intelligentes enti\u00e8rement int\u00e9gr\u00e9e, nous vous aidons \u00e0 exploiter le contr\u00f4le bas\u00e9 sur le cloud, \u00e0 maximiser la valeur des actifs et \u00e0 exploiter de nouvelles opportunit\u00e9s d'\u00e9conomie d'\u00e9nergie. Augmenter la productivit\u00e9, r\u00e9duire les co\u00fbts et les \u00e9missions avec ACT.","robots":{"index":"index","follow":"follow","max-snippet":"max-snippet:-1","max-image-preview":"max-image-preview:large","max-video-preview":"max-video-preview:-1"},"canonical":"https:\/\/act-chargers.com\/fr\/solutions\/","og_locale":"fr_FR","og_type":"article","og_title":"Unleashing Solutons - ACT Advanced Charging\u00a0Technologies","og_description":"D\u00e9couvrez les solutions bas\u00e9es sur les donn\u00e9es d'ACT pour votre flotte de v\u00e9hicules \u00e0 moteur. Gr\u00e2ce \u00e0 notre plateforme de charge et de surveillance des batteries industrielles intelligentes enti\u00e8rement int\u00e9gr\u00e9e, nous vous aidons \u00e0 exploiter le contr\u00f4le bas\u00e9 sur le cloud, \u00e0 maximiser la valeur des actifs et \u00e0 exploiter de nouvelles opportunit\u00e9s d'\u00e9conomie d'\u00e9nergie. Augmenter la productivit\u00e9, r\u00e9duire les co\u00fbts et les \u00e9missions avec ACT.","og_url":"https:\/\/act-chargers.com\/fr\/solutions\/","og_site_name":"ACT Advanced Charging\u00a0Technologies","article_modified_time":"2023-09-22T16:08:12+00:00","twitter_card":"summary_large_image","schema":{"@context":"https:\/\/schema.org","@graph":[{"@type":"WebPage","@id":"https:\/\/act-chargers.com\/fr\/solutions\/","url":"https:\/\/act-chargers.com\/fr\/solutions\/","name":"Unleashing Solutons - ACT Advanced Charging\u00a0Technologies","isPartOf":{"@id":"https:\/\/act-chargers.com\/fr\/#website"},"datePublished":"2023-08-05T17:42:22+00:00","dateModified":"2023-09-22T16:08:12+00:00","description":"D\u00e9couvrez les solutions bas\u00e9es sur les donn\u00e9es d'ACT pour votre flotte de v\u00e9hicules \u00e0 moteur. Gr\u00e2ce \u00e0 notre plateforme de charge et de surveillance des batteries industrielles intelligentes enti\u00e8rement int\u00e9gr\u00e9e, nous vous aidons \u00e0 exploiter le contr\u00f4le bas\u00e9 sur le cloud, \u00e0 maximiser la valeur des actifs et \u00e0 exploiter de nouvelles opportunit\u00e9s d'\u00e9conomie d'\u00e9nergie. Augmenter la productivit\u00e9, r\u00e9duire les co\u00fbts et les \u00e9missions avec ACT.","breadcrumb":{"@id":"https:\/\/act-chargers.com\/fr\/solutions\/#breadcrumb"},"inLanguage":"fr-FR","potentialAction":[{"@type":"ReadAction","target":["https:\/\/act-chargers.com\/fr\/solutions\/"]}]},{"@type":"BreadcrumbList","@id":"https:\/\/act-chargers.com\/fr\/solutions\/#breadcrumb","itemListElement":[{"@type":"ListItem","position":1,"name":"Home","item":"https:\/\/act-chargers.com\/fr\/accueil\/"},{"@type":"ListItem","position":2,"name":"Solutions"}]},{"@type":"WebSite","@id":"https:\/\/act-chargers.com\/fr\/#website","url":"https:\/\/act-chargers.com\/fr\/","name":"ACT Chargers","description":"","publisher":{"@id":"https:\/\/act-chargers.com\/fr\/#organization"},"potentialAction":[{"@type":"SearchAction","target":{"@type":"EntryPoint","urlTemplate":"https:\/\/act-chargers.com\/fr\/?s={search_term_string}"},"query-input":{"@type":"PropertyValueSpecification","valueRequired":true,"valueName":"search_term_string"}}],"inLanguage":"fr-FR"},{"@type":"Organization","@id":"https:\/\/act-chargers.com\/fr\/#organization","name":"ACT Chargers","url":"https:\/\/act-chargers.com\/fr\/","logo":{"@type":"ImageObject","inLanguage":"fr-FR","@id":"https:\/\/act-chargers.com\/fr\/#\/schema\/logo\/image\/","url":"https:\/\/act-chargers.com\/wp-content\/uploads\/2023\/09\/ACT-Inverse-Horizontal-Logo-on-Dark-Blue-1600x1600-1.png","contentUrl":"https:\/\/act-chargers.com\/wp-content\/uploads\/2023\/09\/ACT-Inverse-Horizontal-Logo-on-Dark-Blue-1600x1600-1.png","width":1600,"height":1600,"caption":"ACT Chargers"},"image":{"@id":"https:\/\/act-chargers.com\/fr\/#\/schema\/logo\/image\/"}}]}},"_links":{"self":[{"href":"https:\/\/act-chargers.com\/fr\/wp-json\/wp\/v2\/pages\/984","targetHints":{"allow":["GET"]}}],"collection":[{"href":"https:\/\/act-chargers.com\/fr\/wp-json\/wp\/v2\/pages"}],"about":[{"href":"https:\/\/act-chargers.com\/fr\/wp-json\/wp\/v2\/types\/page"}],"author":[{"embeddable":true,"href":"https:\/\/act-chargers.com\/fr\/wp-json\/wp\/v2\/users\/1"}],"replies":[{"embeddable":true,"href":"https:\/\/act-chargers.com\/fr\/wp-json\/wp\/v2\/comments?post=984"}],"version-history":[{"count":0,"href":"https:\/\/act-chargers.com\/fr\/wp-json\/wp\/v2\/pages\/984\/revisions"}],"wp:attachment":[{"href":"https:\/\/act-chargers.com\/fr\/wp-json\/wp\/v2\/media?parent=984"}],"curies":[{"name":"wp","href":"https:\/\/api.w.org\/{rel}","templated":true}]}}