{"id":993,"date":"2023-08-05T17:42:02","date_gmt":"2023-08-05T17:42:02","guid":{"rendered":"https:\/\/actchargers.wpengine.com\/les-medias\/"},"modified":"2023-09-22T16:08:19","modified_gmt":"2023-09-22T16:08:19","slug":"les-medias","status":"publish","type":"page","link":"https:\/\/act-chargers.com\/fr\/les-medias\/","title":{"rendered":"Les m\u00e9dias"},"content":{"rendered":"","protected":false},"excerpt":{"rendered":"","protected":false},"author":1,"featured_media":0,"parent":0,"menu_order":0,"comment_status":"closed","ping_status":"closed","template":"template-pages\/media.php","meta":{"footnotes":""},"class_list":["post-993","page","type-page","status-publish","hentry"],"acf":[],"yoast_head":"<!-- This site is optimized with the Yoast SEO plugin v26.6 - https:\/\/yoast.com\/wordpress\/plugins\/seo\/ -->\n<title>M\u00e9dias - ACT Advanced Charging\u00a0Technologies %.<\/title>\n<meta name=\"description\" content=\"D\u00e9couvrez la section m\u00e9dias d&#039;Advanced Charging Technologies pour une collection dynamique de nos documents essentiels. Acc\u00e9dez \u00e0 des brochures, des fiches techniques, des guides techniques et bien plus encore pour d\u00e9couvrir nos solutions de pointe pour les syst\u00e8mes de propulsion. Restez inform\u00e9 et tirez parti de nos ressources pour am\u00e9liorer votre efficacit\u00e9 op\u00e9rationnelle.\" \/>\n<meta name=\"robots\" content=\"index, follow, max-snippet:-1, max-image-preview:large, max-video-preview:-1\" \/>\n<link rel=\"canonical\" href=\"https:\/\/act-chargers.com\/fr\/les-medias\/\" \/>\n<meta property=\"og:locale\" content=\"fr_FR\" \/>\n<meta property=\"og:type\" content=\"article\" \/>\n<meta property=\"og:title\" content=\"M\u00e9dias - ACT Advanced Charging\u00a0Technologies %.\" \/>\n<meta property=\"og:description\" content=\"D\u00e9couvrez la section m\u00e9dias d&#039;Advanced Charging Technologies pour une collection dynamique de nos documents essentiels. Acc\u00e9dez \u00e0 des brochures, des fiches techniques, des guides techniques et bien plus encore pour d\u00e9couvrir nos solutions de pointe pour les syst\u00e8mes de propulsion. Restez inform\u00e9 et tirez parti de nos ressources pour am\u00e9liorer votre efficacit\u00e9 op\u00e9rationnelle.\" \/>\n<meta property=\"og:url\" content=\"https:\/\/act-chargers.com\/fr\/les-medias\/\" \/>\n<meta property=\"og:site_name\" content=\"ACT Advanced Charging\u00a0Technologies\" \/>\n<meta property=\"article:modified_time\" content=\"2023-09-22T16:08:19+00:00\" \/>\n<meta name=\"twitter:card\" content=\"summary_large_image\" \/>\n<script type=\"application\/ld+json\" class=\"yoast-schema-graph\">{\"@context\":\"https:\/\/schema.org\",\"@graph\":[{\"@type\":\"WebPage\",\"@id\":\"https:\/\/act-chargers.com\/fr\/les-medias\/\",\"url\":\"https:\/\/act-chargers.com\/fr\/les-medias\/\",\"name\":\"M\u00e9dias - ACT Advanced Charging\u00a0Technologies %.\",\"isPartOf\":{\"@id\":\"https:\/\/act-chargers.com\/fr\/#website\"},\"datePublished\":\"2023-08-05T17:42:02+00:00\",\"dateModified\":\"2023-09-22T16:08:19+00:00\",\"description\":\"D\u00e9couvrez la section m\u00e9dias d'Advanced Charging Technologies pour une collection dynamique de nos documents essentiels. Acc\u00e9dez \u00e0 des brochures, des fiches techniques, des guides techniques et bien plus encore pour d\u00e9couvrir nos solutions de pointe pour les syst\u00e8mes de propulsion. Restez inform\u00e9 et tirez parti de nos ressources pour am\u00e9liorer votre efficacit\u00e9 op\u00e9rationnelle.\",\"breadcrumb\":{\"@id\":\"https:\/\/act-chargers.com\/fr\/les-medias\/#breadcrumb\"},\"inLanguage\":\"fr-FR\",\"potentialAction\":[{\"@type\":\"ReadAction\",\"target\":[\"https:\/\/act-chargers.com\/fr\/les-medias\/\"]}]},{\"@type\":\"BreadcrumbList\",\"@id\":\"https:\/\/act-chargers.com\/fr\/les-medias\/#breadcrumb\",\"itemListElement\":[{\"@type\":\"ListItem\",\"position\":1,\"name\":\"Home\",\"item\":\"https:\/\/act-chargers.com\/fr\/accueil\/\"},{\"@type\":\"ListItem\",\"position\":2,\"name\":\"Les m\u00e9dias\"}]},{\"@type\":\"WebSite\",\"@id\":\"https:\/\/act-chargers.com\/fr\/#website\",\"url\":\"https:\/\/act-chargers.com\/fr\/\",\"name\":\"ACT Chargers\",\"description\":\"\",\"publisher\":{\"@id\":\"https:\/\/act-chargers.com\/fr\/#organization\"},\"potentialAction\":[{\"@type\":\"SearchAction\",\"target\":{\"@type\":\"EntryPoint\",\"urlTemplate\":\"https:\/\/act-chargers.com\/fr\/?s={search_term_string}\"},\"query-input\":{\"@type\":\"PropertyValueSpecification\",\"valueRequired\":true,\"valueName\":\"search_term_string\"}}],\"inLanguage\":\"fr-FR\"},{\"@type\":\"Organization\",\"@id\":\"https:\/\/act-chargers.com\/fr\/#organization\",\"name\":\"ACT Chargers\",\"url\":\"https:\/\/act-chargers.com\/fr\/\",\"logo\":{\"@type\":\"ImageObject\",\"inLanguage\":\"fr-FR\",\"@id\":\"https:\/\/act-chargers.com\/fr\/#\/schema\/logo\/image\/\",\"url\":\"https:\/\/act-chargers.com\/wp-content\/uploads\/2023\/09\/ACT-Inverse-Horizontal-Logo-on-Dark-Blue-1600x1600-1.png\",\"contentUrl\":\"https:\/\/act-chargers.com\/wp-content\/uploads\/2023\/09\/ACT-Inverse-Horizontal-Logo-on-Dark-Blue-1600x1600-1.png\",\"width\":1600,\"height\":1600,\"caption\":\"ACT Chargers\"},\"image\":{\"@id\":\"https:\/\/act-chargers.com\/fr\/#\/schema\/logo\/image\/\"}}]}<\/script>\n<!-- \/ Yoast SEO plugin. -->","yoast_head_json":{"title":"M\u00e9dias - ACT Advanced Charging\u00a0Technologies %.","description":"D\u00e9couvrez la section m\u00e9dias d'Advanced Charging Technologies pour une collection dynamique de nos documents essentiels. Acc\u00e9dez \u00e0 des brochures, des fiches techniques, des guides techniques et bien plus encore pour d\u00e9couvrir nos solutions de pointe pour les syst\u00e8mes de propulsion. Restez inform\u00e9 et tirez parti de nos ressources pour am\u00e9liorer votre efficacit\u00e9 op\u00e9rationnelle.","robots":{"index":"index","follow":"follow","max-snippet":"max-snippet:-1","max-image-preview":"max-image-preview:large","max-video-preview":"max-video-preview:-1"},"canonical":"https:\/\/act-chargers.com\/fr\/les-medias\/","og_locale":"fr_FR","og_type":"article","og_title":"M\u00e9dias - ACT Advanced Charging\u00a0Technologies %.","og_description":"D\u00e9couvrez la section m\u00e9dias d'Advanced Charging Technologies pour une collection dynamique de nos documents essentiels. Acc\u00e9dez \u00e0 des brochures, des fiches techniques, des guides techniques et bien plus encore pour d\u00e9couvrir nos solutions de pointe pour les syst\u00e8mes de propulsion. Restez inform\u00e9 et tirez parti de nos ressources pour am\u00e9liorer votre efficacit\u00e9 op\u00e9rationnelle.","og_url":"https:\/\/act-chargers.com\/fr\/les-medias\/","og_site_name":"ACT Advanced Charging\u00a0Technologies","article_modified_time":"2023-09-22T16:08:19+00:00","twitter_card":"summary_large_image","schema":{"@context":"https:\/\/schema.org","@graph":[{"@type":"WebPage","@id":"https:\/\/act-chargers.com\/fr\/les-medias\/","url":"https:\/\/act-chargers.com\/fr\/les-medias\/","name":"M\u00e9dias - ACT Advanced Charging\u00a0Technologies %.","isPartOf":{"@id":"https:\/\/act-chargers.com\/fr\/#website"},"datePublished":"2023-08-05T17:42:02+00:00","dateModified":"2023-09-22T16:08:19+00:00","description":"D\u00e9couvrez la section m\u00e9dias d'Advanced Charging Technologies pour une collection dynamique de nos documents essentiels. Acc\u00e9dez \u00e0 des brochures, des fiches techniques, des guides techniques et bien plus encore pour d\u00e9couvrir nos solutions de pointe pour les syst\u00e8mes de propulsion. Restez inform\u00e9 et tirez parti de nos ressources pour am\u00e9liorer votre efficacit\u00e9 op\u00e9rationnelle.","breadcrumb":{"@id":"https:\/\/act-chargers.com\/fr\/les-medias\/#breadcrumb"},"inLanguage":"fr-FR","potentialAction":[{"@type":"ReadAction","target":["https:\/\/act-chargers.com\/fr\/les-medias\/"]}]},{"@type":"BreadcrumbList","@id":"https:\/\/act-chargers.com\/fr\/les-medias\/#breadcrumb","itemListElement":[{"@type":"ListItem","position":1,"name":"Home","item":"https:\/\/act-chargers.com\/fr\/accueil\/"},{"@type":"ListItem","position":2,"name":"Les m\u00e9dias"}]},{"@type":"WebSite","@id":"https:\/\/act-chargers.com\/fr\/#website","url":"https:\/\/act-chargers.com\/fr\/","name":"ACT Chargers","description":"","publisher":{"@id":"https:\/\/act-chargers.com\/fr\/#organization"},"potentialAction":[{"@type":"SearchAction","target":{"@type":"EntryPoint","urlTemplate":"https:\/\/act-chargers.com\/fr\/?s={search_term_string}"},"query-input":{"@type":"PropertyValueSpecification","valueRequired":true,"valueName":"search_term_string"}}],"inLanguage":"fr-FR"},{"@type":"Organization","@id":"https:\/\/act-chargers.com\/fr\/#organization","name":"ACT Chargers","url":"https:\/\/act-chargers.com\/fr\/","logo":{"@type":"ImageObject","inLanguage":"fr-FR","@id":"https:\/\/act-chargers.com\/fr\/#\/schema\/logo\/image\/","url":"https:\/\/act-chargers.com\/wp-content\/uploads\/2023\/09\/ACT-Inverse-Horizontal-Logo-on-Dark-Blue-1600x1600-1.png","contentUrl":"https:\/\/act-chargers.com\/wp-content\/uploads\/2023\/09\/ACT-Inverse-Horizontal-Logo-on-Dark-Blue-1600x1600-1.png","width":1600,"height":1600,"caption":"ACT Chargers"},"image":{"@id":"https:\/\/act-chargers.com\/fr\/#\/schema\/logo\/image\/"}}]}},"_links":{"self":[{"href":"https:\/\/act-chargers.com\/fr\/wp-json\/wp\/v2\/pages\/993","targetHints":{"allow":["GET"]}}],"collection":[{"href":"https:\/\/act-chargers.com\/fr\/wp-json\/wp\/v2\/pages"}],"about":[{"href":"https:\/\/act-chargers.com\/fr\/wp-json\/wp\/v2\/types\/page"}],"author":[{"embeddable":true,"href":"https:\/\/act-chargers.com\/fr\/wp-json\/wp\/v2\/users\/1"}],"replies":[{"embeddable":true,"href":"https:\/\/act-chargers.com\/fr\/wp-json\/wp\/v2\/comments?post=993"}],"version-history":[{"count":0,"href":"https:\/\/act-chargers.com\/fr\/wp-json\/wp\/v2\/pages\/993\/revisions"}],"wp:attachment":[{"href":"https:\/\/act-chargers.com\/fr\/wp-json\/wp\/v2\/media?parent=993"}],"curies":[{"name":"wp","href":"https:\/\/api.w.org\/{rel}","templated":true}]}}